{"id":106103,"date":"2025-08-31T00:00:00","date_gmt":"2025-08-30T22:00:00","guid":{"rendered":"http:\/\/gpl-love.com\/fr\/product\/yith-woocommerce-abonnement-premium\/"},"modified":"2026-04-18T06:32:41","modified_gmt":"2026-04-18T04:32:41","slug":"yith-woocommerce-subscription-premium","status":"publish","type":"product","link":"https:\/\/gpl-love.com\/fr\/produit\/yith-woocommerce-subscription-premium\/","title":{"rendered":"YITH Subscription Premium 4.14.0"},"content":{"rendered":"<h3>YITH Subscription Premium Traits<\/h3>\n<p>Yith Abonnement Premium est un plugin exceptionnel et sophistiqu\u00e9 con\u00e7u sp\u00e9cifiquement pour les propri\u00e9taires de sites Web, leur accordant la capacit\u00e9 unique d&rsquo;\u00e9tablir et de g\u00e9rer sans effort une gamme de plans d&rsquo;abonnement. En utilisant ce plugin exceptionnel, les propri\u00e9taires de sites Web ont l&rsquo;occasion remarquable d&rsquo;offrir \u00e0 leurs clients estim\u00e9s des paiements r\u00e9currents et des renouvellements automatis\u00e9s. La fonctionnalit\u00e9 de ce plugin s&rsquo;\u00e9tend bien au-del\u00e0 des limites de la simple gestion d&rsquo;abonnement, car elle facilite de mani\u00e8re experte la cr\u00e9ation de plans d&rsquo;abonnement, l&rsquo;\u00e9tablissement de structures de prix et la fourniture de remises s\u00e9duisantes. En outre, les propri\u00e9taires de sites Web poss\u00e8dent une autonomie et une autorit\u00e9 compl\u00e8tes sur l&rsquo;ensemble du processus d&rsquo;abonnement, garantissant ainsi un niveau de contr\u00f4le in\u00e9gal\u00e9. En plus de ces fonctionnalit\u00e9s extraordinaires, Yith Abonnement Premium poss\u00e8de \u00e9galement un assortiment de capacit\u00e9s suppl\u00e9mentaires, telles que la fourniture de notifications par e-mail, la facilitation de formulaires d&rsquo;abonnement personnalisables et l&rsquo;inclusion de plusieurs options de paiement. Cette fusion remarquable des caract\u00e9ristiques garantit une exp\u00e9rience de gestion d&rsquo;abonnement impeccablement sans couture et remarquablement efficace. Il est clairement clair que la prime d&rsquo;abonnement Yith est un outil extr\u00eamement puissant et inestimable pour toute entit\u00e9 entrepreneuriale cherchant \u00e0 tirer le gain mon\u00e9taire de leur contenu, de ses produits ou services respectifs gr\u00e2ce \u00e0 l&rsquo;efficacit\u00e9 in\u00e9gal\u00e9e des paiements r\u00e9currents.<\/p>\n<ul>\n<li>Permettez aux clients de s&rsquo;abonner \u00e0 vos produits ou services<\/li>\n<li>Offrir des paiements r\u00e9currents et des renouvellements automatiques<\/li>\n<li>Personnaliser les options d&rsquo;abonnement telles que la fr\u00e9quence, la dur\u00e9e et les prix<\/li>\n<li>Suivre les performances de l&rsquo;abonnement et les donn\u00e9es client<\/li>\n<li>Offrir des r\u00e9ductions ou des offres sp\u00e9ciales aux abonn\u00e9s<\/li>\n<li>Compatible avec les passerelles de paiement populaires telles que PayPal et Stripe<\/li>\n<li>Int\u00e9grer aux plateformes de marketing par e-mail populaires comme MailChimp et Campaign Monitor<\/li>\n<li>Facile \u00e0 installer et \u00e0 utiliser avec une interface conviviale<\/li>\n<li>Option pour configurer diff\u00e9rents plans d&rsquo;abonnement pour diff\u00e9rents produits ou services.<\/li>\n<\/ul>\n","protected":false},"excerpt":{"rendered":"<p>La prime d&rsquo;abonnement Yith est un outil incroyablement robuste et tr\u00e8s efficace qui vous accorde la capacit\u00e9 exceptionnelle de cr\u00e9er et de g\u00e9rer sans effort une large gamme de plans d&rsquo;abonnement remarquablement flexibles pour votre boutique en ligne estim\u00e9e. En utilisant ce plugin vraiment exceptionnel, vous \u00eates autoris\u00e9 \u00e0 offrir gracieusement \u00e0 vos clients estim\u00e9s une gamme extr\u00eamement diversifi\u00e9e d&rsquo;options d&rsquo;abonnement, englobant des abonnements quotidiens ou hebdomadaires, ainsi que des plans mensuels ou annuels. En outre, vous avez le privil\u00e8ge extraordinaire de superviser et de g\u00e9rer avec adroitement un \u00e9ventail d&rsquo;aspects critiques, y compris des paiements r\u00e9currents, une suspension et une annulation d&rsquo;abonnements, et une multitude d&rsquo;autres fonctionnalit\u00e9s impeccablement vitales. Sans l&rsquo;ombre d&rsquo;un doute, la prime d&rsquo;abonnement Yith appara\u00eet comme la solution d\u00e9finitive et in\u00e9gal\u00e9e pour les entreprises qui cherchent avec ferveur \u00e0 g\u00e9n\u00e9rer ing\u00e9nieusement un flux constant de revenus r\u00e9currents tout en augmentant simultan\u00e9ment leurs instructions de r\u00e9tention de client\u00e8le inestimables.<\/p>\n","protected":false},"featured_media":146438,"comment_status":"open","ping_status":"closed","template":"","meta":[],"product_brand":[2487],"product_cat":[1359,1182,1181],"product_tag":[1437],"class_list":{"0":"post-106103","1":"product","2":"type-product","3":"status-publish","4":"has-post-thumbnail","6":"product_brand-yith","7":"product_cat-adhesion-commerce-electronique-plugins","8":"product_cat-commerce-electronique-plugins","9":"product_cat-plugins","10":"product_tag-yith","11":"member-discount","12":"discount-restricted","14":"first","15":"instock","16":"sale","17":"downloadable","18":"virtual","19":"sold-individually","20":"purchasable","21":"product-type-simple"},"_links":{"self":[{"href":"https:\/\/gpl-love.com\/fr\/wp-json\/wp\/v2\/product\/106103","targetHints":{"allow":["GET"]}}],"collection":[{"href":"https:\/\/gpl-love.com\/fr\/wp-json\/wp\/v2\/product"}],"about":[{"href":"https:\/\/gpl-love.com\/fr\/wp-json\/wp\/v2\/types\/product"}],"replies":[{"embeddable":true,"href":"https:\/\/gpl-love.com\/fr\/wp-json\/wp\/v2\/comments?post=106103"}],"wp:featuredmedia":[{"embeddable":true,"href":"https:\/\/gpl-love.com\/fr\/wp-json\/wp\/v2\/media\/146438"}],"wp:attachment":[{"href":"https:\/\/gpl-love.com\/fr\/wp-json\/wp\/v2\/media?parent=106103"}],"wp:term":[{"taxonomy":"product_brand","embeddable":true,"href":"https:\/\/gpl-love.com\/fr\/wp-json\/wp\/v2\/product_brand?post=106103"},{"taxonomy":"product_cat","embeddable":true,"href":"https:\/\/gpl-love.com\/fr\/wp-json\/wp\/v2\/product_cat?post=106103"},{"taxonomy":"product_tag","embeddable":true,"href":"https:\/\/gpl-love.com\/fr\/wp-json\/wp\/v2\/product_tag?post=106103"}],"curies":[{"name":"wp","href":"https:\/\/api.w.org\/{rel}","templated":true}]}}