{"id":106101,"date":"2025-08-08T00:00:00","date_gmt":"2025-08-07T22:00:00","guid":{"rendered":"http:\/\/gpl-love.com\/fr\/product\/yith-woocommerce-stripe-haut-de-gamme\/"},"modified":"2026-04-18T06:32:40","modified_gmt":"2026-04-18T04:32:40","slug":"yith-woocommerce-stripe-premium","status":"publish","type":"product","link":"https:\/\/gpl-love.com\/fr\/produit\/yith-woocommerce-stripe-premium\/","title":{"rendered":"YITH Stripe Premium 3.36.0"},"content":{"rendered":"<h3>YITH Stripe Premium Traits<\/h3>\n<p>Yith Stripe Premium, en tant que plugin de passerelle de paiement incroyablement robuste, a \u00e9t\u00e9 m\u00e9ticuleusement d\u00e9velopp\u00e9 pour offrir une simplicit\u00e9 la plus importante en ce qui concerne les transactions en ligne, fournissant ainsi une solution compl\u00e8te aux utilisateurs. En int\u00e9grant de mani\u00e8re transparente votre site Web \u00e0 Stripe, qui est de renomm\u00e9e mondiale comme l&rsquo;une des passerelles de paiement les plus importantes, ce plugin vous permet de traiter sans effort les paiements \u00e0 partir d&rsquo;un large \u00e9ventail de sources, y compris des cartes de cr\u00e9dit, des cartes de d\u00e9bit et divers autres m\u00e9thodes de paiement. De plus, tout cela est accompli gr\u00e2ce \u00e0 une interface qui non seulement assure la s\u00e9curit\u00e9 mais garantit \u00e9galement une exp\u00e9rience transparente tout au long. Les capacit\u00e9s remarquables de Yith Stripe Premium s&rsquo;\u00e9tendent pour englober des fonctionnalit\u00e9s suppl\u00e9mentaires telles que les cartes enregistr\u00e9es, les paiements en un clic et m\u00eame les remboursements automatiques, ce qui le rend un choix impeccable pour toute entreprise en ligne. En outre, la nature conviviale de ce plugin est en outre accentu\u00e9e par son interface utilisateur intuitive et la documentation \u00e9tendue \u00e0 votre disposition, vous permettant ainsi d&rsquo;\u00e9liminer votre configuration de boutique en ligne avec une opportunit\u00e9 remarquable. Que vous soyez un propri\u00e9taire de petites entreprises en herbe ou un v\u00e9t\u00e9ran exp\u00e9riment\u00e9 dans le domaine du commerce \u00e9lectronique, Yith Stripe Premium sert d&rsquo;instrument par excellence pour optimiser votre processus de paiement et propulser la croissance de votre entreprise en ligne.<\/p>\n<ul>\n<li>Permet aux utilisateurs d&rsquo;accepter les paiements via la bande de processeur de paiement populaire<\/li>\n<li>Offre un processus de configuration simple et rapide, sans codage requis<\/li>\n<li>Comprend des fonctionnalit\u00e9s telles que les cartes enregistr\u00e9es pour les paiements r\u00e9currents et les remboursements partiels<\/li>\n<li>Offre une exp\u00e9rience de paiement s\u00e9curis\u00e9e, avec cryptage SSL et conformit\u00e9 PCI<\/li>\n<li>Donne aux utilisateurs la possibilit\u00e9 de personnaliser les pages de paiement et les formulaires de paiement pour correspondre \u00e0 leur marque<\/li>\n<li>Offre des rapports d\u00e9taill\u00e9s et des analyses pour le suivi de l&rsquo;activit\u00e9 de paiement<\/li>\n<li>Permet l&rsquo;int\u00e9gration avec d&rsquo;autres plugins Yith pour une fonctionnalit\u00e9 am\u00e9lior\u00e9e<\/li>\n<li>Offre une conception r\u00e9active pour une exp\u00e9rience de paiement transparente sur le bureau et les appareils mobiles.<\/li>\n<\/ul>\n","protected":false},"excerpt":{"rendered":"<p>Yith Stripe Premium, un plugin de passerelle de paiement tr\u00e8s efficace con\u00e7u exclusivement pour WooCommerce, pr\u00e9sente une opportunit\u00e9 exceptionnelle pour les entreprises visant \u00e0 \u00e9tendre les canaux de paiement de leur site Web. Ce plugin remarquable permet l&rsquo;acceptation transparente des paiements de cartes de cr\u00e9dit directement sur votre site Web, \u00e9liminant la n\u00e9cessit\u00e9 pour les clients d&rsquo;\u00eatre redirig\u00e9s vers des plates-formes de paiement externes. En int\u00e9grant parfaitement la plate-forme Stripe renomm\u00e9e, r\u00e9put\u00e9e pour sa fiabilit\u00e9 et sa s\u00e9curit\u00e9, Yith Stripe Premium garantit un syst\u00e8me de traitement de paiement rapide et imperm\u00e9able, garantissant finalement une exp\u00e9rience de paiement in\u00e9gal\u00e9e et sans effort pour votre client\u00e8le estim\u00e9e. En outre, ce plugin remarquable b\u00e9n\u00e9ficie d&rsquo;un soutien \u00e9tendu aux paiements r\u00e9currents, ce qui permet aux entreprises de cr\u00e9er et de g\u00e9rer sans effort des services et des produits bas\u00e9s sur l&rsquo;abonnement. L&rsquo;installation et la configuration de Yith Stripe Premium est une brise absolue, ce qui en fait une solution exemplaire pour les entreprises qui cherchent \u00e0 optimiser les alternatives de paiement de leurs magasins en ligne et \u00e0 \u00e9lever la satisfaction du client \u00e0 des hauteurs sans pr\u00e9c\u00e9dent.<\/p>\n","protected":false},"featured_media":146437,"comment_status":"open","ping_status":"closed","template":"","meta":[],"product_brand":[2487],"product_cat":[1182,1401,1181],"product_tag":[1437],"class_list":{"0":"post-106101","1":"product","2":"type-product","3":"status-publish","4":"has-post-thumbnail","6":"product_brand-yith","7":"product_cat-commerce-electronique-plugins","8":"product_cat-paiement-commerce-electronique-plugins","9":"product_cat-plugins","10":"product_tag-yith","11":"member-discount","12":"discount-restricted","14":"first","15":"instock","16":"sale","17":"downloadable","18":"virtual","19":"sold-individually","20":"purchasable","21":"product-type-simple"},"_links":{"self":[{"href":"https:\/\/gpl-love.com\/fr\/wp-json\/wp\/v2\/product\/106101","targetHints":{"allow":["GET"]}}],"collection":[{"href":"https:\/\/gpl-love.com\/fr\/wp-json\/wp\/v2\/product"}],"about":[{"href":"https:\/\/gpl-love.com\/fr\/wp-json\/wp\/v2\/types\/product"}],"replies":[{"embeddable":true,"href":"https:\/\/gpl-love.com\/fr\/wp-json\/wp\/v2\/comments?post=106101"}],"wp:featuredmedia":[{"embeddable":true,"href":"https:\/\/gpl-love.com\/fr\/wp-json\/wp\/v2\/media\/146437"}],"wp:attachment":[{"href":"https:\/\/gpl-love.com\/fr\/wp-json\/wp\/v2\/media?parent=106101"}],"wp:term":[{"taxonomy":"product_brand","embeddable":true,"href":"https:\/\/gpl-love.com\/fr\/wp-json\/wp\/v2\/product_brand?post=106101"},{"taxonomy":"product_cat","embeddable":true,"href":"https:\/\/gpl-love.com\/fr\/wp-json\/wp\/v2\/product_cat?post=106101"},{"taxonomy":"product_tag","embeddable":true,"href":"https:\/\/gpl-love.com\/fr\/wp-json\/wp\/v2\/product_tag?post=106101"}],"curies":[{"name":"wp","href":"https:\/\/api.w.org\/{rel}","templated":true}]}}