{"id":106099,"date":"2025-09-01T00:00:00","date_gmt":"2025-08-31T22:00:00","guid":{"rendered":"http:\/\/gpl-love.com\/fr\/product\/yith-woocommerce-sociaux-connexion-haut-de-gamme\/"},"modified":"2026-05-10T06:32:30","modified_gmt":"2026-05-10T04:32:30","slug":"yith-woocommerce-social-login-premium","status":"publish","type":"product","link":"https:\/\/gpl-love.com\/fr\/produit\/yith-woocommerce-social-login-premium\/","title":{"rendered":"YITH Social Login Premium 1.52.0"},"content":{"rendered":"<h3>YITH Social Login Premium Traits<\/h3>\n<p>Yith Social Login Premium, un outil incroyablement robuste, pr\u00e9sente une multitude d&rsquo;avantages en permettant \u00e0 votre client\u00e8le estim\u00e9e de se connecter et de s&rsquo;inscrire sans effort sur votre site Web estim\u00e9 gr\u00e2ce \u00e0 l&rsquo;utilisation de leurs comptes de m\u00e9dias sociaux respect\u00e9s. En employant ce plugin ing\u00e9nieux, vous pouvez augmenter efficacement les niveaux d&rsquo;engagement des clients tout en rationalisant simultan\u00e9ment le processus d&rsquo;enregistrement souvent fastidieux, ce qui le rend sans effort pour que vos clients compl\u00e8tent non seulement les achats, mais aussi d&rsquo;interagir avec votre marque estim\u00e9e. De plus, ce plugin exceptionnel b\u00e9n\u00e9ficie d&rsquo;une compatibilit\u00e9 transparente avec une vaste gamme de plateformes de m\u00e9dias sociaux populaires, englobant les go\u00fbts de Facebook, Twitter, Google, Yahoo et LinkedIn, offrant ainsi \u00e0 votre client\u00e8le besoins. De plus, ce plugin extraordinairement innovant est incroyablement convivial, vous permettant de l&rsquo;installer et de le personnaliser de mani\u00e8re transparente \u00e0 vos sp\u00e9cifications exactes, le tout sans n\u00e9cessiter de connaissances ou d&rsquo;expertise approfondies dans le domaine du codage. Que vous pr\u00e9siiez une boutique en ligne estim\u00e9e ou un site Web centr\u00e9 sur le contenu, l&rsquo;acquisition de Yith Social Login Premium repr\u00e9sente ind\u00e9niablement une n\u00e9cessit\u00e9 primordiale dans votre qu\u00eate pour am\u00e9liorer l&rsquo;exp\u00e9rience client et propulser les conversions en proportions astronomiques.<\/p>\n<ul>\n<li>Int\u00e9grer sans effort les options de connexion sociale dans votre site Web<\/li>\n<li>Fournit un processus de connexion rationalis\u00e9 et facile \u00e0 utiliser pour vos clients<\/li>\n<li>Prend en charge plus de 45 r\u00e9seaux sociaux, notamment Facebook, Twitter et Google<\/li>\n<li>\u00c9limine la n\u00e9cessit\u00e9 pour les clients de cr\u00e9er de nouveaux comptes et de se souvenir des informations d&rsquo;identification de connexion<\/li>\n<li>Am\u00e9liore l&rsquo;exp\u00e9rience utilisateur en permettant aux clients d&rsquo;acc\u00e9der rapidement et facilement \u00e0 votre site Web en utilisant leur compte de m\u00e9dias sociaux pr\u00e9f\u00e9r\u00e9<\/li>\n<li>Fournit un bouton de connexion personnalisable avec une vari\u00e9t\u00e9 d&rsquo;options de style pour correspondre \u00e0 l&rsquo;apparence et \u00e0 la sensation de votre site Web<\/li>\n<li>Offre la possibilit\u00e9 de d\u00e9sactiver les r\u00e9seaux sociaux que vous ne souhaitez pas soutenir<\/li>\n<li>Livr\u00e9 avec une documentation d\u00e9taill\u00e9e et un support pour assurer une int\u00e9gration en douceur dans votre site Web<\/li>\n<\/ul>\n","protected":false},"excerpt":{"rendered":"<p>Yith Social Login Premium, un plugin WordPress tr\u00e8s robuste, permet aux visiteurs du site Web en leur accordant la possibilit\u00e9 d&rsquo;utiliser leurs comptes de m\u00e9dias sociaux, y compris, mais sans s&rsquo;y limiter, Facebook, Google, Twitter, LinkedIn et bien d&rsquo;autres, pour la connexion. Aupr\u00e8s des utilisateurs, la commodit\u00e9 de l&rsquo;ex\u00e9cution rapidement et facilement de la fonctionnalit\u00e9 de connexion sociale, leur permettant ainsi de s&rsquo;inscrire, de se connecter et de diffuser sans effort le contenu de votre site Web sans la t\u00e2che ardue de rappeler leurs d\u00e9tails de connexion. De plus, ce plugin pr\u00e9sente \u00e9galement un moyen totalement impr\u00e9gn\u00e9 de construire vos listes de diffusion, tout en favorisant simultan\u00e9ment un environnement qui encourage les visiteurs \u00e0 \u00e9tablir et \u00e0 maintenir une connexion avec votre site Web estim\u00e9. En rationalisant le processus d&rsquo;enregistrement, en augmentant les taux de conversion et en am\u00e9liorant l&rsquo;exp\u00e9rience utilisateur, la prime de connexion sociale Yith amplifie sans aucun doute l&rsquo;efficacit\u00e9 globale de votre site Web estim\u00e9.<\/p>\n","protected":false},"featured_media":146434,"comment_status":"open","ping_status":"closed","template":"","meta":[],"product_brand":[2487],"product_cat":[1182,1181,1406],"product_tag":[1437],"class_list":{"0":"post-106099","1":"product","2":"type-product","3":"status-publish","4":"has-post-thumbnail","6":"product_brand-yith","7":"product_cat-commerce-electronique-plugins","8":"product_cat-plugins","9":"product_cat-social-commerce-electronique-plugins","10":"product_tag-yith","11":"member-discount","12":"discount-restricted","14":"first","15":"instock","16":"sale","17":"downloadable","18":"virtual","19":"sold-individually","20":"purchasable","21":"product-type-simple"},"_links":{"self":[{"href":"https:\/\/gpl-love.com\/fr\/wp-json\/wp\/v2\/product\/106099","targetHints":{"allow":["GET"]}}],"collection":[{"href":"https:\/\/gpl-love.com\/fr\/wp-json\/wp\/v2\/product"}],"about":[{"href":"https:\/\/gpl-love.com\/fr\/wp-json\/wp\/v2\/types\/product"}],"replies":[{"embeddable":true,"href":"https:\/\/gpl-love.com\/fr\/wp-json\/wp\/v2\/comments?post=106099"}],"wp:featuredmedia":[{"embeddable":true,"href":"https:\/\/gpl-love.com\/fr\/wp-json\/wp\/v2\/media\/146434"}],"wp:attachment":[{"href":"https:\/\/gpl-love.com\/fr\/wp-json\/wp\/v2\/media?parent=106099"}],"wp:term":[{"taxonomy":"product_brand","embeddable":true,"href":"https:\/\/gpl-love.com\/fr\/wp-json\/wp\/v2\/product_brand?post=106099"},{"taxonomy":"product_cat","embeddable":true,"href":"https:\/\/gpl-love.com\/fr\/wp-json\/wp\/v2\/product_cat?post=106099"},{"taxonomy":"product_tag","embeddable":true,"href":"https:\/\/gpl-love.com\/fr\/wp-json\/wp\/v2\/product_tag?post=106099"}],"curies":[{"name":"wp","href":"https:\/\/api.w.org\/{rel}","templated":true}]}}