{"id":106097,"date":"2025-08-26T00:00:00","date_gmt":"2025-08-25T22:00:00","guid":{"rendered":"http:\/\/gpl-love.com\/fr\/product\/yith-woocommerce-sms-notifications-premium\/"},"modified":"2026-04-18T06:32:36","modified_gmt":"2026-04-18T04:32:36","slug":"yith-woocommerce-sms-notifications-premium","status":"publish","type":"product","link":"https:\/\/gpl-love.com\/fr\/produit\/yith-woocommerce-sms-notifications-premium\/","title":{"rendered":"YITH SMS Notifications Premium 2.6.0"},"content":{"rendered":"<h3>YITH SMS Notifications Premium Traits<\/h3>\n<p>Yith SMS Notifications Premium est un outil incroyablement robuste et tr\u00e8s efficace qui constitue un atout inestimable pour les entreprises de commerce \u00e9lectronique cherchant \u00e0 informer, \u00e0 engager de mani\u00e8re proactive et finalement satisfaire leur client\u00e8le estim\u00e9e. Ce plugin exceptionnel facilite de mani\u00e8re transparente la diffusion automatique des notifications SMS aux clients, garantissant des informations \u00e0 jour relatives aux mises \u00e0 jour de l&rsquo;\u00e9tat de commande, aux d\u00e9tails de l&rsquo;exp\u00e9dition pertinents et \u00e0 divers autres informations vitales. Il est \u00e0 noter que ce plugin s&rsquo;int\u00e8gre de mani\u00e8re transparente aux services de messagerie extr\u00eamement populaires, notamment le Twilio tr\u00e8s estim\u00e9, permettant ainsi aux entreprises de se connecter sans effort avec leur client\u00e8le diversifi\u00e9e, ind\u00e9pendamment des obstacles linguistiques, car ce plugin prend en charge plusieurs langues. De plus, la nature conviviale et facilement personnalisable de ce plugin perp\u00e9tue la plus grande commodit\u00e9 pendant les processus de configuration et de personnalisation. De plus, les entreprises peuvent \u00e9galement exploiter l&rsquo;immense potentiel de ce plugin pour transmettre des messages promotionnels \u00e0 leur client\u00e8le, augmentant ainsi efficacement les chiffres de vente et augmentant les sources de revenus globales. Impeccablement con\u00e7u pour am\u00e9liorer l&rsquo;exp\u00e9rience client et rationaliser les op\u00e9rations commerciales complexes, les notifications SMS de Yith sont sans \u00e9quivoque qui changent la donne dans le domaine des entreprises de commerce \u00e9lectronique contemporaines.<\/p>\n<ul>\n<li>Notifications SMS faciles et pratiques pour vos clients<\/li>\n<li>Capacit\u00e9 \u00e0 personnaliser les messages avec des variables dynamiques<\/li>\n<li>Choisissez quels \u00e9v\u00e9nements d\u00e9clenchent des notifications SMS, telles que la confirmation de commande ou les mises \u00e0 jour d&rsquo;exp\u00e9dition<\/li>\n<li>Int\u00e9gration avec des passerelles SMS populaires telles que Twilio et Nexmo<\/li>\n<li>Suivre l&rsquo;\u00e9tat de livraison des SMS pour une meilleure communication client<\/li>\n<li>Compatibilit\u00e9 compl\u00e8te avec les plugins WooCommerce et Yith<\/li>\n<li>Support multilingue pour les entreprises mondiales<\/li>\n<li>\u00c9conomise du temps et des ressources en automatisant la communication des clients via SMS<\/li>\n<li>Aide \u00e0 accro\u00eetre la satisfaction des clients et \u00e0 r\u00e9duire les demandes de support.<\/li>\n<\/ul>\n","protected":false},"excerpt":{"rendered":"<p>Yith SMS Notifications Premium est un plugin WordPress extr\u00eamement puissant qui vous offre la capacit\u00e9 exceptionnelle \u00e0 envoyer des messages texte hautement personnalisables \u00e0 vos clients estim\u00e9s pour une multitude d&rsquo;\u00e9v\u00e9nements importants, y compris, mais sans s&rsquo;y limiter, la confirmation de commande, l&rsquo;exp\u00e9dition, les mises \u00e0 jour de livraison et divers autres . Avec son interface remarquablement conviviale et navigable sans effort, vous avez la possibilit\u00e9 d&rsquo;\u00e9tablir rapidement la passerelle SMS, de g\u00e9rer efficacement les contacts et de construire adroitement des mod\u00e8les de messages personnalis\u00e9s. Ce plugin ph\u00e9nom\u00e9nal s&rsquo;int\u00e8gre de mani\u00e8re transparente aux plates-formes estim\u00e9es de WooCommerce, de t\u00e9l\u00e9chargements num\u00e9riques faciles et de plugins Yith, simplifiant ainsi consid\u00e9rablement la t\u00e2che ardue de s&rsquo;assurer que vos pr\u00e9cieux clients sont toujours \u00e0 jour et enti\u00e8rement incorpor\u00e9s. Restez r\u00e9solument connect\u00e9 avec votre public estim\u00e9 gr\u00e2ce \u00e0 l&rsquo;utilisation de messages texte automatis\u00e9s, qui servent \u00e0 amplifier la satisfaction des clients et \u00e0 fortifier le fondement de la confiance sur laquelle votre entreprise naissante prosp\u00e8re. Saisissez le moment et achetez les notifications SMS de la prime, un v\u00e9ritable catalyseur pour rationaliser votre appareil de communication et am\u00e9liorer l&rsquo;efficacit\u00e9 globale de votre illustre boutique en ligne.<\/p>\n","protected":false},"featured_media":146433,"comment_status":"open","ping_status":"open","template":"","meta":[],"product_brand":[2487],"product_cat":[1182,1200,1181],"product_tag":[1437],"class_list":{"0":"post-106097","1":"product","2":"type-product","3":"status-publish","4":"has-post-thumbnail","6":"product_brand-yith","7":"product_cat-commerce-electronique-plugins","8":"product_cat-commercialisation","9":"product_cat-plugins","10":"product_tag-yith","11":"member-discount","12":"discount-restricted","14":"first","15":"instock","16":"sale","17":"downloadable","18":"virtual","19":"sold-individually","20":"purchasable","21":"product-type-simple"},"_links":{"self":[{"href":"https:\/\/gpl-love.com\/fr\/wp-json\/wp\/v2\/product\/106097","targetHints":{"allow":["GET"]}}],"collection":[{"href":"https:\/\/gpl-love.com\/fr\/wp-json\/wp\/v2\/product"}],"about":[{"href":"https:\/\/gpl-love.com\/fr\/wp-json\/wp\/v2\/types\/product"}],"replies":[{"embeddable":true,"href":"https:\/\/gpl-love.com\/fr\/wp-json\/wp\/v2\/comments?post=106097"}],"wp:featuredmedia":[{"embeddable":true,"href":"https:\/\/gpl-love.com\/fr\/wp-json\/wp\/v2\/media\/146433"}],"wp:attachment":[{"href":"https:\/\/gpl-love.com\/fr\/wp-json\/wp\/v2\/media?parent=106097"}],"wp:term":[{"taxonomy":"product_brand","embeddable":true,"href":"https:\/\/gpl-love.com\/fr\/wp-json\/wp\/v2\/product_brand?post=106097"},{"taxonomy":"product_cat","embeddable":true,"href":"https:\/\/gpl-love.com\/fr\/wp-json\/wp\/v2\/product_cat?post=106097"},{"taxonomy":"product_tag","embeddable":true,"href":"https:\/\/gpl-love.com\/fr\/wp-json\/wp\/v2\/product_tag?post=106097"}],"curies":[{"name":"wp","href":"https:\/\/api.w.org\/{rel}","templated":true}]}}