{"id":106095,"date":"2021-06-10T00:00:00","date_gmt":"2021-06-09T22:00:00","guid":{"rendered":"http:\/\/gpl-love.com\/fr\/product\/yith-woocommerce-partager-escomptes-prime\/"},"modified":"2026-04-18T06:32:35","modified_gmt":"2026-04-18T04:32:35","slug":"yith-woocommerce-share-for-discounts-premium","status":"publish","type":"product","link":"https:\/\/gpl-love.com\/fr\/produit\/yith-woocommerce-share-for-discounts-premium\/","title":{"rendered":"YITH Share pour Discounts Premium 1.7.2"},"content":{"rendered":"<h3>YITH Share pour Discounts Premium Traits<\/h3>\n<p>Le plugin Yith Share for Discouts est un outil incroyablement robuste qui a \u00e9t\u00e9 sp\u00e9cifiquement con\u00e7u pour aider les entreprises \u00e0 optimiser leurs strat\u00e9gies de marketing gr\u00e2ce \u00e0 l&rsquo;utilisation des capacit\u00e9s de partage des m\u00e9dias sociaux. En mettant en \u0153uvre ce plugin, les utilisateurs ont la possibilit\u00e9 de g\u00e9n\u00e9rer et de superviser sans effort les codes de r\u00e9duction qui poss\u00e8dent la capacit\u00e9 d&rsquo;\u00eatre partag\u00e9 sur une multitude de plateformes de m\u00e9dias sociaux populaires, y compris, mais sans s&rsquo;y limiter, Facebook et Twitter. \u00c0 la suite de cette fonctionnalit\u00e9, le potentiel d&rsquo;obtention de l&rsquo;attention et du patronage de la nouvelle client\u00e8le est accru, facilitant ainsi une augmentation des chiffres globaux des ventes. De plus, ce plugin particulier poss\u00e8de un r\u00e9pertoire impressionnant de fonctionnalit\u00e9s personnalisables, offrant aux entreprises la possibilit\u00e9 d&rsquo;adapter leurs campagnes de r\u00e9duction pour s&rsquo;aligner sur leurs besoins et objectifs individualis\u00e9s. Par cons\u00e9quent, qu&rsquo;il s&rsquo;agisse d&rsquo;une entreprise qui cherche \u00e0 renforcer ses chiffres de vente, \u00e0 g\u00e9n\u00e9rer une plus grande quantit\u00e9 de prospects ou simplement \u00e0 sensibiliser \u00e0 sa marque, il est imp\u00e9ratif qu&rsquo;ils poss\u00e8dent la part de la part des remises premium, car elle sert d&rsquo;outil indispensable Pour que toute entreprise s&rsquo;efforce de prosp\u00e9rer dans le domaine farouchement concurrentiel du march\u00e9 en ligne contemporain.<\/p>\n<ul>\n<li>Permet aux clients de partager les produits de votre magasin et de recevoir des rabais<\/li>\n<li>S&rsquo;int\u00e8gre parfaitement aux plateformes de m\u00e9dias sociaux telles que Facebook, Twitter et WhatsApp<\/li>\n<li>Facile \u00e0 personnaliser les boutons de partage et les options de r\u00e9duction<\/li>\n<li>Pistes et rapports sur les actions et les remises \u00e9chang\u00e9es<\/li>\n<li>Augmente la notori\u00e9t\u00e9 de la marque et le marketing de bouche \u00e0 oreille<\/li>\n<li>Encourage la fid\u00e9lit\u00e9 des clients et les achats r\u00e9p\u00e9t\u00e9s<\/li>\n<li>Stimule les ventes et les revenus de votre magasin<\/li>\n<li>Le support client tr\u00e8s bien not\u00e9 et les mises \u00e0 jour fr\u00e9quentes garantissent des performances optimales.<\/li>\n<\/ul>\n","protected":false},"excerpt":{"rendered":"<p>Yith Share for Recouts Premium est un plugin exceptionnellement innovant con\u00e7u pour faciliter la promotion de vos produits et intensifier les ventes en exploitant l&rsquo;immense potentiel des m\u00e9dias sociaux. En tirant parti de ce plugin inestimable, vous pouvez \u00e9tablir sans effort une proposition de r\u00e9duction captivante qui peut \u00eatre d\u00e9bloqu\u00e9e si les clients le diffusent consciencieusement sur leurs myriades de plateformes de m\u00e9dias sociaux. Par cons\u00e9quent, cette strat\u00e9gie ing\u00e9nieuse incite efficacement les clients \u00e0 diffuser et approuver activement vos produits haut de gamme parmi leur vaste r\u00e9seau d&rsquo;amis et de famille, augmentant ainsi exponentiellement la visibilit\u00e9 indubitable de votre marque et, \u00e0 son tour, g\u00e9n\u00e9rant une augmentation substantielle des chiffres de vente. Remarquablement convivial et remarquablement personnalisable, cet outil formidable s&rsquo;adapte parfaitement \u00e0 vos objectifs marketing uniques, vous permettant sans effort de transcender les limites des techniques de marketing conventionnelles. Avec les prouesses in\u00e9gal\u00e9es de Yith Share pour les remises Premium, votre strat\u00e9gie marketing monte inexorablement \u00e0 des sommets sans pr\u00e9c\u00e9dent, lib\u00e9rant une croissance tangible et des r\u00e9sultats louables dans une p\u00e9riode de temps \u00e9tonnamment courte.<\/p>\n","protected":false},"featured_media":146432,"comment_status":"open","ping_status":"closed","template":"","meta":[],"product_brand":[2487],"product_cat":[1182,1200,1181],"product_tag":[1437],"class_list":{"0":"post-106095","1":"product","2":"type-product","3":"status-publish","4":"has-post-thumbnail","6":"product_brand-yith","7":"product_cat-commerce-electronique-plugins","8":"product_cat-commercialisation","9":"product_cat-plugins","10":"product_tag-yith","11":"member-discount","12":"discount-restricted","14":"first","15":"instock","16":"sale","17":"downloadable","18":"virtual","19":"sold-individually","20":"purchasable","21":"product-type-simple"},"_links":{"self":[{"href":"https:\/\/gpl-love.com\/fr\/wp-json\/wp\/v2\/product\/106095","targetHints":{"allow":["GET"]}}],"collection":[{"href":"https:\/\/gpl-love.com\/fr\/wp-json\/wp\/v2\/product"}],"about":[{"href":"https:\/\/gpl-love.com\/fr\/wp-json\/wp\/v2\/types\/product"}],"replies":[{"embeddable":true,"href":"https:\/\/gpl-love.com\/fr\/wp-json\/wp\/v2\/comments?post=106095"}],"wp:featuredmedia":[{"embeddable":true,"href":"https:\/\/gpl-love.com\/fr\/wp-json\/wp\/v2\/media\/146432"}],"wp:attachment":[{"href":"https:\/\/gpl-love.com\/fr\/wp-json\/wp\/v2\/media?parent=106095"}],"wp:term":[{"taxonomy":"product_brand","embeddable":true,"href":"https:\/\/gpl-love.com\/fr\/wp-json\/wp\/v2\/product_brand?post=106095"},{"taxonomy":"product_cat","embeddable":true,"href":"https:\/\/gpl-love.com\/fr\/wp-json\/wp\/v2\/product_cat?post=106095"},{"taxonomy":"product_tag","embeddable":true,"href":"https:\/\/gpl-love.com\/fr\/wp-json\/wp\/v2\/product_tag?post=106095"}],"curies":[{"name":"wp","href":"https:\/\/api.w.org\/{rel}","templated":true}]}}