{"id":106093,"date":"2025-09-01T00:00:00","date_gmt":"2025-08-31T22:00:00","guid":{"rendered":"http:\/\/gpl-love.com\/fr\/product\/yith-woocommerce-sequentielle-numero-de-commande-haut-de-gamme\/"},"modified":"2026-04-18T06:32:34","modified_gmt":"2026-04-18T04:32:34","slug":"yith-woocommerce-sequential-order-number-premium","status":"publish","type":"product","link":"https:\/\/gpl-love.com\/fr\/produit\/yith-woocommerce-sequential-order-number-premium\/","title":{"rendered":"YITH Sequential Order Number Premium 1.48.0"},"content":{"rendered":"<h3>YITH Sequential Order Number Premium Traits<\/h3>\n<p>Yith Sequential Order Number Premium est un plugin WordPress tr\u00e8s robuste qui offre une myriade de fonctionnalit\u00e9s pour g\u00e9rer et organiser efficacement vos num\u00e9ros de commande. En utilisant ce plugin, vous avez la possibilit\u00e9 de personnaliser largement vos num\u00e9ros de commande en fonction de vos besoins sp\u00e9cifiques. Cela inclut l&rsquo;inclusion d&rsquo;un num\u00e9ro s\u00e9quentiel, d&rsquo;un pr\u00e9fixe et d&rsquo;un suffixe. Par cons\u00e9quent, vous \u00eates en mesure de suivre sans effort vos commandes avec la plus grande facilit\u00e9 et l&rsquo;efficacit\u00e9. De plus, ce plugin fournit la fonctionnalit\u00e9 pour d\u00e9finir le format de num\u00e9ro de commande pour chaque \u00e9tat de commande, englobant des \u00e9l\u00e9ments tels que la date, l&rsquo;heure et d&rsquo;autres champs pertinents. De plus, vous avez la possibilit\u00e9 de personnaliser l&rsquo;\u00e9tiquette du num\u00e9ro de commande, pr\u00e9sentant ainsi un nom plus descriptif pour vos num\u00e9ros de commande. Comme avantage suppl\u00e9mentaire, ce plugin vous offre la flexibilit\u00e9 de r\u00e9initialiser vos num\u00e9ros de commande \u00e0 votre discr\u00e9tion. Essentiellement, le num\u00e9ro de commande s\u00e9quentiel de Yith vous permet de contr\u00f4ler un contr\u00f4le complet sur vos num\u00e9ros de commande, r\u00e9sultant en un processus de gestion des commandes rationalis\u00e9 et optimis\u00e9.<\/p>\n<ul>\n<li>G\u00e9n\u00e8re des num\u00e9ros de commande s\u00e9quentiels pour votre magasin de commerce \u00e9lectronique.<\/li>\n<li>S&rsquo;assure que chaque num\u00e9ro de commande est unique et non r\u00e9p\u00e9t\u00e9.<\/li>\n<li>Compatible avec plusieurs passerelles de paiement et statuts de commande.<\/li>\n<li>Permet la personnalisation du pr\u00e9fixe et du suffixe du num\u00e9ro de commande.<\/li>\n<li>Offre des options de r\u00e9initialisation de la s\u00e9quence de num\u00e9ros de commande pour un nouveau exercice ou un lot de commandes.<\/li>\n<li>Simple et facile \u00e0 installer et \u00e0 utiliser.<\/li>\n<li>Fournit un syst\u00e8me propre et organis\u00e9 pour les commandes de suivi.<\/li>\n<li>Gagasse du temps et r\u00e9duit les erreurs en automatisant le processus de g\u00e9n\u00e9ration de num\u00e9ros de commande.<\/li>\n<li>Une version premium est disponible avec des fonctionnalit\u00e9s suppl\u00e9mentaires telles que le format de num\u00e9ro de commande personnalis\u00e9 et l&rsquo;int\u00e9gration avec des plugins tiers.<\/li>\n<\/ul>\n","protected":false},"excerpt":{"rendered":"<p>Yith Sequential Order Number Premium est un ajout essentiel \u00e0 l&rsquo;arsenal de tout propri\u00e9taire de magasin WooCommerce, car il illustre un plugin tr\u00e8s indispensable. Cet outil remarquablement robuste et puissant vous conf\u00e8re sans effort la possibilit\u00e9 d&rsquo;attribuer automatiquement les num\u00e9ros de commande s\u00e9quentiels \u00e0 toutes vos commandes, facilitant ainsi le suivi transparent et la gestion efficace de vos efforts de vente. En achetant Yith Sequential Order Number Premium, vous \u00eates accord\u00e9 avec le privil\u00e8ge de personnaliser vos num\u00e9ros de commande pour r\u00e9pondre \u00e0 vos besoins sp\u00e9cifiques, la s\u00e9lection du point de d\u00e9part souhait\u00e9, et m\u00eame ajouter \u00e0 la fois les pr\u00e9fixes et les suffixes selon votre discr\u00e9tion. B\u00e9n\u00e9ficiant d&rsquo;une interface conviviale et d&rsquo;un niveau de personnalisation in\u00e9gal\u00e9, ce plugin exceptionnel est parfaitement adapt\u00e9 aux entreprises de commerce \u00e9lectronique de diverses amplitudes, qu&rsquo;elle soit diminu\u00e9e ou colossale. Il est imp\u00e9ratif que vous acqu\u00e9rez rapidement le num\u00e9ro de commande s\u00e9quentiel de Yith pour optimiser et rationaliser votre processus de gestion des commandes sans plus tarder!<\/p>\n","protected":false},"featured_media":146431,"comment_status":"open","ping_status":"closed","template":"","meta":[],"product_brand":[2487],"product_cat":[1183,1182,1181],"product_tag":[1437],"class_list":{"0":"post-106093","1":"product","2":"type-product","3":"status-publish","4":"has-post-thumbnail","6":"product_brand-yith","7":"product_cat-administration","8":"product_cat-commerce-electronique-plugins","9":"product_cat-plugins","10":"product_tag-yith","11":"member-discount","12":"discount-restricted","14":"first","15":"instock","16":"sale","17":"downloadable","18":"virtual","19":"sold-individually","20":"purchasable","21":"product-type-simple"},"_links":{"self":[{"href":"https:\/\/gpl-love.com\/fr\/wp-json\/wp\/v2\/product\/106093","targetHints":{"allow":["GET"]}}],"collection":[{"href":"https:\/\/gpl-love.com\/fr\/wp-json\/wp\/v2\/product"}],"about":[{"href":"https:\/\/gpl-love.com\/fr\/wp-json\/wp\/v2\/types\/product"}],"replies":[{"embeddable":true,"href":"https:\/\/gpl-love.com\/fr\/wp-json\/wp\/v2\/comments?post=106093"}],"wp:featuredmedia":[{"embeddable":true,"href":"https:\/\/gpl-love.com\/fr\/wp-json\/wp\/v2\/media\/146431"}],"wp:attachment":[{"href":"https:\/\/gpl-love.com\/fr\/wp-json\/wp\/v2\/media?parent=106093"}],"wp:term":[{"taxonomy":"product_brand","embeddable":true,"href":"https:\/\/gpl-love.com\/fr\/wp-json\/wp\/v2\/product_brand?post=106093"},{"taxonomy":"product_cat","embeddable":true,"href":"https:\/\/gpl-love.com\/fr\/wp-json\/wp\/v2\/product_cat?post=106093"},{"taxonomy":"product_tag","embeddable":true,"href":"https:\/\/gpl-love.com\/fr\/wp-json\/wp\/v2\/product_tag?post=106093"}],"curies":[{"name":"wp","href":"https:\/\/api.w.org\/{rel}","templated":true}]}}