{"id":106091,"date":"2024-02-26T00:00:00","date_gmt":"2024-02-25T23:00:00","guid":{"rendered":"http:\/\/gpl-love.com\/fr\/product\/yith-woocommerce-enregistrer-plus-tard-premium\/"},"modified":"2026-04-18T06:32:34","modified_gmt":"2026-04-18T04:32:34","slug":"yith-woocommerce-save-for-later-premium","status":"publish","type":"product","link":"https:\/\/gpl-love.com\/fr\/produit\/yith-woocommerce-save-for-later-premium\/","title":{"rendered":"YITH Save pour Later Premium 1.30.0"},"content":{"rendered":"<h3>YITH Save pour Later Premium Traits<\/h3>\n<p>Yith Save for ultor Premium, un outil exceptionnellement robuste m\u00e9ticuleusement con\u00e7u pour \u00e9lever l&rsquo;exp\u00e9rience utilisateur globale des acheteurs en ligne exigeants, repr\u00e9sente un plugin r\u00e9volutionnaire qui permet aux clients d&rsquo;augmenter sans effort leur panier avec des produits qu&rsquo;ils souhaitent acheter, en les stockant par la suite pour une consid\u00e9ration future. Cette fonctionnalit\u00e9 ing\u00e9nieuse sert de dissuasion convaincant contre le ph\u00e9nom\u00e8ne redout\u00e9 de l&rsquo;abandon de la chariot, renfor\u00e7ant ainsi efficacement les chiffres de vente \u00e0 des hauteurs sans pr\u00e9c\u00e9dent. Avec son interface remarquablement intuitive, les acheteurs potentiels re\u00e7oivent la libert\u00e9 in\u00e9gal\u00e9e de transf\u00e9rer de mani\u00e8re transparente leurs articles souhait\u00e9s de leur panier \u00e0 une liste m\u00e9ticuleusement organis\u00e9e de produits enregistr\u00e9s, et \u00e0 l&rsquo;inverse, de leur liste \u00e9conomis\u00e9e dans leur panier. Cependant, c&rsquo;est l&rsquo;it\u00e9ration premium de ce plugin extraordinaire qui le distingue vraiment de ses contemporains, car il d\u00e9place une impressionnante gamme de fonctionnalit\u00e9s suppl\u00e9mentaires pr\u00eates \u00e0 laisser les marchands en ligne \u00e0 bout de souffle avec crainte. Pour illustrer, cette version exceptionnelle accorde aux utilisateurs la capacit\u00e9 inestimable \u00e0 \u00e9tablir des contraintes temporelles pour les produits enregistr\u00e9s, leur offrant un contr\u00f4le in\u00e9gal\u00e9 sur leur gestion des stocks. En outre, le plugin accorde gracieusement aux vendeurs la libert\u00e9 sans pr\u00e9c\u00e9dent de mode aux \u00e9tiquettes sur mesure pour leurs articles sauv\u00e9s, enrichissant ainsi magnanimement l&rsquo;exp\u00e9rience d&rsquo;achat globale. Enfin, et peut-\u00eatre le plus impressionnant, cette variante premium permet aux commer\u00e7ants de suivre m\u00e9ticuleusement chaque \u00e9l\u00e9ment enregistr\u00e9 sur une base client individuelle, ce qui les permettant efficacement avec des informations in\u00e9gal\u00e9es sur les pr\u00e9f\u00e9rences des consommateurs. \u00c0 la lumi\u00e8re de ces capacit\u00e9s extraordinaires, il devient tr\u00e8s \u00e9vident que Yith sauf pour la prime ult\u00e9rieure est un imp\u00e9ratif absolu pour toute boutique en ligne exigeante aspirant \u00e0 fortifier leurs efforts de r\u00e9tention de la client\u00e8le et \u00e0 propulser simultan\u00e9ment leur prosp\u00e9rit\u00e9 financi\u00e8re \u00e0 des hauteurs sans pr\u00e9c\u00e9dent.<\/p>\n<ul>\n<li>Permet aux clients d&rsquo;\u00e9conomiser des produits pour un achat ult\u00e9rieur dans leur compte<\/li>\n<li>Am\u00e9liore l&rsquo;exp\u00e9rience utilisateur en r\u00e9duisant l&rsquo;abandon<\/li>\n<li>Augmente les taux de conversion en rappelant aux clients leurs produits \u00e9conomis\u00e9s<\/li>\n<li>Placement et texte personnalisables<\/li>\n<li>Compatible avec plusieurs th\u00e8mes et plugins WooCommerce<\/li>\n<li>Fournit des donn\u00e9es utiles pour les propri\u00e9taires de magasins, tels que les produits souvent enregistr\u00e9s pour plus tard<\/li>\n<li>Peut \u00eatre utilis\u00e9 aux c\u00f4t\u00e9s d&rsquo;autres plugins Yith pour une exp\u00e9rience de magasinage transparente<\/li>\n<li>Facile \u00e0 installer et \u00e0 utiliser avec des instructions \u00e9tape par \u00e9tape<\/li>\n<li>La version Premium comprend des rappels par e-mail client et la possibilit\u00e9 d&rsquo;ajouter un widget \u00ab\u00a0Enregistrer pour plus tard\u00a0\u00bb aux pages de produits.<\/li>\n<\/ul>\n","protected":false},"excerpt":{"rendered":"<p>Yith Save for ultor Premium, un plugin incroyablement robuste et puissant, permet aux clients de r\u00e9server facilement les produits dans leurs paniers d&rsquo;achat pour les achats ult\u00e9rieurs. Cette fonctionnalit\u00e9 indispensable a une valeur immense pour tout d\u00e9taillant en ligne, car elle am\u00e9liore efficacement le parcours client global tout en conduisant simultan\u00e9ment les ventes. Gr\u00e2ce \u00e0 l&rsquo;utilisation de Yith, \u00e0 l&rsquo;exception de la prime ult\u00e9rieure, les clients \u00e9conomisent sans effort les \u00e9l\u00e9ments d&rsquo;int\u00e9r\u00eat, ce qui leur permet de revisiter et, finalement, d&rsquo;acheter ces produits \u00e0 leur convenance. Le plugin lui-m\u00eame poss\u00e8de une exp\u00e9rience utilisateur impeccablement transparente, renforc\u00e9e par son interface simpliste et intuitive. De plus, il s&rsquo;int\u00e8gre parfaitement \u00e0 la conception unique de votre boutique en ligne, tout en offrant une pl\u00e9thore d&rsquo;options de personnalisation pour s&rsquo;aligner impeccablement avec l&rsquo;identit\u00e9 distinctive de votre marque. Profitez des avantages exceptionnels offerts par Yith, sauf pour la prime ult\u00e9rieure et \u00e9levez l&rsquo;exp\u00e9rience d&rsquo;achat de vos clients \u00e0 des hauteurs in\u00e9gal\u00e9es aujourd&rsquo;hui!<\/p>\n","protected":false},"featured_media":146430,"comment_status":"open","ping_status":"closed","template":"","meta":[],"product_brand":[2487],"product_cat":[1183,1182,1181],"product_tag":[1437],"class_list":{"0":"post-106091","1":"product","2":"type-product","3":"status-publish","4":"has-post-thumbnail","6":"product_brand-yith","7":"product_cat-administration","8":"product_cat-commerce-electronique-plugins","9":"product_cat-plugins","10":"product_tag-yith","11":"member-discount","12":"discount-restricted","14":"first","15":"instock","16":"sale","17":"downloadable","18":"virtual","19":"sold-individually","20":"purchasable","21":"product-type-simple"},"_links":{"self":[{"href":"https:\/\/gpl-love.com\/fr\/wp-json\/wp\/v2\/product\/106091","targetHints":{"allow":["GET"]}}],"collection":[{"href":"https:\/\/gpl-love.com\/fr\/wp-json\/wp\/v2\/product"}],"about":[{"href":"https:\/\/gpl-love.com\/fr\/wp-json\/wp\/v2\/types\/product"}],"replies":[{"embeddable":true,"href":"https:\/\/gpl-love.com\/fr\/wp-json\/wp\/v2\/comments?post=106091"}],"wp:featuredmedia":[{"embeddable":true,"href":"https:\/\/gpl-love.com\/fr\/wp-json\/wp\/v2\/media\/146430"}],"wp:attachment":[{"href":"https:\/\/gpl-love.com\/fr\/wp-json\/wp\/v2\/media?parent=106091"}],"wp:term":[{"taxonomy":"product_brand","embeddable":true,"href":"https:\/\/gpl-love.com\/fr\/wp-json\/wp\/v2\/product_brand?post=106091"},{"taxonomy":"product_cat","embeddable":true,"href":"https:\/\/gpl-love.com\/fr\/wp-json\/wp\/v2\/product_cat?post=106091"},{"taxonomy":"product_tag","embeddable":true,"href":"https:\/\/gpl-love.com\/fr\/wp-json\/wp\/v2\/product_tag?post=106091"}],"curies":[{"name":"wp","href":"https:\/\/api.w.org\/{rel}","templated":true}]}}