{"id":106089,"date":"2024-03-23T00:00:00","date_gmt":"2024-03-22T23:00:00","guid":{"rendered":"http:\/\/gpl-love.com\/fr\/product\/yith-woocommerce-base-sur-les-roles-des-prix-eleves\/"},"modified":"2026-04-18T06:32:33","modified_gmt":"2026-04-18T04:32:33","slug":"yith-woocommerce-role-based-prices-premium","status":"publish","type":"product","link":"https:\/\/gpl-love.com\/fr\/produit\/yith-woocommerce-role-based-prices-premium\/","title":{"rendered":"YITH Role Based Prices Premium 1.34.0"},"content":{"rendered":"<h3>YITH Role Based Prices Premium Traits<\/h3>\n<p>Les prix bas\u00e9s sur les r\u00f4les Yith Premium sont une solution de prix exceptionnellement robuste con\u00e7ue sp\u00e9cifiquement pour les magasins WooCommerce. Ce plugin remarquable vous offre la possibilit\u00e9 d&rsquo;\u00e9tablir des prix divers pour vos produits subordonn\u00e9s au r\u00f4le de l&rsquo;utilisateur. Au moyen de ce plugin in\u00e9gal\u00e9, vous pouvez g\u00e9n\u00e9rer sans effort des r\u00e8gles de tarification personnalis\u00e9es pour divers groupes d&rsquo;utilisateurs, y compris, mais sans s&rsquo;y limiter, les clients, les grossistes et les d\u00e9taillants. De plus, vous avez la libert\u00e9 d&rsquo;administrer des remises ou un balisage en fonction du r\u00f4le, de la cat\u00e9gorie de produit de l&rsquo;utilisateur ou m\u00eame d&rsquo;une balise de produit. L&rsquo;une des fonctionnalit\u00e9s les plus remarquables de ce plugin est son interface conviviale, qui rationalise le processus de gestion des r\u00e8gles de tarification et de les appliquer \u00e0 des produits ou des variations sp\u00e9cifiques desdits produits. De plus, les prix bas\u00e9s sur les r\u00f4les de Yith Premium b\u00e9n\u00e9ficient d&rsquo;une int\u00e9gration transparente avec un \u00e9ventail d&rsquo;extensions de woocommerce tr\u00e8s populaires, am\u00e9liorant ainsi davantage sa polyvalence. Notamment, ce plugin prend \u00e9galement en charge plusieurs devises, ce qui en fait une solution id\u00e9ale pour pratiquement n&rsquo;importe quelle boutique en ligne. Avec la mise en \u0153uvre de la prime des prix bas\u00e9s sur les r\u00f4les de Yith, vous pouvez facilement fournir \u00e0 vos clients estim\u00e9s des options de tarification personnalis\u00e9es, augmentant ainsi consid\u00e9rablement vos chiffres de vente globaux.<\/p>\n<ul>\n<li>Vous permet d&rsquo;\u00e9tablir des prix diff\u00e9rents pour les produits en fonction du r\u00f4le utilisateur<\/li>\n<li>Fournit une interface simple et intuitive pour g\u00e9rer les prix bas\u00e9s sur les r\u00f4les<\/li>\n<li>Offre une large gamme d&rsquo;options de personnalisation, y compris la possibilit\u00e9 de fixer des prix diff\u00e9rents pour les produits individuels, les cat\u00e9gories de produits ou les remises mondiales pour des r\u00f4les entiers<\/li>\n<li>Vous permet d&rsquo;attribuer plusieurs r\u00f4les \u00e0 un seul utilisateur, vous donnant un contr\u00f4le encore plus grand sur les niveaux de tarification<\/li>\n<li>Donne acc\u00e8s \u00e0 des rapports et des analyses d\u00e9taill\u00e9s, vous permettant de suivre les ventes et le comportement des utilisateurs<\/li>\n<li>Enti\u00e8rement compatible avec les plateformes de commerce \u00e9lectronique populaires comme WooCommerce et les t\u00e9l\u00e9chargements num\u00e9riques faciles<\/li>\n<li>Offre un support de classe mondiale et une documentation compl\u00e8te pour assurer une installation et une utilisation transparentes.<\/li>\n<\/ul>\n","protected":false},"excerpt":{"rendered":"<p>Les prix bas\u00e9s sur les r\u00f4les de Yith Premium, largement consid\u00e9r\u00e9s comme un plugin incroyablement robuste, poss\u00e8dent la capacit\u00e9 extraordinaire de vous permettre d&rsquo;\u00e9tablir des prix distincts subordonn\u00e9s aux r\u00f4les utilisateur dans votre magasin WooCommerce. Gr\u00e2ce \u00e0 l&rsquo;utilisation de ce plugin exceptionnel, vous pourrez fabriquer de mani\u00e8re transparente des r\u00e9glementations de tarification personnalis\u00e9es adapt\u00e9es aux grossistes, aux d\u00e9taillants et aux cohortes suppl\u00e9mentaires, augmentant ainsi consid\u00e9rablement vos chiffres de vente . Il convient de noter que le plugin, caract\u00e9ris\u00e9 par la plus grande convivialit\u00e9 des utilisateurs, est en outre compl\u00e9t\u00e9 par son accompagnement de r\u00e8gles immens\u00e9ment adaptables, vous accordant ainsi la possibilit\u00e9 de ramener facilement les prix par rapport aux produits individuels, aux cat\u00e9gories de produits ou m\u00eame \u00e0 des sections enti\u00e8res \u00e0 l&rsquo;int\u00e9rieur de sections \u00e0 l&rsquo;int\u00e9rieur de sections \u00e0 l&rsquo;int\u00e9rieur de sections \u00e0 l&rsquo;int\u00e9rieur de sections \u00e0 l&rsquo;int\u00e9rieur de sections \u00e0 l&rsquo;int\u00e9rieur \u00e0 l&rsquo;int\u00e9rieur de sections \u00e0 l&rsquo;int\u00e9rieur de sections \u00e0 l&rsquo;int\u00e9rieur de sections \u00e0 l&rsquo;int\u00e9rieur de sections \u00e0 l&rsquo;int\u00e9rieur \u00e0 l&rsquo;int\u00e9rieur de sections \u00e0 l&rsquo;int\u00e9rieur de sections \u00e0 l&rsquo;int\u00e9rieur de sections \u00e0 l&rsquo;int\u00e9rieur \u00e0 l&rsquo;int\u00e9rieur de tous \u00e0 l&rsquo;int\u00e9rieur de sections dans des sections enti\u00e8res au sein d&rsquo;une votre magasin. En acqu\u00e9rant la prime des prix bas\u00e9s sur les r\u00f4les de Yith, vous commencerez le processus de maximisation de vos b\u00e9n\u00e9fices gr\u00e2ce \u00e0 la mise en \u0153uvre habile des strat\u00e9gies de tarification cibl\u00e9es!<\/p>\n","protected":false},"featured_media":146429,"comment_status":"open","ping_status":"closed","template":"","meta":[],"product_brand":[2487],"product_cat":[1183,1182,1181],"product_tag":[1437],"class_list":{"0":"post-106089","1":"product","2":"type-product","3":"status-publish","4":"has-post-thumbnail","6":"product_brand-yith","7":"product_cat-administration","8":"product_cat-commerce-electronique-plugins","9":"product_cat-plugins","10":"product_tag-yith","11":"member-discount","12":"discount-restricted","14":"first","15":"instock","16":"sale","17":"downloadable","18":"virtual","19":"sold-individually","20":"purchasable","21":"product-type-simple"},"_links":{"self":[{"href":"https:\/\/gpl-love.com\/fr\/wp-json\/wp\/v2\/product\/106089","targetHints":{"allow":["GET"]}}],"collection":[{"href":"https:\/\/gpl-love.com\/fr\/wp-json\/wp\/v2\/product"}],"about":[{"href":"https:\/\/gpl-love.com\/fr\/wp-json\/wp\/v2\/types\/product"}],"replies":[{"embeddable":true,"href":"https:\/\/gpl-love.com\/fr\/wp-json\/wp\/v2\/comments?post=106089"}],"wp:featuredmedia":[{"embeddable":true,"href":"https:\/\/gpl-love.com\/fr\/wp-json\/wp\/v2\/media\/146429"}],"wp:attachment":[{"href":"https:\/\/gpl-love.com\/fr\/wp-json\/wp\/v2\/media?parent=106089"}],"wp:term":[{"taxonomy":"product_brand","embeddable":true,"href":"https:\/\/gpl-love.com\/fr\/wp-json\/wp\/v2\/product_brand?post=106089"},{"taxonomy":"product_cat","embeddable":true,"href":"https:\/\/gpl-love.com\/fr\/wp-json\/wp\/v2\/product_cat?post=106089"},{"taxonomy":"product_tag","embeddable":true,"href":"https:\/\/gpl-love.com\/fr\/wp-json\/wp\/v2\/product_tag?post=106089"}],"curies":[{"name":"wp","href":"https:\/\/api.w.org\/{rel}","templated":true}]}}