{"id":106087,"date":"2025-08-31T00:00:00","date_gmt":"2025-08-30T22:00:00","guid":{"rendered":"http:\/\/gpl-love.com\/fr\/product\/yith-woocommerce-examen-rappel-prime\/"},"modified":"2026-04-18T06:32:32","modified_gmt":"2026-04-18T04:32:32","slug":"yith-woocommerce-review-reminder-premium","status":"publish","type":"product","link":"https:\/\/gpl-love.com\/fr\/produit\/yith-woocommerce-review-reminder-premium\/","title":{"rendered":"YITH Review Reminder Premium 1.53.0"},"content":{"rendered":"<h3>YITH Review Reminder Premium Traits<\/h3>\n<p>Le plugin Premium de rappel Yith Review est un outil tr\u00e8s pr\u00e9cieux con\u00e7u pour aider les entrepreneurs de commerce \u00e9lectronique dans leur qu\u00eate pour rassembler une grande quantit\u00e9 de commentaires de leurs clients estim\u00e9s. Avec ses fonctionnalit\u00e9s ing\u00e9nieuses, ce plugin envoie consciencieusement les rappels de courrier \u00e9lectronique automatis\u00e9s \u00e0 ces clients, qui ont r\u00e9cemment termin\u00e9 un achat, les sollicitant pour partager gentiment leurs opinions bien pens\u00e9es concernant le produit achet\u00e9. Ces e-mails, attention, sont enti\u00e8rement personnalisables, permettant aux propri\u00e9taires de magasins de les adapter en fonction de leurs pr\u00e9f\u00e9rences, et peuvent \u00eatre pr\u00e9vus sans effort pour \u00eatre envoy\u00e9s \u00e0 des intervalles sp\u00e9cifi\u00e9s apr\u00e8s l&rsquo;achat. De plus, ce plugin remarquable profite \u00e9galement \u00e0 une fonctionnalit\u00e9 attrayante, accordant aux propri\u00e9taires du magasin le pouvoir de g\u00e9n\u00e9rer des codes de r\u00e9duction exclusifs comme une incitation suppl\u00e9mentaire pour leurs clients \u00e0 orner gracieusement leur site Web avec un examen pr\u00e9cieux. En amassant un plus grand nombre de critiques, ce plugin Premium Rappel tr\u00e8s efficace de la revue a la capacit\u00e9 remarquable de renforcer consid\u00e9rablement la confiance des clients et, \u00e0 son tour, d&rsquo;augmenter les chiffres des ventes \u00e0 des niveaux sans pr\u00e9c\u00e9dent.<\/p>\n<ul>\n<li>Envoie des rappels de r\u00e9vision automatis\u00e9s aux clients qui ont effectu\u00e9 un achat<\/li>\n<li>Mod\u00e8les de messagerie personnalisables pour correspondre \u00e0 la marque de votre magasin<\/li>\n<li>Option pour choisir le nombre de jours apr\u00e8s l&rsquo;achat pour envoyer le rappel de la r\u00e9vision<\/li>\n<li>Capacit\u00e9 \u00e0 exclure des produits, cat\u00e9gories ou clients sp\u00e9cifiques de recevoir des rappels d&rsquo;examen<\/li>\n<li>Tableau de bord pour suivre l&rsquo;\u00e9tat et l&rsquo;efficacit\u00e9 des rappels de r\u00e9vision<\/li>\n<li>Augmente les chances d&rsquo;obtenir plus de critiques et de commentaires des clients<\/li>\n<li>Facile \u00e0 installer et \u00e0 configurer sans codage requis<\/li>\n<li>Compatible avec les services de marketing par e-mail populaires tels que MailChimp et SendinBlue<\/li>\n<li>Prise en charge des multi-lingues pour les mod\u00e8les de messagerie<\/li>\n<li>Aide \u00e0 am\u00e9liorer la visibilit\u00e9 et la r\u00e9putation de votre magasin en ligne.<\/li>\n<\/ul>\n","protected":false},"excerpt":{"rendered":"<p>Yith Review Rappel Premium, un outil extr\u00eamement puissant, sert \u00e0 \u00e9lever la quantit\u00e9 d&rsquo;examens de produits sur votre boutique en ligne. Au moyen d&rsquo;e-mails de rappel automatis\u00e9s, il persuade les clients qui ont r\u00e9cemment termin\u00e9 un achat pour fournir des commentaires aimables. Cette strat\u00e9gie ing\u00e9nieuse am\u00e9liore non seulement la confiance des clients, mais augmente \u00e9galement les ventes en fournissant une preuve sociale inestimable en faveur de vos offres. La vaste gamme de mod\u00e8les de messagerie personnalisables et les options de planification sophistiqu\u00e9es fournies par Yith Review Rappel Premium rendent sans effort le processus de motivation des clients \u00e0 relayer leurs exp\u00e9riences avec votre marque distingu\u00e9e.<\/p>\n","protected":false},"featured_media":146428,"comment_status":"open","ping_status":"closed","template":"","meta":[],"product_brand":[2487],"product_cat":[1182,1200,1181],"product_tag":[1437],"class_list":{"0":"post-106087","1":"product","2":"type-product","3":"status-publish","4":"has-post-thumbnail","6":"product_brand-yith","7":"product_cat-commerce-electronique-plugins","8":"product_cat-commercialisation","9":"product_cat-plugins","10":"product_tag-yith","11":"member-discount","12":"discount-restricted","14":"first","15":"instock","16":"sale","17":"downloadable","18":"virtual","19":"sold-individually","20":"purchasable","21":"product-type-simple"},"_links":{"self":[{"href":"https:\/\/gpl-love.com\/fr\/wp-json\/wp\/v2\/product\/106087","targetHints":{"allow":["GET"]}}],"collection":[{"href":"https:\/\/gpl-love.com\/fr\/wp-json\/wp\/v2\/product"}],"about":[{"href":"https:\/\/gpl-love.com\/fr\/wp-json\/wp\/v2\/types\/product"}],"replies":[{"embeddable":true,"href":"https:\/\/gpl-love.com\/fr\/wp-json\/wp\/v2\/comments?post=106087"}],"wp:featuredmedia":[{"embeddable":true,"href":"https:\/\/gpl-love.com\/fr\/wp-json\/wp\/v2\/media\/146428"}],"wp:attachment":[{"href":"https:\/\/gpl-love.com\/fr\/wp-json\/wp\/v2\/media?parent=106087"}],"wp:term":[{"taxonomy":"product_brand","embeddable":true,"href":"https:\/\/gpl-love.com\/fr\/wp-json\/wp\/v2\/product_brand?post=106087"},{"taxonomy":"product_cat","embeddable":true,"href":"https:\/\/gpl-love.com\/fr\/wp-json\/wp\/v2\/product_cat?post=106087"},{"taxonomy":"product_tag","embeddable":true,"href":"https:\/\/gpl-love.com\/fr\/wp-json\/wp\/v2\/product_tag?post=106087"}],"curies":[{"name":"wp","href":"https:\/\/api.w.org\/{rel}","templated":true}]}}