{"id":106085,"date":"2024-02-26T00:00:00","date_gmt":"2024-02-25T23:00:00","guid":{"rendered":"http:\/\/gpl-love.com\/fr\/product\/yith-woocommerce-examen-pour-rabais-sur-les-primes\/"},"modified":"2026-04-18T06:32:31","modified_gmt":"2026-04-18T04:32:31","slug":"yith-woocommerce-review-for-discounts-premium","status":"publish","type":"product","link":"https:\/\/gpl-love.com\/fr\/produit\/yith-woocommerce-review-for-discounts-premium\/","title":{"rendered":"YITH Review pour Discounts Premium 1.35.0"},"content":{"rendered":"<h3>YITH Review pour Discounts Premium Traits<\/h3>\n<p>Yith Review for Discouts Premium, un plugin remarquablement formidable model\u00e9 m\u00e9ticuleusement dans le but d&rsquo;augmenter l&rsquo;engagement des clients et de renforcer les ventes dans le domaine des magasins en ligne, appara\u00eet comme une force indomptable dans son entreprise. En donnant aux clients la capacit\u00e9 unique de proposer leurs informations inestimables sur les produits qu&rsquo;ils ont achet\u00e9s, ce plugin les incite effectivement \u00e0 des remises attrayantes sous forme de contrepartie. L&rsquo;installation, la personnalisation et la gestion de ce plugin sont sans effort de mani\u00e8re transparente, tandis qu&rsquo;une pl\u00e9thore de fonctionnalit\u00e9s d&rsquo;avant-garde, y compris, mais sans s&rsquo;y limiter exp\u00e9rience utilisateur vraiment in\u00e9gal\u00e9e. Avec l&rsquo;av\u00e8nement de Yith Review for Discouts Premium, les propri\u00e9taires astucieux des magasins en ligne peuvent ing\u00e9nieusement favoriser une culture de soumissions de revue, am\u00e9liorant ainsi leur r\u00e9putation estim\u00e9e dans la vaste \u00e9tendue du cyberespace et, par extension, la fortification du fondement de leurs efforts de vente.<\/p>\n<ul>\n<li>Alimenter l&rsquo;engagement et les ventes des clients en encourageant les avis de produits<\/li>\n<li>R\u00e9compenser les clients pour avoir laiss\u00e9 des avis avec des r\u00e9ductions sur les achats futurs<\/li>\n<li>Personnaliser le montant de r\u00e9duction et la note d&rsquo;examen minimale requise<\/li>\n<li>G\u00e9rer et approuver \/ d\u00e9sapprouver facilement les avis du backend<\/li>\n<li>G\u00e9n\u00e9rer automatiquement des codes de r\u00e9duction uniques pour chaque client<\/li>\n<li>D\u00e9finissez des rappels d&rsquo;examen pour inciter les clients \u00e0 laisser des commentaires<\/li>\n<li>Choisissez les produits \u00e0 offrir des r\u00e9ductions pour examen pour<\/li>\n<li>Compatible avec les constructeurs de pages populaires et les th\u00e8mes WordPress<\/li>\n<li>Acc\u00e8s au support prioritaire et mises \u00e0 jour avec version premium<\/li>\n<li>Am\u00e9liorez le r\u00e9f\u00e9rencement et la preuve sociale en affichant les avis des clients sur les pages de produits.<\/li>\n<\/ul>\n","protected":false},"excerpt":{"rendered":"<p>Yith Review for Recouts Premium est un plugin extraordinaire con\u00e7u sp\u00e9cifiquement pour WooCommerce, vous offrant la capacit\u00e9 remarquable d&rsquo;offrir des remises attrayantes \u00e0 vos clients estim\u00e9s en \u00e9change de leurs pr\u00e9cieux commentaires sur les produits que vous proposez. Cet outil exceptionnellement puissant, avec sa myriade de fonctionnalit\u00e9s, vous permet d&rsquo;am\u00e9liorer consid\u00e9rablement l&rsquo;engagement des clients, d&rsquo;\u00e9lever la qualit\u00e9 globale de vos notes et de critiques de produits, et finalement d&rsquo;agrandir vos chiffres de vente. Avec Yith Review for Ritules Premium, le processus d&rsquo;\u00e9tablissement de rabais sur une base par produit devient une entreprise sans effort, vous permettant d&rsquo;adapter sans effort le pourcentage de r\u00e9duction ou le montant adapt\u00e9 \u00e0 vos besoins sp\u00e9cifiques, et m\u00eame vous permettant de sp\u00e9cifier le nombre pr\u00e9cis d&rsquo;examen des revues requis pour s\u00e9curiser la remise convoit\u00e9e. En outre, ce plugin in\u00e9gal\u00e9 englobe une pl\u00e9thore d&rsquo;attributs inestimables, tels que l&rsquo;\u00e9mission automatique des notifications par e-mail et le suivi transparent des soumissions d&rsquo;examen et des rachats. En accordant \u00e0 vos clients l&rsquo;incitation s\u00e9duisante \u00e0 quitter un examen distinctif, vous t\u00e9moignez de la croissance et de la prosp\u00e9rit\u00e9 remarquables de votre entreprise, gracieuset\u00e9 des prouesses in\u00e9gal\u00e9es de l&rsquo;examen de l&rsquo;examen pour des remises.<\/p>\n","protected":false},"featured_media":146427,"comment_status":"open","ping_status":"closed","template":"","meta":[],"product_brand":[2487],"product_cat":[1182,1200,1181],"product_tag":[1437],"class_list":{"0":"post-106085","1":"product","2":"type-product","3":"status-publish","4":"has-post-thumbnail","6":"product_brand-yith","7":"product_cat-commerce-electronique-plugins","8":"product_cat-commercialisation","9":"product_cat-plugins","10":"product_tag-yith","11":"member-discount","12":"discount-restricted","14":"first","15":"instock","16":"sale","17":"downloadable","18":"virtual","19":"sold-individually","20":"purchasable","21":"product-type-simple"},"_links":{"self":[{"href":"https:\/\/gpl-love.com\/fr\/wp-json\/wp\/v2\/product\/106085","targetHints":{"allow":["GET"]}}],"collection":[{"href":"https:\/\/gpl-love.com\/fr\/wp-json\/wp\/v2\/product"}],"about":[{"href":"https:\/\/gpl-love.com\/fr\/wp-json\/wp\/v2\/types\/product"}],"replies":[{"embeddable":true,"href":"https:\/\/gpl-love.com\/fr\/wp-json\/wp\/v2\/comments?post=106085"}],"wp:featuredmedia":[{"embeddable":true,"href":"https:\/\/gpl-love.com\/fr\/wp-json\/wp\/v2\/media\/146427"}],"wp:attachment":[{"href":"https:\/\/gpl-love.com\/fr\/wp-json\/wp\/v2\/media?parent=106085"}],"wp:term":[{"taxonomy":"product_brand","embeddable":true,"href":"https:\/\/gpl-love.com\/fr\/wp-json\/wp\/v2\/product_brand?post=106085"},{"taxonomy":"product_cat","embeddable":true,"href":"https:\/\/gpl-love.com\/fr\/wp-json\/wp\/v2\/product_cat?post=106085"},{"taxonomy":"product_tag","embeddable":true,"href":"https:\/\/gpl-love.com\/fr\/wp-json\/wp\/v2\/product_tag?post=106085"}],"curies":[{"name":"wp","href":"https:\/\/api.w.org\/{rel}","templated":true}]}}