{"id":106083,"date":"2025-08-08T00:00:00","date_gmt":"2025-08-07T22:00:00","guid":{"rendered":"http:\/\/gpl-love.com\/fr\/product\/yith-woocommerce-demander-un-devis-prime\/"},"modified":"2026-04-18T06:32:30","modified_gmt":"2026-04-18T04:32:30","slug":"yith-woocommerce-request-a-quote-premium","status":"publish","type":"product","link":"https:\/\/gpl-love.com\/fr\/produit\/yith-woocommerce-request-a-quote-premium\/","title":{"rendered":"YITH Request a Quote Premium 4.36.0"},"content":{"rendered":"<h3>YITH Request a Quote Premium Traits<\/h3>\n<p>Yith demande une prime de devis est un outil remarquablement robuste qui permet aux clients de demander sans effort un devis pour les produits ou les services directement de votre boutique WooCommerce. Ce plugin exceptionnel offre non seulement la capacit\u00e9 de g\u00e9rer et d&rsquo;adapter efficacement vos demandes de devis, mais vous donne \u00e9galement la possibilit\u00e9 de configurer des notifications par e-mail automatiques et de fournir votre client\u00e8le estim\u00e9 avec un processus de soumission de devis sans couture. En utilisant Yith demandent une prime de devis, vous pouvez gracieusement pr\u00e9senter \u00e0 vos clients des alternatives de prix tr\u00e8s adaptables et vous engager dans des n\u00e9gociations fructueuses, renfor\u00e7ant finalement \u00e0 la fois vos ventes et votre satisfaction client. La nature conviviale de ce plugin garantit une int\u00e9gration sans effort dans votre plate-forme de commerce \u00e9lectronique existant, facilitant ainsi l&rsquo;\u00e9l\u00e9vation de votre entreprise \u00e0 des hauteurs sans pr\u00e9c\u00e9dent. Ne perdez pas de temps et vous lancez dans votre voyage vers le succ\u00e8s en embrassant le potentiel in\u00e9gal\u00e9 de Yith demandent une prime de devis.<\/p>\n<ul>\n<li>Permet aux clients de demander un devis pour les produits au lieu de les acheter pur et simple<\/li>\n<li>Am\u00e9liore l&rsquo;exp\u00e9rience client en fournissant un moyen de n\u00e9gocier les prix<\/li>\n<li>Offre aux entreprises la possibilit\u00e9 de cocher ou de faire des offres personnalis\u00e9es<\/li>\n<li>Offre des formulaires de demande de devis personnalisables pour r\u00e9pondre aux besoins de l&rsquo;entreprise<\/li>\n<li>Permet aux entreprises de voir et de g\u00e9rer les demandes de devis dans un emplacement centralis\u00e9<\/li>\n<li>Compatible avec la plate-forme WooCommerce populaire pour l&rsquo;int\u00e9gration transparente<\/li>\n<li>Offre la possibilit\u00e9 de fixer des prix bas\u00e9s sur la quantit\u00e9 pour les commandes en vrac<\/li>\n<li>Fournit des notifications par e-mail personnalisables pour les entreprises et les clients<\/li>\n<li>Offre la possibilit\u00e9 de d\u00e9finir une quantit\u00e9 minimale ou maximale pour les demandes de devis<\/li>\n<li>Fournit aux entreprises la possibilit\u00e9 d&rsquo;approuver ou de rejeter les demandes de devis avant de proc\u00e9der \u00e0 la vente.<\/li>\n<\/ul>\n","protected":false},"excerpt":{"rendered":"<p>Yith demande qu&rsquo;une prime de devis appara\u00eet comme un instrument remarquablement formidable adapt\u00e9 aux entreprises souhaitant offrir des options de tarification sur mesure \u00e0 leur client\u00e8le estim\u00e9e. Ce plugin exceptionnel permet aux clients de soumettre avec diligence les demandes de devis m\u00e9ticuleuses englobant des produits ou des services particuliers, \u00e9quipant ainsi les entreprises de la capacit\u00e9 inestimable pour n\u00e9gocier efficacement et fournir par la suite des devis sur mesure. Avec la mise en \u0153uvre de Yith demandent une prime de devis, les entreprises peuvent optimiser de mani\u00e8re transparente leurs proc\u00e9dures de vente, catalysant ainsi les taux de conversion accrus via l&rsquo;effort diligent de l&rsquo;adaptation aux exigences nuanc\u00e9es et aux pr\u00e9f\u00e9rences de leur client\u00e8le estim\u00e9e.<\/p>\n","protected":false},"featured_media":146426,"comment_status":"open","ping_status":"closed","template":"","meta":[],"product_brand":[2487],"product_cat":[1183,1182,1181],"product_tag":[1437],"class_list":{"0":"post-106083","1":"product","2":"type-product","3":"status-publish","4":"has-post-thumbnail","6":"product_brand-yith","7":"product_cat-administration","8":"product_cat-commerce-electronique-plugins","9":"product_cat-plugins","10":"product_tag-yith","11":"member-discount","12":"discount-restricted","14":"first","15":"instock","16":"sale","17":"downloadable","18":"virtual","19":"sold-individually","20":"purchasable","21":"product-type-simple"},"_links":{"self":[{"href":"https:\/\/gpl-love.com\/fr\/wp-json\/wp\/v2\/product\/106083","targetHints":{"allow":["GET"]}}],"collection":[{"href":"https:\/\/gpl-love.com\/fr\/wp-json\/wp\/v2\/product"}],"about":[{"href":"https:\/\/gpl-love.com\/fr\/wp-json\/wp\/v2\/types\/product"}],"replies":[{"embeddable":true,"href":"https:\/\/gpl-love.com\/fr\/wp-json\/wp\/v2\/comments?post=106083"}],"wp:featuredmedia":[{"embeddable":true,"href":"https:\/\/gpl-love.com\/fr\/wp-json\/wp\/v2\/media\/146426"}],"wp:attachment":[{"href":"https:\/\/gpl-love.com\/fr\/wp-json\/wp\/v2\/media?parent=106083"}],"wp:term":[{"taxonomy":"product_brand","embeddable":true,"href":"https:\/\/gpl-love.com\/fr\/wp-json\/wp\/v2\/product_brand?post=106083"},{"taxonomy":"product_cat","embeddable":true,"href":"https:\/\/gpl-love.com\/fr\/wp-json\/wp\/v2\/product_cat?post=106083"},{"taxonomy":"product_tag","embeddable":true,"href":"https:\/\/gpl-love.com\/fr\/wp-json\/wp\/v2\/product_tag?post=106083"}],"curies":[{"name":"wp","href":"https:\/\/api.w.org\/{rel}","templated":true}]}}