{"id":106081,"date":"2024-03-23T00:00:00","date_gmt":"2024-03-22T23:00:00","guid":{"rendered":"http:\/\/gpl-love.com\/fr\/product\/yith-woocommerce-recemment-consultes-prime\/"},"modified":"2026-04-18T06:32:28","modified_gmt":"2026-04-18T04:32:28","slug":"yith-woocommerce-recently-viewed-products-premium","status":"publish","type":"product","link":"https:\/\/gpl-love.com\/fr\/produit\/yith-woocommerce-recently-viewed-products-premium\/","title":{"rendered":"YITH Recently Viewed Products Premium 2.31.0"},"content":{"rendered":"<h3>YITH Recently Viewed Products Premium Traits<\/h3>\n<p>Yith a r\u00e9cemment consult\u00e9 Products Premium est un plugin exceptionnellement robuste et puissant qui accorde aux propri\u00e9taires de magasins en ligne la possibilit\u00e9 de surveiller et de garder un \u0153il m\u00e9ticuleusement sur la myriade de produits que leurs clients estim\u00e9s parcourent sur leur site Web. Ce plugin incroyablement innovant et de pointe offre sans effort une approche pratique et conviviale pour pr\u00e9senter des produits r\u00e9cemment consult\u00e9s aux clients, augmentant ainsi exponentiellement la probabilit\u00e9 d&rsquo;une vente r\u00e9ussie. Avec les capacit\u00e9s impressionnantes dot\u00e9es de produits r\u00e9cemment consult\u00e9s, les propri\u00e9taires de magasins entreprenants ont accord\u00e9 le privil\u00e8ge inestimable de personnaliser et d&rsquo;adapter les param\u00e8tres d&rsquo;affichage des produits r\u00e9cemment consult\u00e9s, leur permettant d&rsquo;exercer un contr\u00f4le complet sur les aspects pivots tels que le num\u00e9ro pr\u00e9cis du nombre de pr\u00e9cis Les produits \u00e0 pr\u00e9senter, l&rsquo;ordre pr\u00e9cis dans lequel ces produits seront pr\u00e9sent\u00e9s et la disposition m\u00e9ticuleusement con\u00e7ue qui servira de toile sur laquelle ces marchandises seront expos\u00e9es. En outre, il est imp\u00e9ratif de souligner le fait que ce plugin r\u00e9volutionnaire int\u00e8gre et s&rsquo;harmonise de mani\u00e8re transparente avec la plate-forme WooCommerce universellement estim\u00e9e, garantissant ainsi un niveau de compatibilit\u00e9 in\u00e9gal\u00e9. Par cons\u00e9quent, il va sans dire que Yith a r\u00e9cemment vu des produits Premium est un outil indispensable et par excellence pour toutes les boutiques en ligne qui abritent un d\u00e9sir ind\u00e9fectible d&rsquo;accorder \u00e0 ses clients ch\u00e9ries une exp\u00e9rience d&rsquo;achat sans pr\u00e9c\u00e9dent et personnalis\u00e9e.<\/p>\n<ul>\n<li>Permet aux clients d&rsquo;afficher les produits r\u00e9cemment consult\u00e9s sur votre site Web<\/li>\n<li>Param\u00e8tres de widget personnalisables pour correspondre \u00e0 la conception de votre site Web<\/li>\n<li>Suivi et affiche automatiquement les produits r\u00e9cemment consult\u00e9s pour chaque client<\/li>\n<li>Am\u00e9liore l&rsquo;exp\u00e9rience utilisateur en facilitant la recherche de produits consult\u00e9s pr\u00e9c\u00e9demment<\/li>\n<li>Augmente la probabilit\u00e9 d&rsquo;achat en encourageant les clients \u00e0 revisiter les produits qu&rsquo;ils ont manifest\u00e9s<\/li>\n<li>Compatible avec tous les th\u00e8mes WordPress et WooCommerce<\/li>\n<li>Facile \u00e0 installer et \u00e0 configurer sans codage requis<\/li>\n<li>Fournit des informations pr\u00e9cieuses sur le comportement et les pr\u00e9f\u00e9rences des clients<\/li>\n<\/ul>\n","protected":false},"excerpt":{"rendered":"<p>Yith a r\u00e9cemment vu des produits Premium est un outil tr\u00e8s robuste et efficace qui sert le but inestimable de faciliter le suivi et la gestion transparentes des interactions ant\u00e9rieures de vos clients avec votre assortiment de produits. Gr\u00e2ce \u00e0 l&rsquo;utilisation de ce plugin remarquable, vos visiteurs estim\u00e9s de site Web sont accord\u00e9s \u00e0 la commodit\u00e9 et \u00e0 l&rsquo;efficacit\u00e9 remarquables de pouvoir retracer sans effort leurs traces et de revoir les produits qui avaient pr\u00e9c\u00e9demment attir\u00e9 leur attention, ce qui rendait ainsi leur exp\u00e9rience d&rsquo;achat globale beaucoup plus p\u00e9nible et personnalis\u00e9e et rationalis\u00e9 sans effort. L&rsquo;it\u00e9ration premium de ce plugin, en particulier, propose une gamme de fonctionnalit\u00e9s et de fonctionnalit\u00e9s extr\u00eamement avanc\u00e9es, y compris, mais sans s&rsquo;y limiter et personnaliser les param\u00e8tres d&rsquo;affichage pour les aligner impeccablement avec vos pr\u00e9f\u00e9rences de marque et esth\u00e9tiques uniques, ainsi que la capacit\u00e9 inestimable de surveiller et d&rsquo;analyser m\u00e9ticuleusement et de mani\u00e8re exhaustive les opinions et les interactions de vos clients estim\u00e9es avec vos offres pour des id\u00e9es et des strat\u00e9gies d&rsquo;optimisation instantes bas\u00e9es sur les donn\u00e9es. P\u00e2quez pas de temps et s\u00e9curisez votre propre copie de la prime des produits r\u00e9cemment consult\u00e9s r\u00e9cemment sans plus tarder, et pr\u00e9parez-vous \u00e0 assister \u00e0 une reprise sans pr\u00e9c\u00e9dent dans la qualit\u00e9 globale et la satisfaction englobant les exp\u00e9riences d&rsquo;achat de vos clients avec la plus grande confiance et assurance!<\/p>\n","protected":false},"featured_media":146423,"comment_status":"open","ping_status":"closed","template":"","meta":[],"product_brand":[2487],"product_cat":[1182,1200,1181],"product_tag":[1437],"class_list":{"0":"post-106081","1":"product","2":"type-product","3":"status-publish","4":"has-post-thumbnail","6":"product_brand-yith","7":"product_cat-commerce-electronique-plugins","8":"product_cat-commercialisation","9":"product_cat-plugins","10":"product_tag-yith","11":"member-discount","12":"discount-restricted","14":"first","15":"instock","16":"sale","17":"downloadable","18":"virtual","19":"sold-individually","20":"purchasable","21":"product-type-simple"},"_links":{"self":[{"href":"https:\/\/gpl-love.com\/fr\/wp-json\/wp\/v2\/product\/106081","targetHints":{"allow":["GET"]}}],"collection":[{"href":"https:\/\/gpl-love.com\/fr\/wp-json\/wp\/v2\/product"}],"about":[{"href":"https:\/\/gpl-love.com\/fr\/wp-json\/wp\/v2\/types\/product"}],"replies":[{"embeddable":true,"href":"https:\/\/gpl-love.com\/fr\/wp-json\/wp\/v2\/comments?post=106081"}],"wp:featuredmedia":[{"embeddable":true,"href":"https:\/\/gpl-love.com\/fr\/wp-json\/wp\/v2\/media\/146423"}],"wp:attachment":[{"href":"https:\/\/gpl-love.com\/fr\/wp-json\/wp\/v2\/media?parent=106081"}],"wp:term":[{"taxonomy":"product_brand","embeddable":true,"href":"https:\/\/gpl-love.com\/fr\/wp-json\/wp\/v2\/product_brand?post=106081"},{"taxonomy":"product_cat","embeddable":true,"href":"https:\/\/gpl-love.com\/fr\/wp-json\/wp\/v2\/product_cat?post=106081"},{"taxonomy":"product_tag","embeddable":true,"href":"https:\/\/gpl-love.com\/fr\/wp-json\/wp\/v2\/product_tag?post=106081"}],"curies":[{"name":"wp","href":"https:\/\/api.w.org\/{rel}","templated":true}]}}