{"id":106079,"date":"2024-02-26T00:00:00","date_gmt":"2024-02-25T23:00:00","guid":{"rendered":"http:\/\/gpl-love.com\/fr\/product\/yith-woocommerce-rapide-voir-premium\/"},"modified":"2026-04-18T06:32:27","modified_gmt":"2026-04-18T04:32:27","slug":"yith-woocommerce-quick-view-premium","status":"publish","type":"product","link":"https:\/\/gpl-love.com\/fr\/produit\/yith-woocommerce-quick-view-premium\/","title":{"rendered":"YITH Quick View Premium 1.38.0"},"content":{"rendered":"<h3>YITH Quick View Premium Traits<\/h3>\n<p>Yith Quick View Premium, un plugin incroyablement robuste sp\u00e9cialement con\u00e7u pour les sites Web WooCommerce, offre une exp\u00e9rience de navigation transparente pour les acheteurs en ligne en leur permettant de pr\u00e9visualiser rapidement les d\u00e9tails complets du produit sans avoir \u00e0 naviguer loin de leur page actuelle. Ce plugin, impr\u00e9gn\u00e9 d&rsquo;un niveau de personnalisation exceptionnel, permet aux propri\u00e9taires de magasins la possibilit\u00e9 de s\u00e9lectionner et de pr\u00e9senter des informations sp\u00e9cifiques m\u00e9ticuleusement dans la fonction de vue rapide, de comporter des \u00e9l\u00e9ments tels que des images de produits visuellement frappantes, des descriptions soigneusement con\u00e7ues, des notes perspicaces et des prix m\u00e9ticuleusement adapt\u00e9s. d\u00e9tails. De plus, Yith Quick View Premium amplifie davantage l&rsquo;exp\u00e9rience d&rsquo;achat en offrant aux acheteurs l&rsquo;option pratique d&rsquo;ajouter sans effort les produits souhait\u00e9s \u00e0 leur panier, explorant parfaitement des articles connexes, ainsi que partageant sans effort leurs produits les plus chers sur diverses plateformes de m\u00e9dias sociaux. En outre, l&rsquo;installation transparente et l&rsquo;interface utilisateur intuitive de ce plugin en font un atout inestimable pour tout site Web de commerce \u00e9lectronique s&rsquo;effor\u00e7ant d&rsquo;am\u00e9liorer et d&rsquo;optimiser les voyages d&rsquo;achat de leurs clients.<\/p>\n<ul>\n<li>Permet aux clients d&rsquo;afficher les d\u00e9tails du produit sans quitter la page actuelle<\/li>\n<li>Placement de bouton de vue rapide personnalisable sur les pages de produits<\/li>\n<li>Choisissez parmi plusieurs mod\u00e8les de vue rapide pour correspondre \u00e0 la conception de votre magasin<\/li>\n<li>Ajouter un produit au panier directement \u00e0 partir de la fen\u00eatre de vue rapide<\/li>\n<li>Activer ou d\u00e9sactiver les avis sur les produits en vue rapide<\/li>\n<li>Conception r\u00e9active mobile pour une exp\u00e9rience utilisateur sans couture<\/li>\n<li>Compatible avec les th\u00e8mes WooCommerce populaires<\/li>\n<li>Am\u00e9liorer l&rsquo;engagement des utilisateurs et augmenter les ventes avec cette fonctionnalit\u00e9 pratique<\/li>\n<li>Support linguistique multiple pour une client\u00e8le mondiale<\/li>\n<li>\u00c9quipe de support d\u00e9di\u00e9e disponible pour aider \u00e0 toute question ou probl\u00e8me.<\/li>\n<\/ul>\n","protected":false},"excerpt":{"rendered":"<p>Le plugin Yith Quick View Premium est un outil incroyablement robuste qui facilite la visualisation transparente des d\u00e9tails du produit pour les clients, tout en \u00e9liminant la n\u00e9cessit\u00e9 de naviguer de leur page actuelle. Son processus d&rsquo;installation sans effort associ\u00e9 \u00e0 ses param\u00e8tres hautement personnalisables permet une exp\u00e9rience d&rsquo;achat vraiment personnalis\u00e9e et \u00e9lev\u00e9e. Ce plugin remarquable est non seulement compatible avec tous les th\u00e8mes WordPress, mais s&rsquo;int\u00e8gre \u00e9galement de mani\u00e8re transparente avec WooCommerce, rationalisant ainsi davantage le processus d&rsquo;achat. En mettant en \u0153uvre le plugin Premium Yith View Yith, votre boutique en ligne doit \u00eatre consid\u00e9rablement b\u00e9n\u00e9ficiaire en termes de temps \u00e9conomis\u00e9 et, finalement, des taux de conversion accrus.<\/p>\n","protected":false},"featured_media":146422,"comment_status":"open","ping_status":"closed","template":"","meta":[],"product_brand":[2487],"product_cat":[1182,1223,1181],"product_tag":[1437],"class_list":{"0":"post-106079","1":"product","2":"type-product","3":"status-publish","4":"has-post-thumbnail","6":"product_brand-yith","7":"product_cat-commerce-electronique-plugins","8":"product_cat-personnalisation-commerce-electronique-plugins","9":"product_cat-plugins","10":"product_tag-yith","11":"member-discount","12":"discount-restricted","14":"first","15":"instock","16":"sale","17":"downloadable","18":"virtual","19":"sold-individually","20":"purchasable","21":"product-type-simple"},"_links":{"self":[{"href":"https:\/\/gpl-love.com\/fr\/wp-json\/wp\/v2\/product\/106079","targetHints":{"allow":["GET"]}}],"collection":[{"href":"https:\/\/gpl-love.com\/fr\/wp-json\/wp\/v2\/product"}],"about":[{"href":"https:\/\/gpl-love.com\/fr\/wp-json\/wp\/v2\/types\/product"}],"replies":[{"embeddable":true,"href":"https:\/\/gpl-love.com\/fr\/wp-json\/wp\/v2\/comments?post=106079"}],"wp:featuredmedia":[{"embeddable":true,"href":"https:\/\/gpl-love.com\/fr\/wp-json\/wp\/v2\/media\/146422"}],"wp:attachment":[{"href":"https:\/\/gpl-love.com\/fr\/wp-json\/wp\/v2\/media?parent=106079"}],"wp:term":[{"taxonomy":"product_brand","embeddable":true,"href":"https:\/\/gpl-love.com\/fr\/wp-json\/wp\/v2\/product_brand?post=106079"},{"taxonomy":"product_cat","embeddable":true,"href":"https:\/\/gpl-love.com\/fr\/wp-json\/wp\/v2\/product_cat?post=106079"},{"taxonomy":"product_tag","embeddable":true,"href":"https:\/\/gpl-love.com\/fr\/wp-json\/wp\/v2\/product_tag?post=106079"}],"curies":[{"name":"wp","href":"https:\/\/api.w.org\/{rel}","templated":true}]}}