{"id":106077,"date":"2023-10-04T00:00:00","date_gmt":"2023-10-03T22:00:00","guid":{"rendered":"http:\/\/gpl-love.com\/fr\/product\/yith-woocommerce-quick-export-prime\/"},"modified":"2026-04-18T06:32:25","modified_gmt":"2026-04-18T04:32:25","slug":"yith-woocommerce-quick-export-premium","status":"publish","type":"product","link":"https:\/\/gpl-love.com\/fr\/produit\/yith-woocommerce-quick-export-premium\/","title":{"rendered":"YITH Quick Export Premium 1.3.10"},"content":{"rendered":"<h3>YITH Quick Export Premium Traits<\/h3>\n<p>Yith Quick Export Premium, un outil tr\u00e8s robuste, offre aux utilisateurs la capacit\u00e9 d&rsquo;exporter facilement et rapidement leurs donn\u00e9es de leur boutique en ligne. Ce plugin de pointe permet aux individus d&rsquo;exporter sans effort une pl\u00e9thore d&rsquo;informations de leur boutique en quelques clics simples, englobant des produits, des commandes, des clients, etc. Il poss\u00e8de notamment une interface remarquablement conviviale et un \u00e9ventail d&rsquo;options de personnalisation, offrant ainsi aux utilisateurs la possibilit\u00e9 d&rsquo;adapter leurs exportations \u00e0 s&rsquo;aligner pr\u00e9cis\u00e9ment avec leurs exigences uniques. Que l&rsquo;objectif implique de transf\u00e9rer des donn\u00e9es sur une nouvelle plate-forme ou de simplement g\u00e9n\u00e9rer des sauvegardes des informations inestimables du magasin, Yith Export Premium fournit une solution rapide et efficace. Avec ses fonctionnalit\u00e9s avanc\u00e9es et son int\u00e9gration transparente avec des plateformes de commerce \u00e9lectronique estim\u00e9es, ce plugin constitue un instrument indispensable pour tout propri\u00e9taire de magasin en ligne qui cherche \u00e0 rationaliser leurs op\u00e9rations et \u00e0 optimiser leur productivit\u00e9 globale.<\/p>\n<ul>\n<li>Vous permet d&rsquo;exporter et de t\u00e9l\u00e9charger diverses donn\u00e9es \u00e0 partir de votre boutique WooCommerce<\/li>\n<li>Fournit un moyen rapide et efficace d&rsquo;exporter de grandes quantit\u00e9s de donn\u00e9es \u00e0 la fois<\/li>\n<li>Interface utilisateur simple et intuitive pour une utilisation facile<\/li>\n<li>Options d&rsquo;exportation personnalisables pour r\u00e9pondre \u00e0 vos besoins sp\u00e9cifiques<\/li>\n<li>Possibilit\u00e9 de planifier des exportations automatiques pour la gestion des donn\u00e9es rationalis\u00e9es<\/li>\n<li>Prend en charge plusieurs formats de fichiers, y compris CSV et Excel<\/li>\n<li>Offre des options de filtrage et de tri de donn\u00e9es pour un meilleur contr\u00f4le sur les donn\u00e9es export\u00e9es<\/li>\n<li>Compatible avec une vari\u00e9t\u00e9 d&rsquo;extensions de woocomence pour une fonctionnalit\u00e9 \u00e9largie<\/li>\n<li>Cr\u00e9ation rapide de sauvegardes des donn\u00e9es de votre magasin pour la garde<\/li>\n<li>Fournit des fichiers journaux d\u00e9taill\u00e9s pour suivre et g\u00e9rer le processus d&rsquo;exportation.<\/li>\n<\/ul>\n","protected":false},"excerpt":{"rendered":"<p>Yith Quick Export Premium, un plugin WordPress remarquablement robuste, pr\u00e9sente aux utilisateurs la capacit\u00e9 transparente d&rsquo;exporter rapidement et sans effort leurs abondants donn\u00e9es de magasin WooCommerce. En s&rsquo;engageant simplement dans quelques clics minimalistes, on peut exporter sans effort une pl\u00e9thore d&rsquo;\u00e9l\u00e9ments essentiels, y compris les commandes, les produits, les clients et un assortiment d&rsquo;autres, tous \u00e9tonnamment format\u00e9s en CSV ou en XML. Enrichissant davantage l&rsquo;exp\u00e9rience utilisateur, ce plugin propose une gamme diversifi\u00e9e d&rsquo;options de personnalisation, dans lesquelles les individus peuvent utiliser s\u00e9lectivement des filtres sp\u00e9cifiques et cat\u00e9goriser efficacement les commandes selon leur pr\u00e9f\u00e9rence. Par cons\u00e9quent, que l&rsquo;intention soit de prot\u00e9ger ses donn\u00e9es inestimables ou de passer gracieusement \u00e0 une plate-forme alternative, Yith Quick Export Premium est la r\u00e9solution par excellence pour tout propri\u00e9taire de magasin WooCommerce.<\/p>\n","protected":false},"featured_media":146420,"comment_status":"open","ping_status":"closed","template":"","meta":[],"product_brand":[2487],"product_cat":[1183,1182,1181],"product_tag":[1437],"class_list":{"0":"post-106077","1":"product","2":"type-product","3":"status-publish","4":"has-post-thumbnail","6":"product_brand-yith","7":"product_cat-administration","8":"product_cat-commerce-electronique-plugins","9":"product_cat-plugins","10":"product_tag-yith","11":"member-discount","12":"discount-restricted","14":"first","15":"instock","16":"sale","17":"downloadable","18":"virtual","19":"sold-individually","20":"purchasable","21":"product-type-simple"},"_links":{"self":[{"href":"https:\/\/gpl-love.com\/fr\/wp-json\/wp\/v2\/product\/106077","targetHints":{"allow":["GET"]}}],"collection":[{"href":"https:\/\/gpl-love.com\/fr\/wp-json\/wp\/v2\/product"}],"about":[{"href":"https:\/\/gpl-love.com\/fr\/wp-json\/wp\/v2\/types\/product"}],"replies":[{"embeddable":true,"href":"https:\/\/gpl-love.com\/fr\/wp-json\/wp\/v2\/comments?post=106077"}],"wp:featuredmedia":[{"embeddable":true,"href":"https:\/\/gpl-love.com\/fr\/wp-json\/wp\/v2\/media\/146420"}],"wp:attachment":[{"href":"https:\/\/gpl-love.com\/fr\/wp-json\/wp\/v2\/media?parent=106077"}],"wp:term":[{"taxonomy":"product_brand","embeddable":true,"href":"https:\/\/gpl-love.com\/fr\/wp-json\/wp\/v2\/product_brand?post=106077"},{"taxonomy":"product_cat","embeddable":true,"href":"https:\/\/gpl-love.com\/fr\/wp-json\/wp\/v2\/product_cat?post=106077"},{"taxonomy":"product_tag","embeddable":true,"href":"https:\/\/gpl-love.com\/fr\/wp-json\/wp\/v2\/product_tag?post=106077"}],"curies":[{"name":"wp","href":"https:\/\/api.w.org\/{rel}","templated":true}]}}