{"id":106075,"date":"2023-10-04T00:00:00","date_gmt":"2023-10-03T22:00:00","guid":{"rendered":"http:\/\/gpl-love.com\/fr\/product\/yith-woocommerce-rapide-checkout-pour-les-produits-numeriques-haut-de-gamme\/"},"modified":"2026-04-18T06:32:24","modified_gmt":"2026-04-18T04:32:24","slug":"yith-woocommerce-quick-checkout-for-digital-goods-premium","status":"publish","type":"product","link":"https:\/\/gpl-love.com\/fr\/produit\/yith-woocommerce-quick-checkout-for-digital-goods-premium\/","title":{"rendered":"YITH Quick Checkout pour Digital Goods Premium 1.26.0"},"content":{"rendered":"<h3>YITH Quick Checkout pour Digital Goods Premium Traits<\/h3>\n<p>Yith Quick Checkout pour Digital Goods Premium est un outil extr\u00eamement puissant et efficace qui a \u00e9t\u00e9 m\u00e9ticuleusement con\u00e7u pour simplifier et rationaliser efficacement l&rsquo;int\u00e9gralit\u00e9 du processus de paiement sp\u00e9cifiquement adapt\u00e9 aux produits num\u00e9riques. Il permet de mani\u00e8re impeccable aux clients en leur offrant la capacit\u00e9 transparente de se procurer sans effort des biens num\u00e9riques sans l&rsquo;exigence ardue de remplir des formes \u00e9tendues ou de naviguer \u00e0 travers un d\u00e9dale de pages labyrinthique. Le plugin impressionnant pr\u00e9sente une interface remarquablement intuitive et sans \u00e9quivoque conviviale, ce qui le rend \u00e9tonnamment sans effort pour que les clients puissent consommer leurs commandes avec juste une simple poign\u00e9e de clics. Incontestablement, gr\u00e2ce \u00e0 la mise en \u0153uvre strat\u00e9gique de ce plugin exceptionnel, on peut ind\u00e9niablement et visiblement restreindre le ph\u00e9nom\u00e8ne d\u00e9courageant de l&rsquo;abandon de la chariot tout en augmentant et am\u00e9liorant simultan\u00e9ment la totalit\u00e9 de l&rsquo;exp\u00e9rience client, ce qui entra\u00eene une surtension exponentielle des ventes et des revenus. De plus, il est important de souligner le fait que le plugin se distingue en outre par ses attributs sup\u00e9rieurs et tr\u00e8s sophistiqu\u00e9s, dont certains englobent, mais sans s&rsquo;y limiter des passerelles de paiement, ce qui le rend collectivement un choix in\u00e9gal\u00e9 et pr\u00e9\u00e9minent pour toute entreprise en ligne sp\u00e9cialis\u00e9e dans la vente de produits num\u00e9riques.<\/p>\n<ul>\n<li>Processus de paiement facile et rapide pour les biens num\u00e9riques<\/li>\n<li>Possibilit\u00e9 de personnaliser la page de paiement avec la marque et les champs personnalis\u00e9s<\/li>\n<li>Option pour le paiement des invit\u00e9s ou l&rsquo;inscription rapide<\/li>\n<li>Int\u00e9gration avec des passerelles de paiement populaires, notamment PayPal, Stripe et Authorize.net<\/li>\n<li>Confirmation de courriel automatis\u00e9e et livraison de produits num\u00e9riques<\/li>\n<li>Option pour les clients \u00e0 t\u00e9l\u00e9charger des produits achet\u00e9s \u00e0 partir de leur tableau de bord de compte<\/li>\n<li>Rapports d\u00e9taill\u00e9s et analyses pour suivre les ventes et le comportement des clients<\/li>\n<li>Compatibilit\u00e9 avec les plateformes de commerce \u00e9lectronique populaires telles que WooCommerce et les t\u00e9l\u00e9chargements num\u00e9riques faciles<\/li>\n<li>Processus de paiement fiable et s\u00e9curis\u00e9 pour prot\u00e9ger les donn\u00e9es et les transactions des clients<\/li>\n<li>Support client r\u00e9actif et mises \u00e0 jour r\u00e9guli\u00e8res pour des performances optimales.<\/li>\n<\/ul>\n","protected":false},"excerpt":{"rendered":"<p>Yith Quick Checkout pour Digital Goods Premium est un outil extr\u00eamement robuste et tr\u00e8s efficace qui a \u00e9t\u00e9 m\u00e9ticuleusement con\u00e7u dans le seul but d&rsquo;augmenter et d&rsquo;optimiser l&rsquo;exp\u00e9rience de paiement globale pour une large gamme de produits num\u00e9riques, y compris mais sans s&rsquo;y limiter, les livres \u00e9lectroniques, les logiciels, musique, et bien d&rsquo;autres. Ce plugin in\u00e9gal\u00e9 accorde \u00e0 votre client\u00e8le estim\u00e9 l&rsquo;occasion inestimable pour finaliser sans effort et rapidement leurs achats sans toute redirection inutile vers une page Web enti\u00e8rement s\u00e9par\u00e9e, aboutissant ainsi \u00e0 un taux de conversion sans pr\u00e9c\u00e9dent en ligne. By virtue of its remarkable array of cutting-edge features such as the immensely convenient multi-step checkout functionality, the irreplaceably convenient one-click checkout mechanism, as well as the supremely adaptable and modifiable fields, you are unequivocally bestowed with the phenomenal power and La libert\u00e9 de personnaliser et d&rsquo;adapter compl\u00e8tement toute la proc\u00e9dure de paiement et de traiter pour s&rsquo;aligner de mani\u00e8re transparente avec et r\u00e9pondre aux conditions et pr\u00e9f\u00e9rences les plus sp\u00e9cifiques et les plus distinctives de votre client\u00e8le exigeante. Poser plus de temps et \u00e9lever et amplifier les prouesses et l&rsquo;efficacit\u00e9 de votre magasin num\u00e9rique estim\u00e9 de nos jours avec la caisse rapide impressionnante et irr\u00e9futable.<\/p>\n","protected":false},"featured_media":146419,"comment_status":"open","ping_status":"closed","template":"","meta":[],"product_brand":[2487],"product_cat":[1182,1223,1181],"product_tag":[1437],"class_list":{"0":"post-106075","1":"product","2":"type-product","3":"status-publish","4":"has-post-thumbnail","6":"product_brand-yith","7":"product_cat-commerce-electronique-plugins","8":"product_cat-personnalisation-commerce-electronique-plugins","9":"product_cat-plugins","10":"product_tag-yith","11":"member-discount","12":"discount-restricted","14":"first","15":"instock","16":"sale","17":"downloadable","18":"virtual","19":"sold-individually","20":"purchasable","21":"product-type-simple"},"_links":{"self":[{"href":"https:\/\/gpl-love.com\/fr\/wp-json\/wp\/v2\/product\/106075","targetHints":{"allow":["GET"]}}],"collection":[{"href":"https:\/\/gpl-love.com\/fr\/wp-json\/wp\/v2\/product"}],"about":[{"href":"https:\/\/gpl-love.com\/fr\/wp-json\/wp\/v2\/types\/product"}],"replies":[{"embeddable":true,"href":"https:\/\/gpl-love.com\/fr\/wp-json\/wp\/v2\/comments?post=106075"}],"wp:featuredmedia":[{"embeddable":true,"href":"https:\/\/gpl-love.com\/fr\/wp-json\/wp\/v2\/media\/146419"}],"wp:attachment":[{"href":"https:\/\/gpl-love.com\/fr\/wp-json\/wp\/v2\/media?parent=106075"}],"wp:term":[{"taxonomy":"product_brand","embeddable":true,"href":"https:\/\/gpl-love.com\/fr\/wp-json\/wp\/v2\/product_brand?post=106075"},{"taxonomy":"product_cat","embeddable":true,"href":"https:\/\/gpl-love.com\/fr\/wp-json\/wp\/v2\/product_cat?post=106075"},{"taxonomy":"product_tag","embeddable":true,"href":"https:\/\/gpl-love.com\/fr\/wp-json\/wp\/v2\/product_tag?post=106075"}],"curies":[{"name":"wp","href":"https:\/\/api.w.org\/{rel}","templated":true}]}}