{"id":106073,"date":"2024-02-26T00:00:00","date_gmt":"2024-02-25T23:00:00","guid":{"rendered":"http:\/\/gpl-love.com\/fr\/product\/yith-woocommerce-questions-et-reponses-haut-de-gamme\/"},"modified":"2026-04-18T06:32:24","modified_gmt":"2026-04-18T04:32:24","slug":"yith-woocommerce-questions-and-answers-premium","status":"publish","type":"product","link":"https:\/\/gpl-love.com\/fr\/produit\/yith-woocommerce-questions-and-answers-premium\/","title":{"rendered":"YITH Questions et Answers Premium 1.33.1"},"content":{"rendered":"<h3>YITH Questions et Answers Premium Traits<\/h3>\n<p>Yith Questions and Answers Premium, un plugin exceptionnellement puissant, sert de moyen efficace par lequel les clients peuvent se renseigner sur les produits sur votre boutique WooCommerce et obtenir des r\u00e9ponses perspicaces. Ce plugin facilite non seulement le processus d&rsquo;obtention des informations essentielles n\u00e9cessaires pour prendre des d\u00e9cisions d&rsquo;achat \u00e9clair\u00e9es, mais contribue \u00e9galement \u00e0 l&rsquo;augmentation de l&rsquo;engagement des clients et des niveaux de satisfaction. Avec l&rsquo;utilisation des questions et r\u00e9ponses de Yith premium, la gestion et la mod\u00e9ration de toutes les requ\u00eates et les r\u00e9ponses correspondantes deviennent sans effort rationalis\u00e9es, tandis que la mise en \u0153uvre des syst\u00e8mes de notification garantit que vous recevez rapidement des alertes relatives aux questions nouvellement publi\u00e9es. De plus, ce plugin propose une gamme de fonctionnalit\u00e9s suppl\u00e9mentaires, y compris, mais sans s&rsquo;y limiter, un syst\u00e8me de vote, une vaste section FAQ et la capacit\u00e9 de pr\u00e9senter des questions et des r\u00e9ponses directement sur les pages de produits. En fin de compte, la prime des questions et r\u00e9ponses de Yith appara\u00eet comme un outil indispensable pour tout propri\u00e9taire d&rsquo;un magasin WooCommerce qui s&rsquo;efforce d&rsquo;am\u00e9liorer l&rsquo;engagement des clients et de renforcer les ventes.<\/p>\n<ul>\n<li>Permet aux clients de poser des questions sur les produits directement sur la page du produit<\/li>\n<li>Les administrateurs et autres clients peuvent r\u00e9pondre \u00e0 des questions, cr\u00e9ant une base de connaissances ax\u00e9e sur la communaut\u00e9<\/li>\n<li>Aide \u00e0 renforcer la confiance et \u00e0 augmenter les ventes en r\u00e9pondant aux pr\u00e9occupations des clients et en fournissant des informations transparentes<\/li>\n<li>Offre des outils de mod\u00e9ration pour emp\u00eacher le spam ou le contenu inappropri\u00e9<\/li>\n<li>Permet aux clients de recevoir des notifications par e-mail lorsque leurs questions ou r\u00e9ponses sont r\u00e9pondues \u00e0<\/li>\n<li>Permet aux administrateurs de configurer des champs personnalis\u00e9s pour les informations sur les produits dans le formulaire de questions<\/li>\n<li>Peut \u00eatre utilis\u00e9 avec n&rsquo;importe quel th\u00e8me WordPress ou plate-forme de commerce \u00e9lectronique<\/li>\n<li>Fournit des informations sur les produits populaires et les questions les plus fr\u00e9quemment pos\u00e9es via le tableau de bord<\/li>\n<li>Offre un design professionnel et moderne qui s&rsquo;int\u00e8gre parfaitement \u00e0 votre site Web<\/li>\n<li>Fournit un excellent support client et des mises \u00e0 jour r\u00e9guli\u00e8res pour assurer une fonctionnalit\u00e9 fluide.<\/li>\n<\/ul>\n","protected":false},"excerpt":{"rendered":"<p>Yith Question and Answers Premium est un outil extr\u00eamement puissant qui vous accorde la capacit\u00e9 d&rsquo;int\u00e9grer un syst\u00e8me de questions et r\u00e9ponses complexe et raffin\u00e9 dans votre boutique en ligne estim\u00e9e. En utilisant ce plugin remarquable, vos clients ch\u00e9ris ont la possibilit\u00e9 de se renseigner sur divers produits et de recevoir des r\u00e9ponses d\u00e9taill\u00e9es directement de votre moi estim\u00e9 ou m\u00eame des autres clients. Cet attribut interactif et engageant aide parfaitement \u00e0 la fortification de la confiance parmi votre client\u00e8le estim\u00e9e tout en am\u00e9liorant et en augmentant l&rsquo;exp\u00e9rience d&rsquo;achat globale. En prime, la version premium de cet outil remarquable vous accorde une pl\u00e9thore de fonctionnalit\u00e9s suppl\u00e9mentaires qui englobent des options de recherche avanc\u00e9es, des notifications par e-mail et la capacit\u00e9 exalt\u00e9e \u00e0 d\u00e9signer certaines questions comme priv\u00e9es. Pour se pr\u00e9lasser dans toute la mesure de ces attributs remarquables et r\u00e9volutionner votre site Web de commerce \u00e9lectronique, il est recommand\u00e9 sans \u00e9quivoque de passer rapidement \u00e0 la prime des questions et r\u00e9ponses de Yith.<\/p>\n","protected":false},"featured_media":146418,"comment_status":"open","ping_status":"closed","template":"","meta":[],"product_brand":[2487],"product_cat":[1183,1182,1181],"product_tag":[1437],"class_list":{"0":"post-106073","1":"product","2":"type-product","3":"status-publish","4":"has-post-thumbnail","6":"product_brand-yith","7":"product_cat-administration","8":"product_cat-commerce-electronique-plugins","9":"product_cat-plugins","10":"product_tag-yith","11":"member-discount","12":"discount-restricted","14":"first","15":"instock","16":"sale","17":"downloadable","18":"virtual","19":"sold-individually","20":"purchasable","21":"product-type-simple"},"_links":{"self":[{"href":"https:\/\/gpl-love.com\/fr\/wp-json\/wp\/v2\/product\/106073","targetHints":{"allow":["GET"]}}],"collection":[{"href":"https:\/\/gpl-love.com\/fr\/wp-json\/wp\/v2\/product"}],"about":[{"href":"https:\/\/gpl-love.com\/fr\/wp-json\/wp\/v2\/types\/product"}],"replies":[{"embeddable":true,"href":"https:\/\/gpl-love.com\/fr\/wp-json\/wp\/v2\/comments?post=106073"}],"wp:featuredmedia":[{"embeddable":true,"href":"https:\/\/gpl-love.com\/fr\/wp-json\/wp\/v2\/media\/146418"}],"wp:attachment":[{"href":"https:\/\/gpl-love.com\/fr\/wp-json\/wp\/v2\/media?parent=106073"}],"wp:term":[{"taxonomy":"product_brand","embeddable":true,"href":"https:\/\/gpl-love.com\/fr\/wp-json\/wp\/v2\/product_brand?post=106073"},{"taxonomy":"product_cat","embeddable":true,"href":"https:\/\/gpl-love.com\/fr\/wp-json\/wp\/v2\/product_cat?post=106073"},{"taxonomy":"product_tag","embeddable":true,"href":"https:\/\/gpl-love.com\/fr\/wp-json\/wp\/v2\/product_tag?post=106073"}],"curies":[{"name":"wp","href":"https:\/\/api.w.org\/{rel}","templated":true}]}}