{"id":106071,"date":"2025-08-31T00:00:00","date_gmt":"2025-08-30T22:00:00","guid":{"rendered":"http:\/\/gpl-love.com\/fr\/product\/yith-woocommerce-produit-curseur-carrousel-haut-de-gamme\/"},"modified":"2026-04-06T00:31:57","modified_gmt":"2026-04-05T22:31:57","slug":"yith-woocommerce-product-slider-carousel-premium","status":"publish","type":"product","link":"https:\/\/gpl-love.com\/fr\/produit\/yith-woocommerce-product-slider-carousel-premium\/","title":{"rendered":"YITH Product Slider Carousel Premium 1.47.0"},"content":{"rendered":"<h3>YITH Product Slider Carousel Premium Traits<\/h3>\n<p>Yith Product Slider Carrousel Premium est un plugin tr\u00e8s avanc\u00e9 et sophistiqu\u00e9 sp\u00e9cialement con\u00e7u pour augmenter la conception globale et l&rsquo;exp\u00e9rience utilisateur d&rsquo;un site Web. Cet outil exceptionnel sert de moyen parfait de montrer des produits de mani\u00e8re esth\u00e9tique et visuellement captivante. En tirant parti de la puissance de ce plugin, les utilisateurs peuvent g\u00e9n\u00e9rer sans effort des curseurs et des carrousels qui attirent efficacement les clients potentiels, entra\u00eenant ainsi une augmentation substantielle des chiffres de vente. La vaste gamme d&rsquo;options de personnalisation disponibles avec ce plugin permet une adaptation transparente \u00e0 diverses exigences, englobant un assortiment de dispositions, d&rsquo;effets de transition et de styles d&rsquo;animation. De plus, la r\u00e9activit\u00e9 inh\u00e9rente et les attributs adapt\u00e9s aux mobiles de ce plugin garantissent que les clients peuvent naviguer de mani\u00e8re transparente sur le site Web et profiter d&rsquo;une exp\u00e9rience utilisateur coh\u00e9rente sur divers appareils. La mise en \u0153uvre de Yith Product Slider Carousel Premium Premium autorise les propri\u00e9taires de sites Web \u00e0 g\u00e9rer sans effort les galeries de produits captivantes qui stimulent activement l&rsquo;engagement des utilisateurs et finalement aboutir \u00e0 des taux de conversion accrus.<\/p>\n<ul>\n<li>Un plugin WordPress premium pour cr\u00e9er des curseurs et des carrousels de produits attrayants et polyvalents sur votre site Web<\/li>\n<li>Interface facile \u00e0 utiliser et personnalisable avec plusieurs options pour la conception du curseur<\/li>\n<li>Option pour inclure diff\u00e9rents types de contenu dans le curseur tels que les produits, les images et les publications<\/li>\n<li>Prend en charge l&rsquo;int\u00e9gration avec WooCommerce pour afficher des produits dans le curseur<\/li>\n<li>Conception r\u00e9active qui s&rsquo;adapte \u00e0 diff\u00e9rentes tailles d&rsquo;\u00e9cran et appareils<\/li>\n<li>Divers effets d&rsquo;animation au choix pour rendre le curseur encore plus attrayant<\/li>\n<li>Prend en charge la navigation tactile pour les appareils mobiles<\/li>\n<li>Option d&rsquo;afficher le curseur dans diff\u00e9rentes positions sur votre site Web, comme la page d&rsquo;accueil, la barre lat\u00e9rale ou le pied de page<\/li>\n<li>S\u00e9o avec des options pour ajouter des balises et des titres alt pour les images<\/li>\n<li>Comprend une documentation d\u00e9taill\u00e9e pour une configuration et une configuration faciles<\/li>\n<li>Mises \u00e0 jour r\u00e9guli\u00e8res et support client de l&rsquo;\u00e9quipe Yith pour assurer un fonctionnement fluide du plugin.<\/li>\n<\/ul>\n","protected":false},"excerpt":{"rendered":"<p>Yith Product Slider Carrousel Premium est un plugin incroyablement puissant et adaptable, con\u00e7u pour vous permettre de cr\u00e9er des carrousels et des curseurs de produits captivants et visuellement \u00e9poustouflants pour votre site Web bien-aim\u00e9 WooCommerce. Son interface conviviale associ\u00e9e \u00e0 ses param\u00e8tres personnalisables vous donne la capacit\u00e9 in\u00e9gal\u00e9e \u00e0 montrer votre gamme de produits dans un assortiment de mani\u00e8res s\u00e9duisantes, y compris, mais sans s&rsquo;y limiter, comme les derniers ajouts, comme les articles les plus en \u00e9vidence, et beaucoup plus. De plus, ce plugin remarquable int\u00e8gre de mani\u00e8re transparente les fonctionnalit\u00e9s de navigation sensibles au toucher et \u00e0 glissement pour optimiser et \u00e9lever l&rsquo;exp\u00e9rience utilisateur globale, en particulier sur les appareils mobiles toujours populaires et omnipr\u00e9sents. Embrassez le potentiel transformateur de la prime de carrousel du curseur de produit Yith et assistez \u00e0 une recrudescence remarquable de vos taux de conversion et \u00e0 une augmentation exponentielle de vos chiffres de vente.<\/p>\n","protected":false},"featured_media":146417,"comment_status":"open","ping_status":"closed","template":"","meta":[],"product_brand":[2487],"product_cat":[1182,1223,1181],"product_tag":[1437],"class_list":{"0":"post-106071","1":"product","2":"type-product","3":"status-publish","4":"has-post-thumbnail","6":"product_brand-yith","7":"product_cat-commerce-electronique-plugins","8":"product_cat-personnalisation-commerce-electronique-plugins","9":"product_cat-plugins","10":"product_tag-yith","11":"member-discount","12":"discount-restricted","14":"first","15":"instock","16":"sale","17":"downloadable","18":"virtual","19":"sold-individually","20":"purchasable","21":"product-type-simple"},"_links":{"self":[{"href":"https:\/\/gpl-love.com\/fr\/wp-json\/wp\/v2\/product\/106071","targetHints":{"allow":["GET"]}}],"collection":[{"href":"https:\/\/gpl-love.com\/fr\/wp-json\/wp\/v2\/product"}],"about":[{"href":"https:\/\/gpl-love.com\/fr\/wp-json\/wp\/v2\/types\/product"}],"replies":[{"embeddable":true,"href":"https:\/\/gpl-love.com\/fr\/wp-json\/wp\/v2\/comments?post=106071"}],"wp:featuredmedia":[{"embeddable":true,"href":"https:\/\/gpl-love.com\/fr\/wp-json\/wp\/v2\/media\/146417"}],"wp:attachment":[{"href":"https:\/\/gpl-love.com\/fr\/wp-json\/wp\/v2\/media?parent=106071"}],"wp:term":[{"taxonomy":"product_brand","embeddable":true,"href":"https:\/\/gpl-love.com\/fr\/wp-json\/wp\/v2\/product_brand?post=106071"},{"taxonomy":"product_cat","embeddable":true,"href":"https:\/\/gpl-love.com\/fr\/wp-json\/wp\/v2\/product_cat?post=106071"},{"taxonomy":"product_tag","embeddable":true,"href":"https:\/\/gpl-love.com\/fr\/wp-json\/wp\/v2\/product_tag?post=106071"}],"curies":[{"name":"wp","href":"https:\/\/api.w.org\/{rel}","templated":true}]}}