{"id":106069,"date":"2024-02-26T00:00:00","date_gmt":"2024-02-25T23:00:00","guid":{"rendered":"http:\/\/gpl-love.com\/fr\/product\/yith-woocommerce-produit-compte-a-rebours-haut-de-gamme\/"},"modified":"2026-04-18T06:32:19","modified_gmt":"2026-04-18T04:32:19","slug":"yith-woocommerce-product-countdown-premium","status":"publish","type":"product","link":"https:\/\/gpl-love.com\/fr\/produit\/yith-woocommerce-product-countdown-premium\/","title":{"rendered":"YITH Product Countdown Premium 1.37.0"},"content":{"rendered":"<h3>YITH Product Countdown Premium Traits<\/h3>\n<p>Le Yith Product Countdown Premium est un outil remarquablement puissant qui sert \u00e0 vous permettre d&rsquo;\u00e9tablir un sentiment d&rsquo;urgence accru par rapport \u00e0 vos offres de produits. En utilisant ce plugin extraordinaire, vous avez la possibilit\u00e9 d&rsquo;\u00e9tablir sans effort les minuteries \u00e0 rebours pour vos produits, soulignant ainsi efficacement le temps limit\u00e9 restant pour une vente ou un \u00e9v\u00e9nement. Cette caract\u00e9ristique particuli\u00e8re s&rsquo;av\u00e8re extr\u00eamement avantageuse en termes d&rsquo;augmentation des conversions et de renforcement des ventes, car il cultive efficacement une perception de la raret\u00e9, ce qui obligeait finalement les clients \u00e0 agir rapidement avant que l&rsquo;opportunit\u00e9 ne s&rsquo;\u00e9loigne. En outre, il convient de noter que les processus d&rsquo;installation et de personnalisation associ\u00e9s \u00e0 ce plugin sont \u00e0 la fois simples et arrangeants, car l&rsquo;interface utilisateur pr\u00e9sente une simplicit\u00e9 inh\u00e9rente qui le rend facilement accessible aux individus de tous niveaux. Pour r\u00e9sumer, sans aucun doute, le Yith Product Countdown Premium est une ressource indispensable pour tous ceux qui cherchent \u00e0 optimiser leur potentiel de vente et \u00e0 engendrer un sentiment d&rsquo;urgence accru vis-\u00e0-vis de leurs offres de produits.<\/p>\n<ul>\n<li>Yith Product Countdown Premium est un plugin puissant qui vous aide \u00e0 cr\u00e9er des offres et des promotions passionnantes sur votre boutique en ligne<\/li>\n<li>Avec ce plugin, vous pouvez facilement cr\u00e9er des minuteries \u00e0 rebours pour vos produits, ce qui cr\u00e9era un sentiment d&rsquo;urgence et encourager vos clients \u00e0 faire un achat<\/li>\n<li>Le plugin propose divers styles de minuterie et options de personnalisation, vous permettant de cr\u00e9er une minuterie qui correspond \u00e0 la marque et au style de votre magasin<\/li>\n<li>Vous pouvez choisir d&rsquo;afficher la minuterie sur des produits sp\u00e9cifiques ou dans toute votre boutique, en fonction de vos besoins et objectifs<\/li>\n<li>Yith Product Countdown Premium offre \u00e9galement la possibilit\u00e9 de planifier la minuterie, vous pouvez donc le d\u00e9finir pour appara\u00eetre uniquement pendant certaines p\u00e9riodes ou \u00e0 des dates sp\u00e9cifiques<\/li>\n<li>Le plugin est facile \u00e0 installer et \u00e0 configurer, m\u00eame si vous n&rsquo;avez aucune connaissance ou exp\u00e9rience de codage<\/li>\n<li>Yith Product Countdown Premium est enti\u00e8rement r\u00e9actif, garantissant que vos minuteries sont superbes sur toutes les tailles et appareils d&rsquo;\u00e9cran<\/li>\n<li>Le plugin est compatible avec tous les principaux th\u00e8mes et plugins WordPress, garantissant qu&rsquo;il fonctionne parfaitement avec votre configuration existante<\/li>\n<li>Yith Product Countdown Premium est livr\u00e9 avec un support client d\u00e9di\u00e9 et des mises \u00e0 jour r\u00e9guli\u00e8res pour vous assurer que votre magasin reste toujours \u00e0 jour et s\u00e9curis\u00e9.<\/li>\n<\/ul>\n","protected":false},"excerpt":{"rendered":"<p>Yith Product Countdown Premium, une solution robuste pour les marchands de commerce \u00e9lectronique visant \u00e0 augmenter les ventes et \u00e0 inculquer un sentiment d&rsquo;urgence chez les clients, appara\u00eet comme un plugin WordPress indispensable. En int\u00e9grant le compte \u00e0 rebours sur vos pages de produits, ce plugin informe efficacement les acheteurs potentiels de l&rsquo;expiration imminente des offres exclusives. Poss\u00e9dant une pl\u00e9thore de styles de minuterie personnalisables, de messages et de dates de d\u00e9but et de fin, vous pouvez fabriquer sans effort des campagnes captivantes centr\u00e9es sur l&rsquo;urgence qui donnent des taux de conversion in\u00e9gal\u00e9s et maximiser la g\u00e9n\u00e9ration de revenus. Que vous cherchiez \u00e0 prolonger une remise limit\u00e9e dans le temps ou \u00e0 approuver l&rsquo;introduction d&rsquo;un nouveau produit, Yith Product Countdown Premium se pr\u00e9sente comme l&rsquo;outil par excellence, exer\u00e7ant une influence de motivation et incitant les clients \u00e0 terminer rapidement leurs achats.<\/p>\n","protected":false},"featured_media":146413,"comment_status":"open","ping_status":"closed","template":"","meta":[],"product_brand":[2487],"product_cat":[1182,1200,1181],"product_tag":[1437],"class_list":{"0":"post-106069","1":"product","2":"type-product","3":"status-publish","4":"has-post-thumbnail","6":"product_brand-yith","7":"product_cat-commerce-electronique-plugins","8":"product_cat-commercialisation","9":"product_cat-plugins","10":"product_tag-yith","11":"member-discount","12":"discount-restricted","14":"first","15":"instock","16":"sale","17":"downloadable","18":"virtual","19":"sold-individually","20":"purchasable","21":"product-type-simple"},"_links":{"self":[{"href":"https:\/\/gpl-love.com\/fr\/wp-json\/wp\/v2\/product\/106069","targetHints":{"allow":["GET"]}}],"collection":[{"href":"https:\/\/gpl-love.com\/fr\/wp-json\/wp\/v2\/product"}],"about":[{"href":"https:\/\/gpl-love.com\/fr\/wp-json\/wp\/v2\/types\/product"}],"replies":[{"embeddable":true,"href":"https:\/\/gpl-love.com\/fr\/wp-json\/wp\/v2\/comments?post=106069"}],"wp:featuredmedia":[{"embeddable":true,"href":"https:\/\/gpl-love.com\/fr\/wp-json\/wp\/v2\/media\/146413"}],"wp:attachment":[{"href":"https:\/\/gpl-love.com\/fr\/wp-json\/wp\/v2\/media?parent=106069"}],"wp:term":[{"taxonomy":"product_brand","embeddable":true,"href":"https:\/\/gpl-love.com\/fr\/wp-json\/wp\/v2\/product_brand?post=106069"},{"taxonomy":"product_cat","embeddable":true,"href":"https:\/\/gpl-love.com\/fr\/wp-json\/wp\/v2\/product_cat?post=106069"},{"taxonomy":"product_tag","embeddable":true,"href":"https:\/\/gpl-love.com\/fr\/wp-json\/wp\/v2\/product_tag?post=106069"}],"curies":[{"name":"wp","href":"https:\/\/api.w.org\/{rel}","templated":true}]}}