{"id":106067,"date":"2025-07-30T00:00:00","date_gmt":"2025-07-29T22:00:00","guid":{"rendered":"http:\/\/gpl-love.com\/fr\/product\/yith-woocommerce-bundles-produit-premium\/"},"modified":"2026-04-18T06:32:18","modified_gmt":"2026-04-18T04:32:18","slug":"yith-woocommerce-product-bundles-premium","status":"publish","type":"product","link":"https:\/\/gpl-love.com\/fr\/produit\/yith-woocommerce-product-bundles-premium\/","title":{"rendered":"YITH Product Bundles Premium 2.18.0"},"content":{"rendered":"<h3>YITH Product Bundles Premium Traits<\/h3>\n<p>Yith Product Bundles Premium, un plugin exceptionnellement robuste, vous donne la possibilit\u00e9 de fa\u00e7onner des faisceaux de produits sur mesure dans votre boutique WooCommerce. En fusionnant les produits et en les pr\u00e9sentant \u00e0 un taux r\u00e9duit, vous augmentez efficacement les ventes et les revenus. De plus, vous pouvez \u00e9tablir des r\u00e9glementations pour vos faisceaux, englobant des conditions pr\u00e9alables pour des quantit\u00e9s minimales ou maximales, des marques fixes ou bas\u00e9es sur le pourcentage et un \u00e9ventail d&rsquo;autres sp\u00e9cifications. De plus, l&rsquo;interface conviviale du plugin simplifie la cr\u00e9ation et l&rsquo;administration de paquets sur votre vitrine. \u00c9levez vos ventes et cultivez une rencontre de shopping am\u00e9lior\u00e9e pour votre client\u00e8le estim\u00e9e en acqu\u00e9rant les estimes de produits de produit Yith Premium.<\/p>\n<ul>\n<li>Cr\u00e9er des faisceaux de produits personnalisables pour votre boutique en ligne<\/li>\n<li>Offrir des r\u00e9ductions pour l&rsquo;achat de produits group\u00e9s<\/li>\n<li>Configurez les faisceaux de produits rapidement et facilement avec une interface conviviale<\/li>\n<li>Les options de forfait personnalisables permettent aux clients de choisir leurs produits et quantit\u00e9s pr\u00e9f\u00e9r\u00e9s<\/li>\n<li>Les faisceaux peuvent \u00eatre cr\u00e9\u00e9s avec des produits existants ou de nouveaux produits exclusifs<\/li>\n<li>Offrez un ou plusieurs paquets avec diff\u00e9rentes combinaisons de produits, des prix et des options de r\u00e9duction<\/li>\n<li>Capacit\u00e9 \u00e0 d\u00e9finir les prix et les remises en fonction de la quantit\u00e9 ou du pourcentage<\/li>\n<li>Compatible avec les plateformes de commerce \u00e9lectronique populaires telles que WooCommerce, WordPress et Shopify<\/li>\n<li>Afficher les rapports de vente et de revenus pour chaque bundle de produits pour suivre les performances<\/li>\n<li>Augmentez les ventes et la satisfaction des clients avec les faisceaux de produits uniques et attrayants.<\/li>\n<\/ul>\n","protected":false},"excerpt":{"rendered":"<p>Yith Product Bundles Premium repr\u00e9sente la quintessence d&rsquo;une solution lorsqu&rsquo;il s&rsquo;agit de g\u00e9n\u00e9rer des faisceaux de produits personnalis\u00e9s sur votre plate-forme de commerce \u00e9lectronique. La puissance inh\u00e9rente de ce plugin r\u00e9side dans sa capacit\u00e9 \u00e0 assumer divers produits dans un seul package complet, qui peut ensuite \u00eatre offert aux clients \u00e0 un prix consid\u00e9rablement r\u00e9duit. De plus, l&rsquo;interface remarquablement conviviale de ce plugin garantit que le processus de cr\u00e9ation et de gestion de ces faisceaux est rationalis\u00e9 sans effort. De plus, le plugin poss\u00e8de \u00e9galement un assortiment d&rsquo;options de personnalisation int\u00e9gr\u00e9es, vous permettant d&rsquo;adapter vos offres pour r\u00e9pondre aux demandes et pr\u00e9f\u00e9rences uniques de votre client\u00e8le. Que vous vous sp\u00e9cialisiez dans la vente de marchandises tangibles ou intangibles, Yith Product Bundles Premium est le moyen id\u00e9al pour revigorer vos chiffres de vente et fournir \u00e0 vos clients une exp\u00e9rience d&rsquo;achat qui se caract\u00e9rise par une farine et une commodit\u00e9 in\u00e9gal\u00e9es.<\/p>\n","protected":false},"featured_media":146412,"comment_status":"open","ping_status":"closed","template":"","meta":[],"product_brand":[2487],"product_cat":[1183,1182,1181],"product_tag":[1437],"class_list":{"0":"post-106067","1":"product","2":"type-product","3":"status-publish","4":"has-post-thumbnail","6":"product_brand-yith","7":"product_cat-administration","8":"product_cat-commerce-electronique-plugins","9":"product_cat-plugins","10":"product_tag-yith","11":"member-discount","12":"discount-restricted","14":"first","15":"instock","16":"sale","17":"downloadable","18":"virtual","19":"sold-individually","20":"purchasable","21":"product-type-simple"},"_links":{"self":[{"href":"https:\/\/gpl-love.com\/fr\/wp-json\/wp\/v2\/product\/106067","targetHints":{"allow":["GET"]}}],"collection":[{"href":"https:\/\/gpl-love.com\/fr\/wp-json\/wp\/v2\/product"}],"about":[{"href":"https:\/\/gpl-love.com\/fr\/wp-json\/wp\/v2\/types\/product"}],"replies":[{"embeddable":true,"href":"https:\/\/gpl-love.com\/fr\/wp-json\/wp\/v2\/comments?post=106067"}],"wp:featuredmedia":[{"embeddable":true,"href":"https:\/\/gpl-love.com\/fr\/wp-json\/wp\/v2\/media\/146412"}],"wp:attachment":[{"href":"https:\/\/gpl-love.com\/fr\/wp-json\/wp\/v2\/media?parent=106067"}],"wp:term":[{"taxonomy":"product_brand","embeddable":true,"href":"https:\/\/gpl-love.com\/fr\/wp-json\/wp\/v2\/product_brand?post=106067"},{"taxonomy":"product_cat","embeddable":true,"href":"https:\/\/gpl-love.com\/fr\/wp-json\/wp\/v2\/product_cat?post=106067"},{"taxonomy":"product_tag","embeddable":true,"href":"https:\/\/gpl-love.com\/fr\/wp-json\/wp\/v2\/product_tag?post=106067"}],"curies":[{"name":"wp","href":"https:\/\/api.w.org\/{rel}","templated":true}]}}