{"id":106065,"date":"2025-08-15T00:00:00","date_gmt":"2025-08-14T22:00:00","guid":{"rendered":"http:\/\/gpl-love.com\/fr\/product\/yith-woocommerce-produit-ajouter-ons-premium\/"},"modified":"2026-04-18T06:32:17","modified_gmt":"2026-04-18T04:32:17","slug":"yith-woocommerce-product-add-ons-premium","status":"publish","type":"product","link":"https:\/\/gpl-love.com\/fr\/produit\/yith-woocommerce-product-add-ons-premium\/","title":{"rendered":"YITH Product Addons Premium 4.26.0"},"content":{"rendered":"<h3>YITH Product Addons Premium Traits<\/h3>\n<p>Yith Product Addons Premium est un plugin WordPress exceptionnellement robuste qui a \u00e9t\u00e9 m\u00e9ticuleusement con\u00e7u dans le but d&rsquo;am\u00e9liorer la fonctionnalit\u00e9 globale de votre magasin en ligne estim\u00e9. Il accomplit cela en donnant \u00e0 vos clients ch\u00e9ries la capacit\u00e9 remarquable de personnaliser de mani\u00e8re transparente leurs achats avec une vaste gamme d&rsquo;options all\u00e9chantes. En vertu de cet additionnel compl\u00e9mentaire, vous pouvez conf\u00e9rer sans effort \u00e0 votre client\u00e8le exigeant le pouvoir d&rsquo;incorporer sans effort des \u00e9l\u00e9ments visuels, textuels et auditifs d\u00e9licieux dans leurs produits. Ce n&rsquo;est pas tout; Ce joyau remarquable vous permet \u00e9galement d&rsquo;\u00e9tablir avec adroitement des r\u00e8gles conditionnelles qui restreignent habilement ou amplifient les choix disponibles. En outre, il vous accorde le pouvoir de configurer habilement des options globales et sp\u00e9cifiques au produit, ornant vos pages de produits avec des champs suppl\u00e9mentaires qui d\u00e9gagent un sentiment de sophistication et d&rsquo;\u00e9l\u00e9gance. La cerise sur le dessus est que ce magnifique logiciel vous profite une impressionnante gamme d&rsquo;options d&rsquo;affichage, y compris, mais sans s&rsquo;y limiter, des boutons radio, des cases \u00e0 cocher et des menus d\u00e9roulants. Il est tout \u00e0 fait clair pour m\u00eame les esprits les plus exigeants que Yith Product Addons Premium est un incontournable absolu pour tous les pourvoyeurs des \u00e9tablissements de vente au d\u00e9tail en ligne qui aspirent \u00e0 organiser une exp\u00e9rience d&rsquo;achat personnalis\u00e9e sans pr\u00e9c\u00e9dent pour leur client\u00e8le estim\u00e9e. Les avantages multiples de cet outil extraordinaire sont de grande envergure, avec la capacit\u00e9 de renforcer consid\u00e9rablement les conversions et d&rsquo;am\u00e9liorer excessivement la satisfaction du client n&rsquo;\u00e9tant que la pointe de l&rsquo;iceberg.<\/p>\n<ul>\n<li>Options de produits personnalisables et compl\u00e9mentaires<\/li>\n<li>Installation et configuration faciles<\/li>\n<li>Option pour facturer un suppl\u00e9ment pour certains modules compl\u00e9mentaires<\/li>\n<li>Capacit\u00e9 \u00e0 fixer des limites sur certaines options (par exemple, autoriser uniquement 2 options d&#8217;emballage des cadeaux)<\/li>\n<li>Prise en charge de plusieurs types de produits (simple, variable, etc.)<\/li>\n<li>Option pour afficher les modules compl\u00e9mentaires comme onglet distinct sur la page du produit<\/li>\n<li>Compatible avec les abonnements WooCommerce et les paiements r\u00e9currents<\/li>\n<li>Option pour offrir plusieurs options de tarification pour chaque module compl\u00e9mentaire (par exemple, diff\u00e9rents prix pour diff\u00e9rentes quantit\u00e9s)<\/li>\n<li>Capacit\u00e9 \u00e0 d\u00e9finir des valeurs minimales et maximales pour les options num\u00e9riques (par exemple, la quantit\u00e9 de commande minimale)<\/li>\n<li>Interface conviviale pour la gestion et l&rsquo;\u00e9dition d&rsquo;options<\/li>\n<\/ul>\n","protected":false},"excerpt":{"rendered":"<p>Yith Product Addons Premium s&rsquo;av\u00e8re \u00eatre un outil incroyablement formidable, car il permet aux utilisateurs la possibilit\u00e9 de fabriquer des alternatives suppl\u00e9mentaires pour leurs produits WooCommerce. Gr\u00e2ce \u00e0 l&rsquo;utilisation de ce plugin ing\u00e9nieux, on peut sans effort ajouter des champs personnalis\u00e9s \u00e0 leurs produits tout en accordant aux clients la possibilit\u00e9 de participer au processus d&rsquo;achat, leur permettant ainsi de faire des choix adapt\u00e9s \u00e0 leurs pr\u00e9f\u00e9rences individuelles. Que l&rsquo;on opte pour construire des champs de texte, des cases \u00e0 cocher, des boutons radio ou m\u00eame plonger dans le domaine des options plus complexes, ce plugin d\u00e9montre sa polyvalence en permettant aux utilisateurs d&rsquo;attribuer des prix sp\u00e9cifiques \u00e0 chaque alternative. Par cons\u00e9quent, Yith Product Addons Premium est un atout exceptionnel pour les entreprises qui offrent une vaste gamme de possibilit\u00e9s de personnalisation des produits ou pour les personnes visant \u00e0 augmenter leurs sources de revenus en ligne. N&rsquo;h\u00e9sitez pas \u00e0 vous lancer dans votre voyage avec Yith Product Addons Premium aujourd&rsquo;hui et \u00e0 vous permettre \u00e0 votre client\u00e8le la libert\u00e9 de g\u00e9rer leur s\u00e9lection de produits ultime!<\/p>\n","protected":false},"featured_media":146411,"comment_status":"open","ping_status":"closed","template":"","meta":[],"product_brand":[2487],"product_cat":[1182,1223,1181],"product_tag":[1437],"class_list":{"0":"post-106065","1":"product","2":"type-product","3":"status-publish","4":"has-post-thumbnail","6":"product_brand-yith","7":"product_cat-commerce-electronique-plugins","8":"product_cat-personnalisation-commerce-electronique-plugins","9":"product_cat-plugins","10":"product_tag-yith","11":"member-discount","12":"discount-restricted","14":"first","15":"instock","16":"sale","17":"downloadable","18":"virtual","19":"sold-individually","20":"purchasable","21":"product-type-simple"},"_links":{"self":[{"href":"https:\/\/gpl-love.com\/fr\/wp-json\/wp\/v2\/product\/106065","targetHints":{"allow":["GET"]}}],"collection":[{"href":"https:\/\/gpl-love.com\/fr\/wp-json\/wp\/v2\/product"}],"about":[{"href":"https:\/\/gpl-love.com\/fr\/wp-json\/wp\/v2\/types\/product"}],"replies":[{"embeddable":true,"href":"https:\/\/gpl-love.com\/fr\/wp-json\/wp\/v2\/comments?post=106065"}],"wp:featuredmedia":[{"embeddable":true,"href":"https:\/\/gpl-love.com\/fr\/wp-json\/wp\/v2\/media\/146411"}],"wp:attachment":[{"href":"https:\/\/gpl-love.com\/fr\/wp-json\/wp\/v2\/media?parent=106065"}],"wp:term":[{"taxonomy":"product_brand","embeddable":true,"href":"https:\/\/gpl-love.com\/fr\/wp-json\/wp\/v2\/product_brand?post=106065"},{"taxonomy":"product_cat","embeddable":true,"href":"https:\/\/gpl-love.com\/fr\/wp-json\/wp\/v2\/product_cat?post=106065"},{"taxonomy":"product_tag","embeddable":true,"href":"https:\/\/gpl-love.com\/fr\/wp-json\/wp\/v2\/product_tag?post=106065"}],"curies":[{"name":"wp","href":"https:\/\/api.w.org\/{rel}","templated":true}]}}