{"id":106063,"date":"2024-03-23T00:00:00","date_gmt":"2024-03-22T23:00:00","guid":{"rendered":"http:\/\/gpl-love.com\/fr\/product\/yith-woocommerce-popup-premium\/"},"modified":"2026-04-18T06:32:15","modified_gmt":"2026-04-18T04:32:15","slug":"yith-woocommerce-popup-premium","status":"publish","type":"product","link":"https:\/\/gpl-love.com\/fr\/produit\/yith-woocommerce-popup-premium\/","title":{"rendered":"YITH Popup Premium 1.37.0"},"content":{"rendered":"<h3>YITH Popup Premium Traits<\/h3>\n<p>Yith Popup Premium poss\u00e8de un \u00e9ventail impressionnant de fonctionnalit\u00e9s et de fonctionnalit\u00e9s avanc\u00e9es, ce qui le rend un plugin extr\u00eamement polyvalent qui accorde aux utilisateurs la possibilit\u00e9 d&rsquo;\u00e9laborer des popups hautement personnalisables visant \u00e0 promouvoir les produits, \u00e0 s\u00e9curiser les abonnements \u00e0 la newsletter et \u00e0 diffuser d&rsquo;autres informations importantes. Ce plugin propose une vaste gamme d&rsquo;options de personnalisation, notamment la capacit\u00e9 de s\u00e9lectionner parmi une multitude de mod\u00e8les contextuels, manipuler la taille et le positionnement de la fen\u00eatre contextuelle, et m\u00eame planifier le moment pr\u00e9cis auquel la fen\u00eatre contextuelle se manifestera. En tirant parti de la puissance de Yith Popup Premium, les utilisateurs sont ainsi en mesure de concevoir sans effort des fen\u00eatres populaires qui poss\u00e8dent une capacit\u00e9 inh\u00e9rente \u00e0 captiver et \u00e0 hypnotiser leur public cible, entra\u00eenant par la suite des taux de conversion accrus et augmentant consid\u00e9rablement les niveaux d&rsquo;engagement sur leurs sites Web respectifs. Peu importe que l&rsquo;on s&rsquo;identifie comme un propri\u00e9taire de magasin de commerce \u00e9lectronique cherchant \u00e0 renforcer les ventes ou un blogueur d\u00e9vou\u00e9 aspirant \u00e0 cultiver une liste de diffusion robuste, Yith Popup Premium reste sans aucun doute un outil puissant et indispensable qui est plus que capable de propulser efficacement les individus envers l&rsquo;atteinte de leur objectifs souhait\u00e9s.<\/p>\n<ul>\n<li>Yith Popup Premium est un outil puissant pour cr\u00e9er des popups personnalisables et r\u00e9actifs sur votre site Web<\/li>\n<li>Augmentez les taux de conversion de votre site Web en utilisant des fen\u00eatres contextuelles pour mettre en \u00e9vidence les offres, les promotions, les newsletters et plus<\/li>\n<li>Choisissez parmi une vari\u00e9t\u00e9 d&rsquo;options de fen\u00eatre contextuelles, y compris les fen\u00eatres contextuelles chronom\u00e9tr\u00e9es, les fen\u00eatres contextuelles de sortie et plus<\/li>\n<li>Personnalisez la conception de vos fen\u00eatres contextuelles avec un \u00e9diteur de glisser-d\u00e9poser convivial, vous permettant de faire correspondre la marque et le style de votre site Web<\/li>\n<li>Contr\u00f4lez quand et o\u00f9 vos fen\u00eatres contextuelles apparaissent avec des options de ciblage avanc\u00e9es, y compris le ciblage au niveau de la page et le ciblage du comportement des utilisateurs<\/li>\n<li>Suivez les performances de vos popups avec des analyses int\u00e9gr\u00e9es, y compris les taux de conversion, les impressions et les taux de clics<\/li>\n<li>Intregate de mani\u00e8re transparente avec les services de marketing par e-mail populaires comme MailChimp et le contact constant<\/li>\n<li>Facile \u00e0 installer et \u00e0 utiliser, sans connaissance de codage requise<\/li>\n<li>Les mises \u00e0 jour r\u00e9guli\u00e8res et le support client assurent une exp\u00e9rience en douceur et maintenez vos popups \u00e0 jour avec les derni\u00e8res tendances Web et les meilleures pratiques<\/li>\n<\/ul>\n","protected":false},"excerpt":{"rendered":"<p>Yith Popup Premium, un outil de marketing incroyablement innovant, est sp\u00e9cialement con\u00e7u pour aider les entreprises \u00e0 am\u00e9liorer consid\u00e9rablement leurs ventes et leurs conversions gr\u00e2ce \u00e0 l&rsquo;utilisation de popups tr\u00e8s efficaces. Ce plugin remarquablement puissant facilite la livraison cibl\u00e9e de messages personnalis\u00e9s \u00e0 votre public vis\u00e9, captivant leur attention avec des designs visuellement \u00e9poustouflants et les motivant \u00e0 s&rsquo;engager et \u00e0 r\u00e9pondre activement. Que votre objectif implique la promotion d&rsquo;une offre sp\u00e9ciale, l&rsquo;acquisition de prospects ou l&rsquo;augmentation du partage social, Yith Popup Premium poss\u00e8de un \u00e9ventail complet de fonctionnalit\u00e9s personnalisables qui peuvent \u00eatre adapt\u00e9es pour s&rsquo;aligner parfaitement avec vos exigences uniques. De plus, le processus de mise en \u0153uvre est incroyablement simple et simple, et les capacit\u00e9s d&rsquo;int\u00e9gration avec des services de marketing par e-mail estim\u00e9s tels que MailChimp enrichissent davantage votre capacit\u00e9 \u00e0 surveiller et \u00e0 \u00e9valuer m\u00e9ticuleusement vos r\u00e9sultats de performance. N&rsquo;h\u00e9sitez pas \u00e0 \u00e9lever et \u00e0 r\u00e9volutionner votre strat\u00e9gie marketing avec les prouesses in\u00e9gal\u00e9es de Yith Popup Premium aujourd&rsquo;hui!<\/p>\n","protected":false},"featured_media":146409,"comment_status":"open","ping_status":"open","template":"","meta":[],"product_brand":[2487],"product_cat":[1182,1200,1181],"product_tag":[1437],"class_list":{"0":"post-106063","1":"product","2":"type-product","3":"status-publish","4":"has-post-thumbnail","6":"product_brand-yith","7":"product_cat-commerce-electronique-plugins","8":"product_cat-commercialisation","9":"product_cat-plugins","10":"product_tag-yith","11":"member-discount","12":"discount-restricted","14":"first","15":"instock","16":"sale","17":"downloadable","18":"virtual","19":"sold-individually","20":"purchasable","21":"product-type-simple"},"_links":{"self":[{"href":"https:\/\/gpl-love.com\/fr\/wp-json\/wp\/v2\/product\/106063","targetHints":{"allow":["GET"]}}],"collection":[{"href":"https:\/\/gpl-love.com\/fr\/wp-json\/wp\/v2\/product"}],"about":[{"href":"https:\/\/gpl-love.com\/fr\/wp-json\/wp\/v2\/types\/product"}],"replies":[{"embeddable":true,"href":"https:\/\/gpl-love.com\/fr\/wp-json\/wp\/v2\/comments?post=106063"}],"wp:featuredmedia":[{"embeddable":true,"href":"https:\/\/gpl-love.com\/fr\/wp-json\/wp\/v2\/media\/146409"}],"wp:attachment":[{"href":"https:\/\/gpl-love.com\/fr\/wp-json\/wp\/v2\/media?parent=106063"}],"wp:term":[{"taxonomy":"product_brand","embeddable":true,"href":"https:\/\/gpl-love.com\/fr\/wp-json\/wp\/v2\/product_brand?post=106063"},{"taxonomy":"product_cat","embeddable":true,"href":"https:\/\/gpl-love.com\/fr\/wp-json\/wp\/v2\/product_cat?post=106063"},{"taxonomy":"product_tag","embeddable":true,"href":"https:\/\/gpl-love.com\/fr\/wp-json\/wp\/v2\/product_tag?post=106063"}],"curies":[{"name":"wp","href":"https:\/\/api.w.org\/{rel}","templated":true}]}}