{"id":106061,"date":"2025-08-12T00:00:00","date_gmt":"2025-08-11T22:00:00","guid":{"rendered":"http:\/\/gpl-love.com\/fr\/product\/yith-woocommerce-points-et-des-recompenses-prime\/"},"modified":"2026-04-18T06:32:14","modified_gmt":"2026-04-18T04:32:14","slug":"yith-woocommerce-points-and-rewards-premium","status":"publish","type":"product","link":"https:\/\/gpl-love.com\/fr\/produit\/yith-woocommerce-points-and-rewards-premium\/","title":{"rendered":"YITH Points et Rewards Premium 4.19.0"},"content":{"rendered":"<h3>YITH Points et Rewards Premium Traits<\/h3>\n<p>Yith Points and Rewards Premium est un plugin incroyablement robuste et puissant qui accorde la possibilit\u00e9 pour les propri\u00e9taires de magasins en ligne d&rsquo;\u00e9tablir et d&rsquo;ex\u00e9cuter un programme de fid\u00e9lit\u00e9 extr\u00eamement efficace et efficace pour leurs clients estim\u00e9s. En utilisant ce plugin remarquable, les clients peuvent se procurer des points pour leurs acquisitions, en utilisant par la suite ces points pour obtenir des r\u00e9ductions sur les achats futurs ou m\u00eame acqu\u00e9rir des marchandises gratuitement. Le plugin lui-m\u00eame pr\u00e9sente un large \u00e9ventail d&rsquo;options de r\u00e9compense polyvalente, englobant des remises fixes ou bas\u00e9es sur le pourcentage, l&rsquo;acquisition de produits compl\u00e9mentaires et m\u00eame la fourniture de la livraison gratuite, permettant ainsi la cr\u00e9ation et la personnalisation transparentes d&rsquo;un programme de fid\u00e9lit\u00e9 qui est extr\u00eamement adapt\u00e9 adapt\u00e9 \u00e0 des convictions extr\u00eamement adapt\u00e9es avec d\u00e9licatement adapt\u00e9es avec d\u00e9lib\u00e9r\u00e9ment adapt\u00e9e et d&rsquo;une mani\u00e8re extr\u00eamement adapt\u00e9e, tr\u00e8s adapt\u00e9e, qui est extr\u00eamement adapt\u00e9e, tr\u00e8s adapt\u00e9e \u00e0 des personnalit\u00e9s extr\u00eamement adapt\u00e9es et bien con\u00e7ues, qui est extr\u00eamement adapt\u00e9e, tr\u00e8s adapt\u00e9e \u00e0 des personnalit\u00e9s extr\u00eamement adapt\u00e9es et fascin\u00e9 aux exigences sp\u00e9cifiques et uniques de votre entreprise. De plus, les points et les r\u00e9compenses de Yith sont encore am\u00e9lior\u00e9s par l&rsquo;inclusion d&rsquo;un tableau de bord extraordinaire et complet, qui sert d&rsquo;outil inestimable, servant \u00e0 surveiller et \u00e0 suivre les activit\u00e9s de votre client\u00e8le estim\u00e9e, \u00e0 g\u00e9rer et \u00e0 superviser la distribution des r\u00e9compenses, et finalement mesurer la calibre, g\u00e9rer et superviser la distribution des r\u00e9compenses, et finalement mesurer la calibre, g\u00e9rer et superviser la distribution des r\u00e9compenses, et finalement \u00e9valuer et \u00e9valuer les performances globales et l&rsquo;efficacit\u00e9 de votre programme de fid\u00e9lit\u00e9. En substance, ce plugin exceptionnel est incontestablement une ressource remarquable et inestimable pour les entreprises qui cherchent \u00e0 augmenter et \u00e0 amplifier la r\u00e9tention et les ventes de la client\u00e8le en fournissant et en offrant une exp\u00e9rience d&rsquo;achat in\u00e9gal et extr\u00eamement gratifiante \u00e0 leurs clients estim\u00e9s.<\/p>\n<ul>\n<li>Vous permet de r\u00e9compenser les clients avec des points pour diverses actions, tels que vous inscrire sur votre site, faire des achats, laisser des avis, et plus<\/li>\n<li>Les clients peuvent racheter leurs points accumul\u00e9s pour des r\u00e9ductions, des produits gratuits ou d&rsquo;autres r\u00e9compenses que vous choisissez<\/li>\n<li>Fournit un syst\u00e8me de points personnalisable que vous pouvez adapter aux besoins et objectifs de votre entreprise<\/li>\n<li>Offre plusieurs fa\u00e7ons d&rsquo;afficher et de promouvoir des points et des r\u00e9compenses sur votre site, y compris les widgets, les shortcodes et les fen\u00eatres contextuelles<\/li>\n<li>S&rsquo;int\u00e8gre parfaitement \u00e0 WooCommerce, la populaire plate-forme de commerce \u00e9lectronique et prend en charge plusieurs langues et devises<\/li>\n<li>Fournit des rapports d\u00e9taill\u00e9s et une analyse des donn\u00e9es pour suivre les performances de votre programme de points et r\u00e9compenses et prendre des d\u00e9cisions \u00e9clair\u00e9es<\/li>\n<li>Offre un excellent support client, documentation et forums communautaires pour vous aider \u00e0 tirer le meilleur parti du plugin.<\/li>\n<\/ul>\n","protected":false},"excerpt":{"rendered":"<p>Yith Points and Rewards Premium est un plugin absolument essentiel pour toute boutique en ligne cherchant \u00e0 favoriser et \u00e0 promouvoir la fid\u00e9lit\u00e9 des clients, garantissant ainsi la durabilit\u00e9 et la croissance de leur entreprise. En exploitant la puissance de ce plugin remarquable, vous \u00e9tablirez sans effort un syst\u00e8me complet de points et de r\u00e9compenses qui sert de catalyseur puissant pour que les clients revisitent et fr\u00e9quentent constamment votre magasin estim\u00e9. La beaut\u00e9 de ce plugin r\u00e9side dans sa capacit\u00e9 \u00e0 accorder aux clients la possibilit\u00e9 d&rsquo;accumuler des points pr\u00e9cieux par divers moyens tels que des achats, de fournir des critiques de produits perspicaces ou simplement de cr\u00e9er un compte dans votre domaine en ligne v\u00e9n\u00e9r\u00e9. Ces points accumul\u00e9s peuvent par la suite \u00eatre \u00e9chang\u00e9s contre un assortiment de r\u00e9compenses attrayantes, y compris, mais sans s&rsquo;y limiter, des remises exclusives, des cartes-cadeaux convoit\u00e9es et un \u00e9ventail d&rsquo;autres incitations s\u00e9duisantes. De plus, la personnalisation in\u00e9gal\u00e9e de ce plugin vous permet d&rsquo;adapter m\u00e9ticuleusement les r\u00e9compenses et le taux de conversion point \u00e0 dollar pour s&rsquo;aligner de mani\u00e8re transparente sur les exigences et les aspirations uniques de votre estimation estim\u00e9e. En confiant vos efforts de renforcement de la fid\u00e9lit\u00e9 entre les mains capables de points et de r\u00e9compenses, vous pouvez transformer efficacement et efficacement les clients transitoires en clients d\u00e9vou\u00e9s et constants qui ornent \u00e0 plusieurs reprises vos portes num\u00e9riques, favorisant une relation symbiotique durable qui propulse votre entreprise vers des hauteurs non processeuses, de succ\u00e8s et de prosp\u00e9rit\u00e9.<\/p>\n","protected":false},"featured_media":146408,"comment_status":"open","ping_status":"closed","template":"","meta":[],"product_brand":[2487],"product_cat":[1182,1200,1181],"product_tag":[1437],"class_list":{"0":"post-106061","1":"product","2":"type-product","3":"status-publish","4":"has-post-thumbnail","6":"product_brand-yith","7":"product_cat-commerce-electronique-plugins","8":"product_cat-commercialisation","9":"product_cat-plugins","10":"product_tag-yith","11":"member-discount","12":"discount-restricted","14":"first","15":"instock","16":"sale","17":"downloadable","18":"virtual","19":"sold-individually","20":"purchasable","21":"product-type-simple"},"_links":{"self":[{"href":"https:\/\/gpl-love.com\/fr\/wp-json\/wp\/v2\/product\/106061","targetHints":{"allow":["GET"]}}],"collection":[{"href":"https:\/\/gpl-love.com\/fr\/wp-json\/wp\/v2\/product"}],"about":[{"href":"https:\/\/gpl-love.com\/fr\/wp-json\/wp\/v2\/types\/product"}],"replies":[{"embeddable":true,"href":"https:\/\/gpl-love.com\/fr\/wp-json\/wp\/v2\/comments?post=106061"}],"wp:featuredmedia":[{"embeddable":true,"href":"https:\/\/gpl-love.com\/fr\/wp-json\/wp\/v2\/media\/146408"}],"wp:attachment":[{"href":"https:\/\/gpl-love.com\/fr\/wp-json\/wp\/v2\/media?parent=106061"}],"wp:term":[{"taxonomy":"product_brand","embeddable":true,"href":"https:\/\/gpl-love.com\/fr\/wp-json\/wp\/v2\/product_brand?post=106061"},{"taxonomy":"product_cat","embeddable":true,"href":"https:\/\/gpl-love.com\/fr\/wp-json\/wp\/v2\/product_cat?post=106061"},{"taxonomy":"product_tag","embeddable":true,"href":"https:\/\/gpl-love.com\/fr\/wp-json\/wp\/v2\/product_tag?post=106061"}],"curies":[{"name":"wp","href":"https:\/\/api.w.org\/{rel}","templated":true}]}}