{"id":106059,"date":"2021-04-15T00:00:00","date_gmt":"2021-04-14T22:00:00","guid":{"rendered":"http:\/\/gpl-love.com\/fr\/product\/yith-woocommerce-ordre-differe-sondage-premium\/"},"modified":"2026-04-18T06:32:13","modified_gmt":"2026-04-18T04:32:13","slug":"yith-woocommerce-pending-order-survey-premium","status":"publish","type":"product","link":"https:\/\/gpl-love.com\/fr\/produit\/yith-woocommerce-pending-order-survey-premium\/","title":{"rendered":"YITH Pending Order Survey Premium 1.0.25"},"content":{"rendered":"<h3>YITH Pending Order Survey Premium Traits<\/h3>\n<p>Yith en attente d&rsquo;enqu\u00eate sur les commandes Premium, une solution innovante destin\u00e9e aux propri\u00e9taires de magasins en ligne, offre un moyen de approfondir les raisons des clients abandonnant leurs caddages. Arm\u00e9 de ce plugin, vous pouvez d\u00e9sormais fabriquer des enqu\u00eates qui sont enti\u00e8rement personnalisables, vous offrant une occasion unique pour obtenir des informations pr\u00e9cieuses dans l&rsquo;esprit de ceux qui ont abandonn\u00e9 leurs chariots, mettant ainsi la lumi\u00e8re sur les raisons de leur incapacit\u00e9 \u00e0 terminer l&rsquo;achat. En posant des questions sp\u00e9cifiques, vous pouvez discerner ce qui manquait dans leur exp\u00e9rience d&rsquo;achat, que ce soit la disponibilit\u00e9 des produits, les prix ou tout autre facteur qui les a finalement propuls\u00e9s pour abandonner leur panier. Arm\u00e9 de ces informations inestimables, vous pouvez ensuite proc\u00e9der \u00e0 la rectification de toute lacune dans votre boutique en ligne, en abordant ainsi les pr\u00e9occupations des clients et en offrant une exp\u00e9rience d&rsquo;achat am\u00e9lior\u00e9e. La facilit\u00e9 d&rsquo;installation et d&rsquo;utilisation de ciments suppl\u00e9mentaires en attente d&rsquo;enqu\u00eate en attente Premium comme outil indispensable pour toute entreprise de commerce \u00e9lectronique qui cherche \u00e0 renforcer ses taux de conversion.<\/p>\n<ul>\n<li>Envoyez automatiquement des sondages aux clients qui ont des commandes en attente<\/li>\n<li>Personnalisez les questions de l&rsquo;enqu\u00eate et le message \u00e9lectronique<\/li>\n<li>Obtenez un aper\u00e7u des pr\u00e9f\u00e9rences et des opinions des clients<\/li>\n<li>Augmenter l&rsquo;engagement et am\u00e9liorer la satisfaction des clients<\/li>\n<li>Facile \u00e0 installer et \u00e0 utiliser<\/li>\n<li>Compatible avec WooCommerce<\/li>\n<li>La version Premium comprend des fonctionnalit\u00e9s avanc\u00e9es, telles que les enqu\u00eates de planification et le filtrage des destinataires en fonction de l&rsquo;\u00e9tat de la commande.<\/li>\n<\/ul>\n","protected":false},"excerpt":{"rendered":"<p>Yith en attente d&rsquo;enqu\u00eate sur les commandes Premium, un outil exceptionnel et robuste con\u00e7u exclusivement pour les propri\u00e9taires de magasins WooCommerce, poss\u00e8de la possibilit\u00e9 d&rsquo;accumuler sans effort les commentaires des clients inestimables concernant les commandes en attente. L&rsquo;\u00e9clat in\u00e9gal\u00e9 de ce plugin r\u00e9side dans sa capacit\u00e9 \u00e0 fabriquer et \u00e0 exp\u00e9dier des enqu\u00eates sur mesure aux clients estim\u00e9s qui poss\u00e8dent actuellement des commandes en attente, d\u00e9bloquant ainsi profond\u00e9ment de la dynamique complexe qui contribue au ph\u00e9nom\u00e8ne des achats incomplets. Par cons\u00e9quent, le tr\u00e9sor de donn\u00e9es exploit\u00e9 par ce m\u00e9canisme distinctif peut par la suite \u00eatre exploit\u00e9 pour am\u00e9liorer et optimiser l&rsquo;exp\u00e9rience client holistique, aboutissant finalement \u00e0 une augmentation substantielle des ventes.<\/p>\n","protected":false},"featured_media":146406,"comment_status":"open","ping_status":"closed","template":"","meta":[],"product_brand":[2487],"product_cat":[1183,1182,1181],"product_tag":[1437],"class_list":{"0":"post-106059","1":"product","2":"type-product","3":"status-publish","4":"has-post-thumbnail","6":"product_brand-yith","7":"product_cat-administration","8":"product_cat-commerce-electronique-plugins","9":"product_cat-plugins","10":"product_tag-yith","11":"member-discount","12":"discount-restricted","14":"first","15":"instock","16":"sale","17":"downloadable","18":"virtual","19":"sold-individually","20":"purchasable","21":"product-type-simple"},"_links":{"self":[{"href":"https:\/\/gpl-love.com\/fr\/wp-json\/wp\/v2\/product\/106059","targetHints":{"allow":["GET"]}}],"collection":[{"href":"https:\/\/gpl-love.com\/fr\/wp-json\/wp\/v2\/product"}],"about":[{"href":"https:\/\/gpl-love.com\/fr\/wp-json\/wp\/v2\/types\/product"}],"replies":[{"embeddable":true,"href":"https:\/\/gpl-love.com\/fr\/wp-json\/wp\/v2\/comments?post=106059"}],"wp:featuredmedia":[{"embeddable":true,"href":"https:\/\/gpl-love.com\/fr\/wp-json\/wp\/v2\/media\/146406"}],"wp:attachment":[{"href":"https:\/\/gpl-love.com\/fr\/wp-json\/wp\/v2\/media?parent=106059"}],"wp:term":[{"taxonomy":"product_brand","embeddable":true,"href":"https:\/\/gpl-love.com\/fr\/wp-json\/wp\/v2\/product_brand?post=106059"},{"taxonomy":"product_cat","embeddable":true,"href":"https:\/\/gpl-love.com\/fr\/wp-json\/wp\/v2\/product_cat?post=106059"},{"taxonomy":"product_tag","embeddable":true,"href":"https:\/\/gpl-love.com\/fr\/wp-json\/wp\/v2\/product_tag?post=106059"}],"curies":[{"name":"wp","href":"https:\/\/api.w.org\/{rel}","templated":true}]}}