{"id":106057,"date":"2025-08-31T00:00:00","date_gmt":"2025-08-30T22:00:00","guid":{"rendered":"http:\/\/gpl-love.com\/fr\/product\/yith-woocommerce-pdf-facture-et-liste-dexpedition-premium\/"},"modified":"2026-04-18T06:32:12","modified_gmt":"2026-04-18T04:32:12","slug":"yith-woocommerce-pdf-invoice-and-shipping-list-premium","status":"publish","type":"product","link":"https:\/\/gpl-love.com\/fr\/produit\/yith-woocommerce-pdf-invoice-and-shipping-list-premium\/","title":{"rendered":"YITH PDF Invoice et Shipping List Premium 4.32.0"},"content":{"rendered":"<h3>YITH PDF Invoice et Shipping List Premium Traits<\/h3>\n<p>Yith PDF Facture and Shipping List Premium est un plugin tr\u00e8s avanc\u00e9 sp\u00e9cialement con\u00e7u pour les magasins WooCommerce. Sa fonction principale est de faciliter la g\u00e9n\u00e9ration de factures professionnelles et de listes d&rsquo;exp\u00e9dition au format PDF. Ce plugin incroyable poss\u00e8de une interface remarquablement conviviale qui permet aux utilisateurs de personnaliser et d&rsquo;adapter pleinement leurs factures et leurs listes d&rsquo;exp\u00e9dition en fonction de leurs besoins et pr\u00e9f\u00e9rences sp\u00e9cifiques. En mettant en \u0153uvre la caisse de facture et de la liste d&rsquo;exp\u00e9dition de Yith PDF, les propri\u00e9taires de magasins peuvent automatiser efficacement la t\u00e2che autrement longue de g\u00e9n\u00e9rer des factures et des listes d&rsquo;exp\u00e9dition pour chaque commande, ce qui entra\u00eene des \u00e9conomies de temps importantes et une augmentation globale de l&rsquo;efficacit\u00e9 op\u00e9rationnelle. De plus, le plugin offre aux utilisateurs la possibilit\u00e9 d&rsquo;incorporer de mani\u00e8re transparente le logo, les champs personnalis\u00e9s de leur entreprise et les informations fiscales dans leurs factures, garantissant un air de professionnalisme et garantissant le respect des exigences l\u00e9gales. En outre, sa compatibilit\u00e9 avec un large \u00e9ventail de langues et de devises lui rend un choix exceptionnellement appropri\u00e9 pour les entreprises op\u00e9rant dans de nombreuses r\u00e9gions. En conclusion, la facture et la liste d&rsquo;exp\u00e9dition de Yith PDF sont sans aucun doute un plugin indispensable pour les propri\u00e9taires de magasins en ligne qui ont l&rsquo;intention de rationaliser leurs processus de facturation et d&rsquo;exp\u00e9dition, tout en offrant une exp\u00e9rience v\u00e9ritablement professionnelle et captivante \u00e0 leurs clients estim\u00e9s.<\/p>\n<ul>\n<li>G\u00e9n\u00e9rer des factures PDF professionnelles et des listes d&rsquo;exp\u00e9dition pour votre magasin de commerce \u00e9lectronique<\/li>\n<li>Conception enti\u00e8rement personnalisable avec un \u00e9diteur de glisser-d\u00e9poser<\/li>\n<li>Envoyez automatiquement des factures et des listes d&rsquo;exp\u00e9dition aux clients par e-mail ou joignez-les \u00e0 leur page de confirmation de commande<\/li>\n<li>Choisissez parmi plusieurs mod\u00e8les pour s&rsquo;adapter \u00e0 l&rsquo;esth\u00e9tique de votre marque<\/li>\n<li>Inclure des informations importantes telles que les d\u00e9tails de commande, les taxes et les frais d&rsquo;exp\u00e9dition<\/li>\n<li>Gardez une trace des factures et des listes d&rsquo;exp\u00e9dition dans une archive d\u00e9di\u00e9e<\/li>\n<li>G\u00e9n\u00e9rer automatiquement des factures pour les commandes r\u00e9currentes<\/li>\n<li>Support multilingue pour les clients internationaux<\/li>\n<li>Int\u00e9gration facile avec des plateformes de commerce \u00e9lectronique populaires, notamment WooCommerce et Shopify<\/li>\n<li>Am\u00e9liorez la confiance et la satisfaction des clients en fournissant des factures et des listes d&rsquo;exp\u00e9dition claires et professionnelles.<\/li>\n<\/ul>\n","protected":false},"excerpt":{"rendered":"<p>Yith PDF Facture and Shipping List Premium est un plugin exceptionnellement robuste et efficace qui aide \u00e0 la g\u00e9n\u00e9ration transparente de factures et listes d&rsquo;exp\u00e9dition hautement polies et professionnelles. Son interface remarquablement conviviale, coupl\u00e9e \u00e0 sa vaste gamme d&rsquo;options personnalisables, vous offre la capacit\u00e9 sans effort de produire et de r\u00e9partir sans effort les factures PDF et les listes d&rsquo;exp\u00e9dition directement \u00e0 partir de votre propre site Web. Cette version premium vraiment exceptionnelle am\u00e9liore encore votre processus de facturation en introduisant un assortiment de fonctionnalit\u00e9s suppl\u00e9mentaires, telles que le suivi automatique des exp\u00e9ditions, la num\u00e9rotation des factures personnalis\u00e9es et une vaste s\u00e9lection de mod\u00e8les personnalisables. En vous profitant des capacit\u00e9s remarquables de la facture PDF et de la liste d&rsquo;exp\u00e9dition de Yith PDF, vous \u00eates autoris\u00e9 \u00e0 optimiser votre gestion du temps et \u00e0 rationaliser consid\u00e9rablement vos op\u00e9rations commerciales.<\/p>\n","protected":false},"featured_media":146405,"comment_status":"open","ping_status":"closed","template":"","meta":[],"product_brand":[2487],"product_cat":[1183,1182,1181],"product_tag":[1437],"class_list":{"0":"post-106057","1":"product","2":"type-product","3":"status-publish","4":"has-post-thumbnail","6":"product_brand-yith","7":"product_cat-administration","8":"product_cat-commerce-electronique-plugins","9":"product_cat-plugins","10":"product_tag-yith","11":"member-discount","12":"discount-restricted","14":"first","15":"instock","16":"sale","17":"downloadable","18":"virtual","19":"sold-individually","20":"purchasable","21":"product-type-simple"},"_links":{"self":[{"href":"https:\/\/gpl-love.com\/fr\/wp-json\/wp\/v2\/product\/106057","targetHints":{"allow":["GET"]}}],"collection":[{"href":"https:\/\/gpl-love.com\/fr\/wp-json\/wp\/v2\/product"}],"about":[{"href":"https:\/\/gpl-love.com\/fr\/wp-json\/wp\/v2\/types\/product"}],"replies":[{"embeddable":true,"href":"https:\/\/gpl-love.com\/fr\/wp-json\/wp\/v2\/comments?post=106057"}],"wp:featuredmedia":[{"embeddable":true,"href":"https:\/\/gpl-love.com\/fr\/wp-json\/wp\/v2\/media\/146405"}],"wp:attachment":[{"href":"https:\/\/gpl-love.com\/fr\/wp-json\/wp\/v2\/media?parent=106057"}],"wp:term":[{"taxonomy":"product_brand","embeddable":true,"href":"https:\/\/gpl-love.com\/fr\/wp-json\/wp\/v2\/product_brand?post=106057"},{"taxonomy":"product_cat","embeddable":true,"href":"https:\/\/gpl-love.com\/fr\/wp-json\/wp\/v2\/product_cat?post=106057"},{"taxonomy":"product_tag","embeddable":true,"href":"https:\/\/gpl-love.com\/fr\/wp-json\/wp\/v2\/product_tag?post=106057"}],"curies":[{"name":"wp","href":"https:\/\/api.w.org\/{rel}","templated":true}]}}