{"id":106055,"date":"2025-08-08T00:00:00","date_gmt":"2025-08-07T22:00:00","guid":{"rendered":"http:\/\/gpl-love.com\/fr\/product\/yith-woocommerce-suivi-de-commande-prime\/"},"modified":"2026-04-18T06:32:07","modified_gmt":"2026-04-18T04:32:07","slug":"yith-woocommerce-order-tracking-premium","status":"publish","type":"product","link":"https:\/\/gpl-love.com\/fr\/produit\/yith-woocommerce-order-tracking-premium\/","title":{"rendered":"YITH Order Tracking Premium 2.39.0"},"content":{"rendered":"<h3>YITH Order Tracking Premium Traits<\/h3>\n<p>Le Yith Order Tracking Premium est un outil incroyablement robuste et tr\u00e8s efficace qui donne aux clients la possibilit\u00e9 de surveiller sans effort et de mani\u00e8re transparente le statut \u00e0 la minute de leurs commandes. Ce logiciel remarquable vous permet de fa\u00e7onner des pages de suivi sur mesure qui s&rsquo;alignent parfaitement avec votre identit\u00e9 de marque, tout en fournissant simultan\u00e9ment aux clients la plus grande pr\u00e9cision et pr\u00e9cision concernant l&rsquo;\u00e9tat actuel de leur commande. De plus, il poss\u00e8de une vaste gamme d&rsquo;options de suivi, y compris la fourniture de notifications par e-mail ainsi que les mises \u00e0 jour SMS, garantissant ainsi que les clients restent perp\u00e9tuellement inform\u00e9s et bien inform\u00e9s. L&rsquo;un des avantages les plus notables de la Premium de suivi des commandes Yith est sa facilit\u00e9 d&rsquo;utilisation incroyable et son int\u00e9gration transparente avec pratiquement toutes les plateformes de commerce \u00e9lectronique, la donnant ainsi \u00e0 une qualit\u00e9 indispensable qui lui rend un outil absolument imp\u00e9ratif pour chaque entreprise commerciale pour offrir un exemplaire service Clients.<\/p>\n<ul>\n<li>Fournit un suivi en temps r\u00e9el des commandes aux clients<\/li>\n<li>Permet aux clients de suivre plusieurs commandes \u00e0 la fois<\/li>\n<li>Affiche les dates de livraison estim\u00e9es et les informations de suivi<\/li>\n<li>Fonctionne parfaitement avec les principaux transporteurs d&rsquo;exp\u00e9dition comme USPS, UPS, FedEx et DHL<\/li>\n<li>Options de personnalisation faciles pour le suivi de la conception de la page<\/li>\n<li>Compatible avec les plates-formes WooCommerce et WordPress<\/li>\n<li>Mises \u00e0 jour automatique des notifications par e-mail pour les clients sur l&rsquo;\u00e9tat de la commande<\/li>\n<li>Option pour que les clients s&rsquo;abonnent aux notifications SMS pour les mises \u00e0 jour de commande<\/li>\n<li>Fournit un historique de commandes d\u00e9taill\u00e9 et des informations de suivi pour les propri\u00e9taires \/ administrateurs de magasinage<\/li>\n<li>Interface conviviale pour une configuration et une gestion faciles<\/li>\n<\/ul>\n","protected":false},"excerpt":{"rendered":"<p>Yith Order Tracking Premium est un outil incroyablement robuste et tr\u00e8s efficace qui vous offre la capacit\u00e9 inestimable \u00e0 garder sans effort et sans couture sur toutes vos commandes. En incorporant ce plugin exceptionnel dans votre site Web, vous pouvez fournir sans effort et facilement vos clients estim\u00e9s un syst\u00e8me de suivi des commandes extr\u00eamement convivial et pratique, \u00e9liminant ainsi efficacement le besoin pour eux de passer par le processus fastidieux de vous contacter directement avec vous directement avec vous directement avec vous directement avec vous directement vous . De plus, ce plugin ph\u00e9nom\u00e9nal vous accorde le privil\u00e8ge de vous profiter d&rsquo;une vaste gamme de fonctionnalit\u00e9s tr\u00e8s avantageuses, englobant mais sans s&rsquo;y limiter \u00e0 une int\u00e9gration transparente avec une myriade de transporteurs d&rsquo;exp\u00e9dition tr\u00e8s r\u00e9put\u00e9s et estim\u00e9s, la capacit\u00e9 exceptionnelle de g\u00e9rer m\u00e9ticuleusement et de mani\u00e8re adapt\u00e9e les Statut de chaque commande, ainsi que la capacit\u00e9 inestimable \u00e0 envoyer rapidement et coh\u00e9rentement les notifications par e-mail \u00e0 vos clients estim\u00e9s, les gardant ainsi sans effort et efficacement \u00e0 chaque \u00e9tape du parcours de leur commande. Consequently, it becomes abundantly clear that this premium plugin represents an unequivocally sensational addition to any and every e-commerce store that is resolute in its mission to consistently and reliably provide its esteemed customers with a truly outstanding and world-class level of customer service that est tout simplement sans pareil.<\/p>\n","protected":false},"featured_media":146400,"comment_status":"open","ping_status":"closed","template":"","meta":[],"product_brand":[2487],"product_cat":[1183,1182,1181],"product_tag":[1437],"class_list":{"0":"post-106055","1":"product","2":"type-product","3":"status-publish","4":"has-post-thumbnail","6":"product_brand-yith","7":"product_cat-administration","8":"product_cat-commerce-electronique-plugins","9":"product_cat-plugins","10":"product_tag-yith","11":"member-discount","12":"discount-restricted","14":"first","15":"instock","16":"sale","17":"downloadable","18":"virtual","19":"sold-individually","20":"purchasable","21":"product-type-simple"},"_links":{"self":[{"href":"https:\/\/gpl-love.com\/fr\/wp-json\/wp\/v2\/product\/106055","targetHints":{"allow":["GET"]}}],"collection":[{"href":"https:\/\/gpl-love.com\/fr\/wp-json\/wp\/v2\/product"}],"about":[{"href":"https:\/\/gpl-love.com\/fr\/wp-json\/wp\/v2\/types\/product"}],"replies":[{"embeddable":true,"href":"https:\/\/gpl-love.com\/fr\/wp-json\/wp\/v2\/comments?post=106055"}],"wp:featuredmedia":[{"embeddable":true,"href":"https:\/\/gpl-love.com\/fr\/wp-json\/wp\/v2\/media\/146400"}],"wp:attachment":[{"href":"https:\/\/gpl-love.com\/fr\/wp-json\/wp\/v2\/media?parent=106055"}],"wp:term":[{"taxonomy":"product_brand","embeddable":true,"href":"https:\/\/gpl-love.com\/fr\/wp-json\/wp\/v2\/product_brand?post=106055"},{"taxonomy":"product_cat","embeddable":true,"href":"https:\/\/gpl-love.com\/fr\/wp-json\/wp\/v2\/product_cat?post=106055"},{"taxonomy":"product_tag","embeddable":true,"href":"https:\/\/gpl-love.com\/fr\/wp-json\/wp\/v2\/product_tag?post=106055"}],"curies":[{"name":"wp","href":"https:\/\/api.w.org\/{rel}","templated":true}]}}