{"id":106053,"date":"2024-02-27T00:00:00","date_gmt":"2024-02-26T23:00:00","guid":{"rendered":"http:\/\/gpl-love.com\/fr\/product\/yith-woocommerce-one-click-commander-prime\/"},"modified":"2026-04-18T06:32:06","modified_gmt":"2026-04-18T04:32:06","slug":"yith-woocommerce-one-click-checkout-premium","status":"publish","type":"product","link":"https:\/\/gpl-love.com\/fr\/produit\/yith-woocommerce-one-click-checkout-premium\/","title":{"rendered":"YITH One Click Checkout Premium 1.34.0"},"content":{"rendered":"<h3>YITH One Click Checkout Premium Traits<\/h3>\n<p>Yith One Click Checkout Premium est un produit remarquablement innovant et r\u00e9volutionnaire m\u00e9ticuleusement con\u00e7u pour am\u00e9liorer et faciliter l&rsquo;exp\u00e9rience d&rsquo;achat en ligne. Ce logiciel in\u00e9gal\u00e9 permet aux utilisateurs de finaliser sans effort et rapidement leurs achats, le tout avec le simple clic d&rsquo;un bouton. Fini les jours ardus de remplissage laborieux des formes complexes et \u00e9tendues, ainsi que de mani\u00e8re fastidieuse de plusieurs \u00e9tapes avant de terminer avec succ\u00e8s une transaction. Ce produit exceptionnel et indispensable sert de solution impeccable aux entreprises qui aspirent \u00e0 augmenter leurs ventes et \u00e0 am\u00e9liorer la satisfaction de leurs clients estim\u00e9s. En outre, la convivialit\u00e9 sans effort et l&rsquo;int\u00e9gration transparente de Yith One Click Checkout Premium avec une grande majorit\u00e9 des plateformes de commerce \u00e9lectronique en font un actif inestimable pour toute entreprise en ligne pour optimiser et affiner leur processus de paiement.<\/p>\n<ul>\n<li>D\u00e9couvrez instantan\u00e9ment et achetez des produits en un seul clic<\/li>\n<li>Simplifie et acc\u00e9l\u00e8re le processus de paiement pour les clients<\/li>\n<li>R\u00e9duit les taux d&rsquo;abandon des pannes et augmente les taux de conversion<\/li>\n<li>Pr\u00e9ploque automatiquement les informations des clients pour un processus de paiement plus rapide<\/li>\n<li>Fournit une exp\u00e9rience de paiement sans couture aux clients sur les appareils de bureau et mobiles<\/li>\n<li>Offre des options de personnalisation pour l&rsquo;apparence et les fonctionnalit\u00e9s du bouton de paiement en un clic<\/li>\n<li>S&rsquo;int\u00e8gre \u00e0 diverses passerelles de paiement telles que PayPal et Stripe<\/li>\n<li>Compatible avec les principales plateformes de commerce \u00e9lectronique, notamment WooCommerce<\/li>\n<li>Offre aux clients l&rsquo;option pour enregistrer leurs informations de facturation et d&rsquo;exp\u00e9dition pour des exp\u00e9riences de caisse encore plus rapides<\/li>\n<li>Fournit des analyses et des rapports d\u00e9taill\u00e9s sur les achats en un clic et les taux de conversion.<\/li>\n<\/ul>\n","protected":false},"excerpt":{"rendered":"<p>Yith One Click Checkout Premium, un plugin avanc\u00e9 et de pointe, est sp\u00e9cifiquement con\u00e7u pour rationaliser et acc\u00e9l\u00e9rer la proc\u00e9dure de paiement sur votre boutique en ligne. En mettant en \u0153uvre un seul clic, vos clients estim\u00e9s sont en mesure de finaliser sans effort leurs achats, rendant ainsi l&rsquo;ensemble du processus beaucoup plus rapide et sans tracas. Ce plugin remarquable, offrant une pl\u00e9thore de fonctionnalit\u00e9s personnalisables et l&rsquo;int\u00e9gration de mani\u00e8re transparente \u00e0 votre cadre existant, sert d&rsquo;outil indispensable pour tous les d\u00e9taillants en ligne, att\u00e9nuant efficacement les cas d&rsquo;abandon de CART et renforcent simultan\u00e9ment les taux de conversion. Immergez-vous dans la solution ultime pour am\u00e9liorer et propulser votre entreprise de commerce \u00e9lectronique avec Yith One Click Checkout Premium.<\/p>\n","protected":false},"featured_media":146399,"comment_status":"open","ping_status":"closed","template":"","meta":[],"product_brand":[2487],"product_cat":[1182,1223,1181],"product_tag":[1437],"class_list":{"0":"post-106053","1":"product","2":"type-product","3":"status-publish","4":"has-post-thumbnail","6":"product_brand-yith","7":"product_cat-commerce-electronique-plugins","8":"product_cat-personnalisation-commerce-electronique-plugins","9":"product_cat-plugins","10":"product_tag-yith","11":"member-discount","12":"discount-restricted","14":"first","15":"instock","16":"sale","17":"downloadable","18":"virtual","19":"sold-individually","20":"purchasable","21":"product-type-simple"},"_links":{"self":[{"href":"https:\/\/gpl-love.com\/fr\/wp-json\/wp\/v2\/product\/106053","targetHints":{"allow":["GET"]}}],"collection":[{"href":"https:\/\/gpl-love.com\/fr\/wp-json\/wp\/v2\/product"}],"about":[{"href":"https:\/\/gpl-love.com\/fr\/wp-json\/wp\/v2\/types\/product"}],"replies":[{"embeddable":true,"href":"https:\/\/gpl-love.com\/fr\/wp-json\/wp\/v2\/comments?post=106053"}],"wp:featuredmedia":[{"embeddable":true,"href":"https:\/\/gpl-love.com\/fr\/wp-json\/wp\/v2\/media\/146399"}],"wp:attachment":[{"href":"https:\/\/gpl-love.com\/fr\/wp-json\/wp\/v2\/media?parent=106053"}],"wp:term":[{"taxonomy":"product_brand","embeddable":true,"href":"https:\/\/gpl-love.com\/fr\/wp-json\/wp\/v2\/product_brand?post=106053"},{"taxonomy":"product_cat","embeddable":true,"href":"https:\/\/gpl-love.com\/fr\/wp-json\/wp\/v2\/product_cat?post=106053"},{"taxonomy":"product_tag","embeddable":true,"href":"https:\/\/gpl-love.com\/fr\/wp-json\/wp\/v2\/product_tag?post=106053"}],"curies":[{"name":"wp","href":"https:\/\/api.w.org\/{rel}","templated":true}]}}