{"id":106051,"date":"2026-04-16T00:00:00","date_gmt":"2026-04-15T22:00:00","guid":{"rendered":"http:\/\/gpl-love.com\/fr\/product\/yith-woocommerce-nom-votre-premium-prix\/"},"modified":"2026-04-18T06:32:05","modified_gmt":"2026-04-18T04:32:05","slug":"yith-woocommerce-name-your-price-premium","status":"publish","type":"product","link":"https:\/\/gpl-love.com\/fr\/produit\/yith-woocommerce-name-your-price-premium\/","title":{"rendered":"YITH Name your Price Premium 1.53.0"},"content":{"rendered":"<h3>YITH Name your Price Premium Traits<\/h3>\n<p>Yith Name Your Price Premium est une solution logicielle de pointe qui pr\u00e9sente une opportunit\u00e9 sans pr\u00e9c\u00e9dent pour les utilisateurs d&rsquo;exercer une autonomie sur le prix des produits et services. Cet outil tr\u00e8s influent permet aux entreprises en ligne \u00e0 exploiter la flexibilit\u00e9 inh\u00e9rente des strat\u00e9gies de tarification et \u00e0 interagir activement avec leur client\u00e8le estim\u00e9e, en leur accordant le privil\u00e8ge de d\u00e9terminer leurs propres montants de paiement acceptables pour un produit ou un service donn\u00e9. Yith Nommez votre prix de prix est m\u00e9ticuleusement con\u00e7u avec une interface utilisateur intuitive, facilitant l&rsquo;utilisation transparente pour les clients et les vendeurs. Ce logiciel exceptionnel accueille gracieusement diverses m\u00e9thodes de paiement, englobant les cartes PayPal et PayPal, tout en s&rsquo;int\u00e9grant harmonieusement avec des plateformes de commerce \u00e9lectronique renomm\u00e9es telles que WooCommerce. En raison de sa capacit\u00e9 in\u00e9gal\u00e9e \u00e0 renforcer les chiffres des ventes et \u00e0 susciter des niveaux accrus de satisfaction des clients, Yith nomme votre prix de prix \u00e9merge sans \u00e9quivoque comme un actif par excellence pour toute entreprise en ligne aspirant \u00e0 optimiser les sources de revenus et \u00e0 favoriser un engagement client in\u00e9gal\u00e9.<\/p>\n<ul>\n<li>Options de prix flexibles pour les clients<\/li>\n<li>Interface facile \u00e0 utiliser pour les clients pour nommer leur prix<\/li>\n<li>Capacit\u00e9 pour les propri\u00e9taires de magasins \u00e0 fixer des prix minimum et maximum<\/li>\n<li>Messages personnalisables pour les clients en fonction de leur offre<\/li>\n<li>Notifications pour les propri\u00e9taires de magasins lorsqu&rsquo;une offre est faite<\/li>\n<li>Int\u00e9gration avec Yith WooCommerce Multi-Vendenor pour plusieurs prix du fournisseur<\/li>\n<li>Compatible avec les passerelles de paiement populaires<\/li>\n<li>Historique d\u00e9taill\u00e9 de l&rsquo;offre pour le propri\u00e9taire du magasin et le client<\/li>\n<li>Option pour les clients pour d\u00e9finir une offre r\u00e9currente<\/li>\n<li>Documentation et soutien robustes de l&rsquo;\u00e9quipe Yith.<\/li>\n<\/ul>\n","protected":false},"excerpt":{"rendered":"<p>Le plugin Yith Nommez votre prix Premium, un outil puissant con\u00e7u pour am\u00e9liorer l&rsquo;exp\u00e9rience client sur votre site Web, accorde aux clients la capacit\u00e9 unique de proposer leur propre prix souhait\u00e9 pour les produits qu&rsquo;ils souhaitent acqu\u00e9rir. En confiant aux clients l&rsquo;autorit\u00e9 de d\u00e9signer leur prix, non seulement vous pouvez renforcer les chiffres de vente, mais vous pouvez \u00e9galement cultiver un niveau de satisfaction accru parmi votre client\u00e8le estim\u00e9e. Ce plugin exceptionnel est \u00e9quip\u00e9 d&rsquo;une myriade de param\u00e8tres personnalisables, vous offrant ainsi la possibilit\u00e9 d&rsquo;\u00e9tablir des seuils de prix sugg\u00e9r\u00e9s minimum et maximum, ainsi que d&rsquo;ajuster le nombre autoris\u00e9 de suggestions par client individuel, entre autres options. Avec l&rsquo;int\u00e9gration de Yith Nommez votre prime de prix, vous avez la capacit\u00e9 de forger une exp\u00e9rience d&rsquo;achat \u00e0 la fois immersive et adapt\u00e9e aux pr\u00e9f\u00e9rences individuelles de vos clients estim\u00e9s.<\/p>\n","protected":false},"featured_media":146398,"comment_status":"open","ping_status":"closed","template":"","meta":[],"product_brand":[2487],"product_cat":[1183,1182,1181],"product_tag":[1437],"class_list":{"0":"post-106051","1":"product","2":"type-product","3":"status-publish","4":"has-post-thumbnail","6":"product_brand-yith","7":"product_cat-administration","8":"product_cat-commerce-electronique-plugins","9":"product_cat-plugins","10":"product_tag-yith","11":"member-discount","12":"discount-restricted","14":"first","15":"instock","16":"sale","17":"downloadable","18":"virtual","19":"sold-individually","20":"purchasable","21":"product-type-simple"},"_links":{"self":[{"href":"https:\/\/gpl-love.com\/fr\/wp-json\/wp\/v2\/product\/106051","targetHints":{"allow":["GET"]}}],"collection":[{"href":"https:\/\/gpl-love.com\/fr\/wp-json\/wp\/v2\/product"}],"about":[{"href":"https:\/\/gpl-love.com\/fr\/wp-json\/wp\/v2\/types\/product"}],"replies":[{"embeddable":true,"href":"https:\/\/gpl-love.com\/fr\/wp-json\/wp\/v2\/comments?post=106051"}],"wp:featuredmedia":[{"embeddable":true,"href":"https:\/\/gpl-love.com\/fr\/wp-json\/wp\/v2\/media\/146398"}],"wp:attachment":[{"href":"https:\/\/gpl-love.com\/fr\/wp-json\/wp\/v2\/media?parent=106051"}],"wp:term":[{"taxonomy":"product_brand","embeddable":true,"href":"https:\/\/gpl-love.com\/fr\/wp-json\/wp\/v2\/product_brand?post=106051"},{"taxonomy":"product_cat","embeddable":true,"href":"https:\/\/gpl-love.com\/fr\/wp-json\/wp\/v2\/product_cat?post=106051"},{"taxonomy":"product_tag","embeddable":true,"href":"https:\/\/gpl-love.com\/fr\/wp-json\/wp\/v2\/product_tag?post=106051"}],"curies":[{"name":"wp","href":"https:\/\/api.w.org\/{rel}","templated":true}]}}