{"id":106049,"date":"2025-12-23T00:00:00","date_gmt":"2025-12-22T23:00:00","guid":{"rendered":"http:\/\/gpl-love.com\/fr\/product\/yith-woocommerce-multi-fournisseur-haut-de-gamme\/"},"modified":"2026-04-18T06:32:03","modified_gmt":"2026-04-18T04:32:03","slug":"yith-woocommerce-multi-vendor-premium","status":"publish","type":"product","link":"https:\/\/gpl-love.com\/fr\/produit\/yith-woocommerce-multi-vendor-premium\/","title":{"rendered":"YITH Multi Vendor Premium 5.10.0"},"content":{"rendered":"<h3>YITH Multi Vendor Premium Traits<\/h3>\n<p>Yith Multi Vendor Premium, un plugin WordPress tr\u00e8s puissant, pr\u00e9sente aux utilisateurs la capacit\u00e9 in\u00e9gal\u00e9e d&rsquo;\u00e9tablir et de superviser sans effort un march\u00e9 multi-fournisseur. Sa fonctionnalit\u00e9 remarquable permet aux vendeurs de s&rsquo;inscrire et de gouverner sans effort leur propre \u00e9ventail de produits, tandis que le personnel administratif conserve le contr\u00f4le total de l&rsquo;ensemble du march\u00e9, englobant des aspects tels que les paiements, les commissions et divers autres contextes. D\u00e9passant de loin la simple m\u00e9diocrit\u00e9, Yith Multi Vendor Premium fournit une vaste gamme d&rsquo;attributs louables, y compris, mais sans s&rsquo;y limiter, la capacit\u00e9 d&rsquo;\u00e9tablir et de r\u00e9glementer les tarifs d&rsquo;exp\u00e9dition sp\u00e9cifiques aux fournisseurs, d&rsquo;administrer adroitement les revues de produits et une multitude d&rsquo;autres caract\u00e9ristiques tr\u00e8s avantageuses. Sa nature remarquablement polyvalente permet une suffisance de personnalisation, permettant le m\u00e9tier de champs d&rsquo;enregistrement personnalis\u00e9s et la cr\u00e9ation de divers types de fournisseurs. En r\u00e9sum\u00e9, la prime de Yith Multi Vendor est une solution supr\u00eamement globale, pr\u00eate \u00e0 r\u00e9pondre aux besoins des individus aspirant \u00e0 actualiser un march\u00e9 multi-fournisseur prosp\u00e8re.<\/p>\n<ul>\n<li>Cr\u00e9ez facilement un puissant march\u00e9 multi-fournisseur avec facilit\u00e9<\/li>\n<li>Permettez \u00e0 plusieurs fournisseurs de vendre des produits sur votre site<\/li>\n<li>Processus d&rsquo;inscription facile pour les vendeurs<\/li>\n<li>G\u00e9rer plusieurs fournisseurs et leurs produits \u00e0 partir d&rsquo;un seul tableau de bord<\/li>\n<li>Personnaliser les profils des fournisseurs et les pages de stockage<\/li>\n<li>Caract\u00e9ristiques avanc\u00e9es de gestion des produits telles que les variations et les attributs de produits<\/li>\n<li>Offrir des commissions et des paiements aux vendeurs<\/li>\n<li>Exp\u00e9dition int\u00e9gr\u00e9e et gestion fiscale<\/li>\n<li>Interface conviviale pour les clients et les fournisseurs<\/li>\n<li>Notifications par e-mail automatiques pour les vendeurs et les clients<\/li>\n<li>Des rapports et des analyses puissants pour suivre les performances de votre march\u00e9.<\/li>\n<\/ul>\n","protected":false},"excerpt":{"rendered":"<p>Le plugin Premium Yith Multi Vendor pour WordPress est un outil tr\u00e8s sophistiqu\u00e9 qui permet aux utilisateurs de transformer leurs magasins en ligne en march\u00e9s enti\u00e8rement fonctionnels. En tirant parti de ce plugin, les individus sont en mesure de g\u00e9rer efficacement une multitude de t\u00e2ches telles que la gestion des fournisseurs, des produits, des commandes et des commissions &#8211; tous \u00e0 partir d&rsquo;un seul tableau de bord centralis\u00e9. Cette ressource inestimable poss\u00e8de une vaste gamme de fonctionnalit\u00e9s, passant de faciliter l&rsquo;enregistrement des fournisseurs et la gestion des produits pour rationaliser l&rsquo;ordre et les processus de gestion des commissions. De plus, ce plugin s&rsquo;int\u00e8gre de mani\u00e8re transparente \u00e0 WooCommerce et \u00e0 d&rsquo;autres passerelles de paiement largement utilis\u00e9es, en amplifiant sa convivialit\u00e9 et sa commodit\u00e9. Que vous soyez sur le march\u00e9 pour construire un tout nouveau march\u00e9 ou am\u00e9liorer un march\u00e9 existant, Yith Multi Vendor Premium sert de solution ultime pour toutes vos exigences.<\/p>\n","protected":false},"featured_media":146396,"comment_status":"open","ping_status":"closed","template":"","meta":[],"product_brand":[2487],"product_cat":[1183,1182,1181],"product_tag":[1437],"class_list":{"0":"post-106049","1":"product","2":"type-product","3":"status-publish","4":"has-post-thumbnail","6":"product_brand-yith","7":"product_cat-administration","8":"product_cat-commerce-electronique-plugins","9":"product_cat-plugins","10":"product_tag-yith","11":"member-discount","12":"discount-restricted","14":"first","15":"instock","16":"sale","17":"downloadable","18":"virtual","19":"sold-individually","20":"purchasable","21":"product-type-simple"},"_links":{"self":[{"href":"https:\/\/gpl-love.com\/fr\/wp-json\/wp\/v2\/product\/106049","targetHints":{"allow":["GET"]}}],"collection":[{"href":"https:\/\/gpl-love.com\/fr\/wp-json\/wp\/v2\/product"}],"about":[{"href":"https:\/\/gpl-love.com\/fr\/wp-json\/wp\/v2\/types\/product"}],"replies":[{"embeddable":true,"href":"https:\/\/gpl-love.com\/fr\/wp-json\/wp\/v2\/comments?post=106049"}],"wp:featuredmedia":[{"embeddable":true,"href":"https:\/\/gpl-love.com\/fr\/wp-json\/wp\/v2\/media\/146396"}],"wp:attachment":[{"href":"https:\/\/gpl-love.com\/fr\/wp-json\/wp\/v2\/media?parent=106049"}],"wp:term":[{"taxonomy":"product_brand","embeddable":true,"href":"https:\/\/gpl-love.com\/fr\/wp-json\/wp\/v2\/product_brand?post=106049"},{"taxonomy":"product_cat","embeddable":true,"href":"https:\/\/gpl-love.com\/fr\/wp-json\/wp\/v2\/product_cat?post=106049"},{"taxonomy":"product_tag","embeddable":true,"href":"https:\/\/gpl-love.com\/fr\/wp-json\/wp\/v2\/product_tag?post=106049"}],"curies":[{"name":"wp","href":"https:\/\/api.w.org\/{rel}","templated":true}]}}