{"id":106047,"date":"2026-04-16T00:00:00","date_gmt":"2026-04-15T22:00:00","guid":{"rendered":"http:\/\/gpl-love.com\/fr\/product\/yith-woocommerce-multi-step-commander-haut-de-gamme\/"},"modified":"2026-04-18T06:32:02","modified_gmt":"2026-04-18T04:32:02","slug":"yith-woocommerce-multi-step-checkout-premium","status":"publish","type":"product","link":"https:\/\/gpl-love.com\/fr\/produit\/yith-woocommerce-multi-step-checkout-premium\/","title":{"rendered":"YITH Multi Step Checkout Premium 2.52.0"},"content":{"rendered":"<h3>YITH Multi Step Checkout Premium Traits<\/h3>\n<p>Yith Multi Step Checkout Premium, un plugin de paiement extraordinaire con\u00e7u pour les sites Web WordPress, offre une solution exemplaire au processus de paiement en le divisant en plusieurs \u00e9tapes. Ce plugin innovant garantit aux utilisateurs une exp\u00e9rience de paiement transparente et rationalis\u00e9e qui d\u00e9passe les limites des caisses traditionnelles d&rsquo;une page en termes de vitesse, de simplicit\u00e9 et d&rsquo;efficacit\u00e9. De plus, ce plugin peut \u00eatre adapt\u00e9 aux pr\u00e9f\u00e9rences individuelles, car il permet aux utilisateurs d&rsquo;ajouter ou de supprimer sans effort les champs, de modifier la disposition et m\u00eame de personnaliser les couleurs pour s&rsquo;aligner sur leur image de marque distinctive. En tant qu&rsquo;avantage suppl\u00e9mentaire, ce plugin est optimis\u00e9 pour les appareils mobiles, garantissant que les utilisateurs peuvent facilement effectuer leurs achats \u00e0 l&rsquo;aide de leurs smartphones ou tablettes. Dans l&rsquo;ensemble, Yith Multi Step Checkout Premium sert d&rsquo;outil inestimable pour les entreprises en ligne qui cherchent \u00e0 \u00e9lever leur processus de paiement et \u00e0 amplifier leur taux de conversion.<\/p>\n<ul>\n<li>Am\u00e9liore l&rsquo;exp\u00e9rience utilisateur des clients pendant le processus de paiement<\/li>\n<li>R\u00e9duit l&rsquo;abandon des chariots \u00e0 travers une approche \u00e9tape par \u00e9tape<\/li>\n<li>\u00c9tapes personnalisables pour r\u00e9pondre aux besoins de votre magasin et de vos produits<\/li>\n<li>Option pour cr\u00e9er une barre de progression pour suivre les progr\u00e8s des clients<\/li>\n<li>Possibilit\u00e9 d&rsquo;ajouter des champs suppl\u00e9mentaires pour collecter des informations importantes aupr\u00e8s des clients<\/li>\n<li>Permet aux clients d&rsquo;examiner et de modifier leurs informations avant de soumettre la commande<\/li>\n<li>Remplit automatiquement les informations d&rsquo;exp\u00e9dition et de facturation pour le retour des clients<\/li>\n<li>Compatible avec une vari\u00e9t\u00e9 de passerelles de paiement<\/li>\n<li>Conception r\u00e9active pour les mobiles et les tablettes<\/li>\n<li>Comprend des options de CSS et de traductions personnalis\u00e9es pour les clients internationaux<\/li>\n<\/ul>\n","protected":false},"excerpt":{"rendered":"<p>Yith Multi Step Checkout Premium est un plugin tr\u00e8s robuste et efficace d\u00e9velopp\u00e9 d\u00e9lib\u00e9r\u00e9ment pour rationaliser et rationaliser le processus de paiement pour les clients, att\u00e9nuant ainsi toutes les complexit\u00e9s potentielles et obstructions. Gr\u00e2ce \u00e0 l&rsquo;int\u00e9gration de plusieurs \u00e9tapes de paiement de multiples con\u00e7us strat\u00e9giquement, les clients ont la commodit\u00e9 et la facilit\u00e9 de saisir et de fournir sans effort les informations n\u00e9cessaires, aboutissant ainsi \u00e0 l&rsquo;ach\u00e8vement rapide et rapide de l&rsquo;achat souhait\u00e9. Ce plugin exceptionnel vous permet en outre la capacit\u00e9 in\u00e9gal\u00e9e \u00e0 adapter et \u00e0 personnaliser m\u00e9ticuleusement les \u00e9tapes de paiement conform\u00e9ment \u00e0 vos exigences commerciales et exigences uniques et sp\u00e9cifiques. De plus, une fonction de distinction suppl\u00e9mentaire et un attribut saillant de ce plugin r\u00e9side dans sa compatibilit\u00e9 et sa int\u00e9gration transparente avec un \u00e9ventail de passerelles de paiement largement favoris\u00e9es et populaires, garantissant ainsi sans \u00e9quivoque une exp\u00e9rience transactionnelle ininterrompue et fluide pour votre client\u00e8le estim\u00e9. En somme et en totalit\u00e9, la prime de caisse multi-\u00e9tapes en plusieurs \u00e9tapes \u00e9l\u00e8ve sans aucun doute et augmente l&rsquo;exp\u00e9rience d&rsquo;achat de vos clients estim\u00e9s \u00e0 des niveaux de satisfaction sans pr\u00e9c\u00e9dent tout en conduisant simultan\u00e9ment un coup de pouce remarquable et substantiel au taux de conversion de votre entreprise.<\/p>\n","protected":false},"featured_media":146395,"comment_status":"open","ping_status":"closed","template":"","meta":[],"product_brand":[2487],"product_cat":[1182,1223,1181],"product_tag":[1437],"class_list":{"0":"post-106047","1":"product","2":"type-product","3":"status-publish","4":"has-post-thumbnail","6":"product_brand-yith","7":"product_cat-commerce-electronique-plugins","8":"product_cat-personnalisation-commerce-electronique-plugins","9":"product_cat-plugins","10":"product_tag-yith","11":"member-discount","12":"discount-restricted","14":"first","15":"instock","16":"sale","17":"downloadable","18":"virtual","19":"sold-individually","20":"purchasable","21":"product-type-simple"},"_links":{"self":[{"href":"https:\/\/gpl-love.com\/fr\/wp-json\/wp\/v2\/product\/106047","targetHints":{"allow":["GET"]}}],"collection":[{"href":"https:\/\/gpl-love.com\/fr\/wp-json\/wp\/v2\/product"}],"about":[{"href":"https:\/\/gpl-love.com\/fr\/wp-json\/wp\/v2\/types\/product"}],"replies":[{"embeddable":true,"href":"https:\/\/gpl-love.com\/fr\/wp-json\/wp\/v2\/comments?post=106047"}],"wp:featuredmedia":[{"embeddable":true,"href":"https:\/\/gpl-love.com\/fr\/wp-json\/wp\/v2\/media\/146395"}],"wp:attachment":[{"href":"https:\/\/gpl-love.com\/fr\/wp-json\/wp\/v2\/media?parent=106047"}],"wp:term":[{"taxonomy":"product_brand","embeddable":true,"href":"https:\/\/gpl-love.com\/fr\/wp-json\/wp\/v2\/product_brand?post=106047"},{"taxonomy":"product_cat","embeddable":true,"href":"https:\/\/gpl-love.com\/fr\/wp-json\/wp\/v2\/product_cat?post=106047"},{"taxonomy":"product_tag","embeddable":true,"href":"https:\/\/gpl-love.com\/fr\/wp-json\/wp\/v2\/product_tag?post=106047"}],"curies":[{"name":"wp","href":"https:\/\/api.w.org\/{rel}","templated":true}]}}