{"id":106045,"date":"2024-03-23T00:00:00","date_gmt":"2024-03-22T23:00:00","guid":{"rendered":"http:\/\/gpl-love.com\/fr\/product\/yith-woocommerce-quantite-minimum-maximum-prime\/"},"modified":"2026-04-18T06:32:01","modified_gmt":"2026-04-18T04:32:01","slug":"yith-woocommerce-minimum-maximum-quantity-premium","status":"publish","type":"product","link":"https:\/\/gpl-love.com\/fr\/produit\/yith-woocommerce-minimum-maximum-quantity-premium\/","title":{"rendered":"YITH Minimum Maximum Quantity Premium 1.39.0"},"content":{"rendered":"<h3>YITH Minimum Maximum Quantity Premium Traits<\/h3>\n<p>Le plugin Premium Minimum Masmoral Quantimal Yith sert d&rsquo;outil tr\u00e8s puissant, accordant aux utilisateurs la possibilit\u00e9 d&rsquo;\u00e9tablir des seuils de quantit\u00e9 minimale et maximale pour les produits de leur boutique en ligne. Avec sa pr\u00e9sence, les gestionnaires de magasins re\u00e7oivent une interface flexible et conviviale, ce qui leur permet de fixer des limites sur les quantit\u00e9s de produits en fonction d&rsquo;une gamme diversifi\u00e9e de crit\u00e8res, englobant les go\u00fbts du type de produit, de la cat\u00e9gorie, de la gamme de prix, etc. En utilisant ce plugin, les propri\u00e9taires de magasins peuvent superviser efficacement leur inventaire, \u00e9vitant habilement les risques de survente. Simultan\u00e9ment, ils peuvent s&rsquo;assurer que leurs clients atteignent la plus grande satisfaction en garantissant leur acc\u00e8s \u00e0 la quantit\u00e9 souhait\u00e9e de produits. En outre, la mise en \u0153uvre et la configuration du plugin maximal de quantit\u00e9 maximale minimale de Yith ne posent aucun d\u00e9fi, ce qui en fait une s\u00e9lection optimale pour tout propri\u00e9taire de boutique en ligne cherchant avec impatience \u00e0 am\u00e9liorer leur gestion des stocks.<\/p>\n<ul>\n<li>Vous permet de d\u00e9finir des limites d&rsquo;achat minimum et maximale pour vos produits<\/li>\n<li>Encourage les achats en vrac en offrant des rabais pour des quantit\u00e9s plus grandes<\/li>\n<li>Facile \u00e0 installer et \u00e0 configurer sans codage requis<\/li>\n<li>Messages d&rsquo;erreur personnalisables pour les clients qui d\u00e9passent les limites de quantit\u00e9<\/li>\n<li>Compatible avec la plupart des th\u00e8mes et plugins WordPress<\/li>\n<li>Fournit des rapports d\u00e9taill\u00e9s sur les quantit\u00e9s de commande minimum et maximale<\/li>\n<li>Support multi-langues pour les entreprises mondiales<\/li>\n<li>Excellent support client et documentation<\/li>\n<\/ul>\n","protected":false},"excerpt":{"rendered":"<p>La prime de quantit\u00e9 maximale minimale de Yith est un outil incroyablement robuste con\u00e7u pour les magasins en ligne, offrant des capacit\u00e9s exceptionnelles pour g\u00e9rer les limites d&rsquo;achat. Ce plugin vous accorde la possibilit\u00e9 de d\u00e9signer sans effort la quantit\u00e9 minimale et maximale autoris\u00e9e pour chaque produit individuel, affirmant le plus grand contr\u00f4le sur le nombre d&rsquo;articles que les clients peuvent acheter dans une seule commande. De plus, vous avez la possibilit\u00e9 d&rsquo;\u00e9tablir des restrictions en fonction de divers facteurs tels que les r\u00f4les utilisateur et les cat\u00e9gories de produits. En incorporant ce plugin haut de gamme dans votre cadre commercial, vous acc\u00e9dez \u00e0 une solution polyvalente et tr\u00e8s efficace qui vous permet de superviser parfaitement l&rsquo;inventaire et d&rsquo;optimiser les ventes avec un niveau accru de finesse strat\u00e9gique.<\/p>\n","protected":false},"featured_media":146394,"comment_status":"open","ping_status":"closed","template":"","meta":[],"product_brand":[2487],"product_cat":[1183,1182,1181],"product_tag":[1437],"class_list":{"0":"post-106045","1":"product","2":"type-product","3":"status-publish","4":"has-post-thumbnail","6":"product_brand-yith","7":"product_cat-administration","8":"product_cat-commerce-electronique-plugins","9":"product_cat-plugins","10":"product_tag-yith","11":"member-discount","12":"discount-restricted","14":"first","15":"instock","16":"sale","17":"downloadable","18":"virtual","19":"sold-individually","20":"purchasable","21":"product-type-simple"},"_links":{"self":[{"href":"https:\/\/gpl-love.com\/fr\/wp-json\/wp\/v2\/product\/106045","targetHints":{"allow":["GET"]}}],"collection":[{"href":"https:\/\/gpl-love.com\/fr\/wp-json\/wp\/v2\/product"}],"about":[{"href":"https:\/\/gpl-love.com\/fr\/wp-json\/wp\/v2\/types\/product"}],"replies":[{"embeddable":true,"href":"https:\/\/gpl-love.com\/fr\/wp-json\/wp\/v2\/comments?post=106045"}],"wp:featuredmedia":[{"embeddable":true,"href":"https:\/\/gpl-love.com\/fr\/wp-json\/wp\/v2\/media\/146394"}],"wp:attachment":[{"href":"https:\/\/gpl-love.com\/fr\/wp-json\/wp\/v2\/media?parent=106045"}],"wp:term":[{"taxonomy":"product_brand","embeddable":true,"href":"https:\/\/gpl-love.com\/fr\/wp-json\/wp\/v2\/product_brand?post=106045"},{"taxonomy":"product_cat","embeddable":true,"href":"https:\/\/gpl-love.com\/fr\/wp-json\/wp\/v2\/product_cat?post=106045"},{"taxonomy":"product_tag","embeddable":true,"href":"https:\/\/gpl-love.com\/fr\/wp-json\/wp\/v2\/product_tag?post=106045"}],"curies":[{"name":"wp","href":"https:\/\/api.w.org\/{rel}","templated":true}]}}