{"id":106043,"date":"2025-07-13T00:00:00","date_gmt":"2025-07-12T22:00:00","guid":{"rendered":"http:\/\/gpl-love.com\/fr\/product\/yith-woocommerce-membre-premium\/"},"modified":"2026-04-04T18:31:45","modified_gmt":"2026-04-04T16:31:45","slug":"yith-woocommerce-membership-premium","status":"publish","type":"product","link":"https:\/\/gpl-love.com\/fr\/produit\/yith-woocommerce-membership-premium\/","title":{"rendered":"YITH Membership Premium 2.23.0"},"content":{"rendered":"<h3>YITH Membership Premium Traits<\/h3>\n<p>Yith Adhip Premium, un plugin WordPress incroyablement puissant, sert d&rsquo;outil remarquable facilitant la transformation de son site Web en un site d&rsquo;adh\u00e9sion florissant. Gr\u00e2ce \u00e0 l&rsquo;utilisation de ce plugin, les individus acqui\u00e8rent la capacit\u00e9 d&rsquo;\u00e9tablir des niveaux d&rsquo;adh\u00e9sion divers, ce qui limite efficacement son acc\u00e8s au contenu subordonn\u00e9 \u00e0 leur niveau d&rsquo;adh\u00e9sion respectif ou \u00e0 leur dur\u00e9e d&rsquo;abonnement. De plus, cette ressource inestimable permet en outre la fourniture de remises ou de promotions exclusives aux membres fid\u00e8les, \u00e0 la gestion comp\u00e9tente de leurs abonnements et de leurs paiements, et de la personnalisation transparente du plugin lui-m\u00eame pour s&rsquo;aligner parfaitement sur la marque unique de son site Web. B\u00e9n\u00e9ficiant d&rsquo;une interface utilisateur intuitive, Yith Adhip Premium garantit non seulement une facilit\u00e9 d&rsquo;utilisation, mais pr\u00e9sente \u00e9galement une vaste gamme de fonctionnalit\u00e9s, ce qui en fait un choix id\u00e9al pour tout site Web aspirant \u00e0 mon\u00e9tiser efficacement leur contenu ou leurs services exceptionnels.<\/p>\n<ul>\n<li>Un plugin complet de gestion des membres pour votre site Web<\/li>\n<li>Vous permet de restreindre le contenu en fonction du niveau d&rsquo;adh\u00e9sion<\/li>\n<li>Plusieurs niveaux d&rsquo;adh\u00e9sion avec des prix et des fonctionnalit\u00e9s diff\u00e9rents<\/li>\n<li>Possibilit\u00e9 d&rsquo;offrir des essais gratuits et des paiements r\u00e9currents<\/li>\n<li>Int\u00e9gration avec des passerelles de paiement populaires pour les transactions s\u00e9curis\u00e9es<\/li>\n<li>Formulaires d&rsquo;inscription et de connexion personnalisables<\/li>\n<li>Automatiser les notifications par e-mail pour les abonnements, les renouvellements et les mises \u00e0 niveau<\/li>\n<li>Param\u00e8tres flexibles pour les r\u00e8gles d&rsquo;acc\u00e8s bas\u00e9es sur le type de contenu ou la cat\u00e9gorie<\/li>\n<li>Rapports et statistiques pour suivre les performances de l&rsquo;adh\u00e9sion<\/li>\n<li>Documentation compl\u00e8te et support client pour l&rsquo;installation et l&rsquo;utilisation<\/li>\n<\/ul>\n","protected":false},"excerpt":{"rendered":"<p>Yith Adhipping Premium, un plugin incroyablement robuste con\u00e7u pour WordPress, vous accorde la capacit\u00e9 remarquable d&rsquo;\u00e9tablir et de superviser sans effort les plans d&rsquo;adh\u00e9sion sur votre site Web. Remarquablement, cet outil vous permet de configurer un \u00e9ventail de niveaux d&rsquo;adh\u00e9sion distincts, d&rsquo;adapter m\u00e9ticuleusement les formulaires d&rsquo;enregistrement et d&rsquo;\u00e9tendre l&rsquo;incroyable avantage de fournir \u00e0 vos membres estim\u00e9s un contenu exclusif ou des remises irr\u00e9sistibles. De plus, il vous permet \u00e9galement de surveiller de mani\u00e8re transparente l&rsquo;engagement des utilisateurs et de rester en contact constant avec vos pr\u00e9cieux membres via une correspondance par e-mail automatis\u00e9e. En adoptant les capacit\u00e9s formidables de la prime d&rsquo;adh\u00e9sion de Yith, vous pouvez augmenter en toute confiance vos gains financiers tout en cultivant simultan\u00e9ment une communaut\u00e9 farouchement fid\u00e8le.<\/p>\n","protected":false},"featured_media":146393,"comment_status":"open","ping_status":"closed","template":"","meta":[],"product_brand":[2487],"product_cat":[1359,1182,1181],"product_tag":[1437],"class_list":{"0":"post-106043","1":"product","2":"type-product","3":"status-publish","4":"has-post-thumbnail","6":"product_brand-yith","7":"product_cat-adhesion-commerce-electronique-plugins","8":"product_cat-commerce-electronique-plugins","9":"product_cat-plugins","10":"product_tag-yith","11":"member-discount","12":"discount-restricted","14":"first","15":"instock","16":"sale","17":"downloadable","18":"virtual","19":"sold-individually","20":"purchasable","21":"product-type-simple"},"_links":{"self":[{"href":"https:\/\/gpl-love.com\/fr\/wp-json\/wp\/v2\/product\/106043","targetHints":{"allow":["GET"]}}],"collection":[{"href":"https:\/\/gpl-love.com\/fr\/wp-json\/wp\/v2\/product"}],"about":[{"href":"https:\/\/gpl-love.com\/fr\/wp-json\/wp\/v2\/types\/product"}],"replies":[{"embeddable":true,"href":"https:\/\/gpl-love.com\/fr\/wp-json\/wp\/v2\/comments?post=106043"}],"wp:featuredmedia":[{"embeddable":true,"href":"https:\/\/gpl-love.com\/fr\/wp-json\/wp\/v2\/media\/146393"}],"wp:attachment":[{"href":"https:\/\/gpl-love.com\/fr\/wp-json\/wp\/v2\/media?parent=106043"}],"wp:term":[{"taxonomy":"product_brand","embeddable":true,"href":"https:\/\/gpl-love.com\/fr\/wp-json\/wp\/v2\/product_brand?post=106043"},{"taxonomy":"product_cat","embeddable":true,"href":"https:\/\/gpl-love.com\/fr\/wp-json\/wp\/v2\/product_cat?post=106043"},{"taxonomy":"product_tag","embeddable":true,"href":"https:\/\/gpl-love.com\/fr\/wp-json\/wp\/v2\/product_tag?post=106043"}],"curies":[{"name":"wp","href":"https:\/\/api.w.org\/{rel}","templated":true}]}}