{"id":106041,"date":"2024-03-23T00:00:00","date_gmt":"2024-03-22T23:00:00","guid":{"rendered":"http:\/\/gpl-love.com\/fr\/product\/yith-woocommerce-mailchimp-premium\/"},"modified":"2026-04-18T06:31:59","modified_gmt":"2026-04-18T04:31:59","slug":"yith-woocommerce-mailchimp-premium","status":"publish","type":"product","link":"https:\/\/gpl-love.com\/fr\/produit\/yith-woocommerce-mailchimp-premium\/","title":{"rendered":"YITH Mailchimp Premium 2.34.0"},"content":{"rendered":"<h3>YITH Mailchimp Premium Traits<\/h3>\n<p>Yith MailChimp Premium est un plugin extr\u00eamement robuste qui int\u00e8gre sans effort votre site Web \u00e0 MailChimp, vous permettant ainsi d&rsquo;\u00e9tablir une connexion plus rationalis\u00e9e et plus efficace avec vos pr\u00e9cieux clients et abonn\u00e9s. Ce plugin remarquable vous donne la possibilit\u00e9 de construire et de superviser les campagnes MailChimp directement \u00e0 partir de votre tableau de bord WordPress, assurant sans effort la synchronisation de vos listes et segments d&rsquo;abonn\u00e9. De plus, vous pouvez exploiter la puissance des fonctionnalit\u00e9s avanc\u00e9es telles que les fen\u00eatres contextuelles, les widgets et les formulaires personnalis\u00e9s pour capturer efficacement les prospects et \u00e9tendre votre pr\u00e9cieuse liste de diffusion. L&rsquo;int\u00e9gration de Yith MailChimp Premium vous offre les moyens de rationaliser vos efforts de marketing par e-mail, d&rsquo;am\u00e9liorer consid\u00e9rablement vos taux de conversion et de le positionner comme un outil indispensable pour les entreprises qui cherchent \u00e0 cultiver des relations clients plus solides et \u00e0 stimuler la croissance des ventes.<\/p>\n<ul>\n<li>Int\u00e9gration transparente de MailChimp avec votre site Web<\/li>\n<li>Synchronisation automatique des donn\u00e9es des utilisateurs aux listes MailChimp<\/li>\n<li>Option pour ajouter des utilisateurs \u00e0 des groupes MailChimp sp\u00e9cifiques en fonction de leurs actions sur votre site Web<\/li>\n<li>Possibilit\u00e9 de cr\u00e9er des formulaires et des fen\u00eatres contextuelles d&rsquo;opt-in personnalis\u00e9s pour d\u00e9velopper votre liste de diffusion<\/li>\n<li>Int\u00e9gration avec WooCommerce pour suivre et synchroniser les donn\u00e9es d&rsquo;achat des clients \u00e0 MailChimp<\/li>\n<li>Options de segmentation avanc\u00e9es pour envoyer des e-mails cibl\u00e9s et personnalis\u00e9s<\/li>\n<li>Fonctionnement de test A \/ B pour optimiser les campagnes de messagerie pour de meilleurs r\u00e9sultats<\/li>\n<li>Rapports d\u00e9taill\u00e9s et analyses pour suivre les performances des e-mails et le retour sur investissement<\/li>\n<li>GDPR conforme aux fonctionnalit\u00e9s d&rsquo;opt-in et d&rsquo;opt-out int\u00e9gr\u00e9es pour les utilisateurs<\/li>\n<li>\u00c9quipe de support d\u00e9di\u00e9e disponible pour aider \u00e0 tout probl\u00e8me ou questions.<\/li>\n<\/ul>\n","protected":false},"excerpt":{"rendered":"<p>Yith MailChimp Premium est une solution de marketing par e-mail pleinement et tr\u00e8s inclusive qui vous pr\u00e9sente l&rsquo;opportunit\u00e9 transparente d&rsquo;int\u00e9grer sans effort votre site Web \u00e0 la plate-forme estim\u00e9e qui est MailChimp. Cet outil extr\u00eamement puissant vous permet de d\u00e9velopper et d&rsquo;augmenter votre liste de diffusion, de fa\u00e7onner m\u00e9ticuleusement de superbes campagnes de messagerie visuellement et de surveiller et d&rsquo;\u00e9valuer avec diligence vos r\u00e9sultats et r\u00e9alisations. Avec une interface non seulement tr\u00e8s intuitive et conviviale, mais \u00e9galement remplie de fonctionnalit\u00e9s de pointe et sophistiqu\u00e9es telles que les flux de travail d&rsquo;automatisation, la segmentation des abonn\u00e9s et les rapports approfondis, Yith MailChimp Premium vous assiste efficacement dans le r\u00e9glage fin et optimiser vos efforts de marketing par e-mail, finalement propulser et faciliter la croissance impressionnante de votre entreprise. Commencez votre voyage vers la communication efficace et la connexion avec votre public cible aujourd&rsquo;hui en vous profitant des capacit\u00e9s remarquables offertes par Yith MailChimp Premium.<\/p>\n","protected":false},"featured_media":146392,"comment_status":"open","ping_status":"open","template":"","meta":[],"product_brand":[2487],"product_cat":[1182,1200,1181],"product_tag":[1437],"class_list":{"0":"post-106041","1":"product","2":"type-product","3":"status-publish","4":"has-post-thumbnail","6":"product_brand-yith","7":"product_cat-commerce-electronique-plugins","8":"product_cat-commercialisation","9":"product_cat-plugins","10":"product_tag-yith","11":"member-discount","12":"discount-restricted","14":"first","15":"instock","16":"sale","17":"downloadable","18":"virtual","19":"sold-individually","20":"purchasable","21":"product-type-simple"},"_links":{"self":[{"href":"https:\/\/gpl-love.com\/fr\/wp-json\/wp\/v2\/product\/106041","targetHints":{"allow":["GET"]}}],"collection":[{"href":"https:\/\/gpl-love.com\/fr\/wp-json\/wp\/v2\/product"}],"about":[{"href":"https:\/\/gpl-love.com\/fr\/wp-json\/wp\/v2\/types\/product"}],"replies":[{"embeddable":true,"href":"https:\/\/gpl-love.com\/fr\/wp-json\/wp\/v2\/comments?post=106041"}],"wp:featuredmedia":[{"embeddable":true,"href":"https:\/\/gpl-love.com\/fr\/wp-json\/wp\/v2\/media\/146392"}],"wp:attachment":[{"href":"https:\/\/gpl-love.com\/fr\/wp-json\/wp\/v2\/media?parent=106041"}],"wp:term":[{"taxonomy":"product_brand","embeddable":true,"href":"https:\/\/gpl-love.com\/fr\/wp-json\/wp\/v2\/product_brand?post=106041"},{"taxonomy":"product_cat","embeddable":true,"href":"https:\/\/gpl-love.com\/fr\/wp-json\/wp\/v2\/product_cat?post=106041"},{"taxonomy":"product_tag","embeddable":true,"href":"https:\/\/gpl-love.com\/fr\/wp-json\/wp\/v2\/product_tag?post=106041"}],"curies":[{"name":"wp","href":"https:\/\/api.w.org\/{rel}","templated":true}]}}