{"id":106039,"date":"2026-04-16T00:00:00","date_gmt":"2026-04-15T22:00:00","guid":{"rendered":"http:\/\/gpl-love.com\/fr\/product\/yith-woocommerce-cartes-cadeaux-haut-de-gamme\/"},"modified":"2026-04-18T06:31:56","modified_gmt":"2026-04-18T04:31:56","slug":"yith-woocommerce-gift-cards-premium","status":"publish","type":"product","link":"https:\/\/gpl-love.com\/fr\/produit\/yith-woocommerce-gift-cards-premium\/","title":{"rendered":"YITH Gift Cards Premium 4.33.0"},"content":{"rendered":"<h3>YITH Gift Cards Premium Traits<\/h3>\n<p>Yith Gift Cards Premium appara\u00eet comme une solution extr\u00eamement louable et avantageuse pour les entreprises qui aspirent \u00e0 fournir \u00e0 leurs clients estim\u00e9s un syst\u00e8me de cartes-cadeaux \u00e0 la fois opportun et personnalisable. Ce plugin remarquable vous offre la possibilit\u00e9 d&rsquo;\u00e9tablir des cartes-cadeaux qui portent des valeurs pr\u00e9d\u00e9termin\u00e9es, des messages personnalis\u00e9s et une pl\u00e9thore d&rsquo;alternatives de conception qui s&rsquo;alignent impeccablement avec l&rsquo;identit\u00e9 de votre marque. De plus, vos clients pourront se procurer et \u00e9changer de mani\u00e8re transparente ces cartes-cadeaux via votre site Web, garantissant ainsi une exp\u00e9rience totalement transparente et simple pour toutes les parties impliqu\u00e9es. De plus, ce plugin vous fournit des rapports et des analyses complets et m\u00e9ticuleux, vous permettant de surveiller et d&rsquo;\u00e9valuer vigilant les performances de votre programme de cartes-cadeaux. Dans l&rsquo;ensemble, les cartes-cadeaux Yith Premium sont un actif indispensable pour toute entreprise cherchant \u00e0 augmenter \u00e0 la fois les chiffres des ventes et la gratification des clients.<\/p>\n<ul>\n<li>Une puissante solution de carte-cadeau pour les sites Web de commerce \u00e9lectronique<\/li>\n<li>Permet aux clients d&rsquo;acheter et d&rsquo;envoyer des cartes-cadeaux \u00e0 eux-m\u00eames ou aux autres<\/li>\n<li>Options de conception enti\u00e8rement personnalisables pour les mod\u00e8les de cartes-cadeaux<\/li>\n<li>Plusieurs options de valeur de carte-cadeau \u00e0 choisir<\/li>\n<li>Int\u00e9gration avec des passerelles de paiement populaires pour un traitement de transaction s\u00e9curis\u00e9<\/li>\n<li>G\u00e9n\u00e9ration et gestion de code de carte-cadeau automatique<\/li>\n<li>Rapports et analyses d\u00e9taill\u00e9es pour suivre l&rsquo;utilisation et les ventes des cartes-cadeaux<\/li>\n<li>Configuration facile et interface conviviale pour les clients et les administrateurs<\/li>\n<li>Option pour que les clients \u00e9changent des cartes-cadeaux partiellement ou enti\u00e8rement \u00e0 la caisse<\/li>\n<li>Compatible avec les principales plateformes de commerce \u00e9lectronique comme WooCommerce et Magento.<\/li>\n<\/ul>\n","protected":false},"excerpt":{"rendered":"<p>Le Yith Gift Cards Premium est un outil incroyablement robuste et tr\u00e8s efficace qui vous permet de vendre sans effort des cartes-cadeaux dans les limites de votre boutique WooCommerce. Ce plugin exceptionnel vous donne la possibilit\u00e9 d&rsquo;\u00e9laborer m\u00e9ticuleusement des cartes-cadeaux personnalis\u00e9es, impr\u00e9gn\u00e9es d&rsquo;une pl\u00e9thore de styles et de designs divers. De plus, vous pouvez \u00e9tablir des options de tarification sur mesure, sur mesure pr\u00e9cis\u00e9ment en fonction de vos besoins individuels, garantissant ainsi une flexibilit\u00e9 optimale et une satisfaction client. La gestion de ces cartes-cadeaux est un jeu d&rsquo;enfant, gr\u00e2ce \u00e0 la zone backend d\u00e9di\u00e9e du plugin, qui rationalise l&rsquo;ensemble du processus. En int\u00e9grant cette solution exceptionnelle dans votre boutique en ligne, vous attirerez sans aucun doute une client\u00e8le plus importante, augmenterez consid\u00e9rablement les chiffres de vente et, surtout, offrez \u00e0 votre client\u00e8le estim\u00e9 une exp\u00e9rience de cadeaux vraiment in\u00e9gal\u00e9e.<\/p>\n","protected":false},"featured_media":146388,"comment_status":"open","ping_status":"closed","template":"","meta":[],"product_brand":[2487],"product_cat":[1182,1200,1181],"product_tag":[1437],"class_list":{"0":"post-106039","1":"product","2":"type-product","3":"status-publish","4":"has-post-thumbnail","6":"product_brand-yith","7":"product_cat-commerce-electronique-plugins","8":"product_cat-commercialisation","9":"product_cat-plugins","10":"product_tag-yith","11":"member-discount","12":"discount-restricted","14":"first","15":"instock","16":"sale","17":"downloadable","18":"virtual","19":"sold-individually","20":"purchasable","21":"product-type-simple"},"_links":{"self":[{"href":"https:\/\/gpl-love.com\/fr\/wp-json\/wp\/v2\/product\/106039","targetHints":{"allow":["GET"]}}],"collection":[{"href":"https:\/\/gpl-love.com\/fr\/wp-json\/wp\/v2\/product"}],"about":[{"href":"https:\/\/gpl-love.com\/fr\/wp-json\/wp\/v2\/types\/product"}],"replies":[{"embeddable":true,"href":"https:\/\/gpl-love.com\/fr\/wp-json\/wp\/v2\/comments?post=106039"}],"wp:featuredmedia":[{"embeddable":true,"href":"https:\/\/gpl-love.com\/fr\/wp-json\/wp\/v2\/media\/146388"}],"wp:attachment":[{"href":"https:\/\/gpl-love.com\/fr\/wp-json\/wp\/v2\/media?parent=106039"}],"wp:term":[{"taxonomy":"product_brand","embeddable":true,"href":"https:\/\/gpl-love.com\/fr\/wp-json\/wp\/v2\/product_brand?post=106039"},{"taxonomy":"product_cat","embeddable":true,"href":"https:\/\/gpl-love.com\/fr\/wp-json\/wp\/v2\/product_cat?post=106039"},{"taxonomy":"product_tag","embeddable":true,"href":"https:\/\/gpl-love.com\/fr\/wp-json\/wp\/v2\/product_tag?post=106039"}],"curies":[{"name":"wp","href":"https:\/\/api.w.org\/{rel}","templated":true}]}}