{"id":106037,"date":"2026-04-16T00:00:00","date_gmt":"2026-04-15T22:00:00","guid":{"rendered":"http:\/\/gpl-love.com\/fr\/product\/yith-woocommerce-frequemment-achetes-ensemble-prime\/"},"modified":"2026-04-18T06:31:53","modified_gmt":"2026-04-18T04:31:53","slug":"yith-woocommerce-frequently-bought-together-premium","status":"publish","type":"product","link":"https:\/\/gpl-love.com\/fr\/produit\/yith-woocommerce-frequently-bought-together-premium\/","title":{"rendered":"YITH Frequently Bought Together Premium 1.60.0"},"content":{"rendered":"<h3>YITH Frequently Bought Together Premium Traits<\/h3>\n<p>Yith a fr\u00e9quemment achet\u00e9 ensemble Premium est un plugin indispensable qu&rsquo;aucun propri\u00e9taire de la boutique en ligne ne peut se permettre de n\u00e9gliger. Sa puissance inh\u00e9rente r\u00e9side dans sa capacit\u00e9 \u00e0 pr\u00e9senter efficacement des produits qui sont couramment achet\u00e9s en conjonction, augmentant ainsi la probabilit\u00e9 d&rsquo;augmenter les chiffres de vente. Le processus d&rsquo;installation de ce plugin est un jeu d&rsquo;enfant, et il est \u00e9quip\u00e9 d&rsquo;une gamme d&rsquo;attributs personnalisables, vous permettant de le r\u00e9gler finement pour s&rsquo;aligner sur vos exigences pr\u00e9cises. Avec l&rsquo;utilisation de Yith fr\u00e9quemment achet\u00e9 ensemble Premium, vous poss\u00e9dez la capacit\u00e9 de proposer des recommandations personnalis\u00e9es \u00e0 votre client\u00e8le estim\u00e9e, de vous engager dans des efforts de vente \u00e0 la hausse concernant les produits corr\u00e9l\u00e9s et, \u00e0 son tour, d&rsquo;augmenter votre valeur de commande moyenne. Ce plugin repr\u00e9sente la solution par excellence pour quiconque cherche avec impatience \u00e0 am\u00e9liorer ses performances de vente virtuelle et \u00e0 propulser leur entreprise de commerce \u00e9lectronique vers des hauteurs sans pr\u00e9c\u00e9dent.<\/p>\n<ul>\n<li>G\u00e9n\u00e8re des faisceaux de produits en fonction des pr\u00e9f\u00e9rences des clients et des donn\u00e9es sur l&rsquo;historique des ventes<\/li>\n<li>Pop-up de recommandation bien con\u00e7ue qui n&rsquo;interf\u00e9rera pas avec la conception de votre magasin<\/li>\n<li>Param\u00e8tres d&rsquo;affichage personnalisables pour s&rsquo;adapter \u00e0 la conception et \u00e0 la disposition de votre magasin<\/li>\n<li>Afficher les produits connexes avec un d\u00e9clencheur automatique pour am\u00e9liorer les achats des clients<\/li>\n<li>Option pour s\u00e9lectionner manuellement les produits \u00e0 afficher en tant que produits connexes<\/li>\n<li>Courriel de recommandation automatique envoy\u00e9 aux clients pour les articles achet\u00e9s avec des produits connexes recommand\u00e9s<\/li>\n<li>Compatible avec WooCommerce et d&rsquo;autres principales plateformes de commerce \u00e9lectronique<\/li>\n<li>Installation et configuration faciles avec une documentation d\u00e9taill\u00e9e et des options de support client.<\/li>\n<\/ul>\n","protected":false},"excerpt":{"rendered":"<p>Yith a fr\u00e9quemment achet\u00e9 ensemble Premium, un plugin de commerce \u00e9lectronique tr\u00e8s puissant, vous permet d&rsquo;am\u00e9liorer vos chiffres de vente en sugg\u00e9rant intelligemment des produits qui sont couramment achet\u00e9s en conjonction. Cet outil remarquable vous permet de g\u00e9rer sans effort des faisceaux de produits, incitant efficacement vos clients \u00e0 ajouter plus d&rsquo;articles dans leurs paniers-ports. Notamment, le plugin s&rsquo;accompagne d&rsquo;une interface conviviale qui facilite la personnalisation transparente de l&rsquo;apparence de vos bo\u00eetes de suggestion, en s&rsquo;assurant qu&rsquo;ils s&rsquo;alignent de mani\u00e8re transparente sur la conception globale de votre site Web. En outre, ce plugin poss\u00e8de des algorithmes avanc\u00e9s qui analysent m\u00e9ticuleusement le comportement des clients et les mod\u00e8les d&rsquo;achat, permettant finalement la fourniture de recommandations de produits optimis\u00e9es. De plus, Yith a fr\u00e9quemment achet\u00e9 ensemble Premium offre la capacit\u00e9 inestimable pour surveiller \u00e9troitement les performances de vos faisceaux de produits, vous permettant de faire des ajustements \u00e9clair\u00e9s pour maximiser vos opportunit\u00e9s de vente.<\/p>\n","protected":false},"featured_media":146385,"comment_status":"open","ping_status":"closed","template":"","meta":[],"product_brand":[2487],"product_cat":[1182,1200,1181],"product_tag":[1437],"class_list":{"0":"post-106037","1":"product","2":"type-product","3":"status-publish","4":"has-post-thumbnail","6":"product_brand-yith","7":"product_cat-commerce-electronique-plugins","8":"product_cat-commercialisation","9":"product_cat-plugins","10":"product_tag-yith","11":"member-discount","12":"discount-restricted","14":"first","15":"instock","16":"sale","17":"downloadable","18":"virtual","19":"sold-individually","20":"purchasable","21":"product-type-simple"},"_links":{"self":[{"href":"https:\/\/gpl-love.com\/fr\/wp-json\/wp\/v2\/product\/106037","targetHints":{"allow":["GET"]}}],"collection":[{"href":"https:\/\/gpl-love.com\/fr\/wp-json\/wp\/v2\/product"}],"about":[{"href":"https:\/\/gpl-love.com\/fr\/wp-json\/wp\/v2\/types\/product"}],"replies":[{"embeddable":true,"href":"https:\/\/gpl-love.com\/fr\/wp-json\/wp\/v2\/comments?post=106037"}],"wp:featuredmedia":[{"embeddable":true,"href":"https:\/\/gpl-love.com\/fr\/wp-json\/wp\/v2\/media\/146385"}],"wp:attachment":[{"href":"https:\/\/gpl-love.com\/fr\/wp-json\/wp\/v2\/media?parent=106037"}],"wp:term":[{"taxonomy":"product_brand","embeddable":true,"href":"https:\/\/gpl-love.com\/fr\/wp-json\/wp\/v2\/product_brand?post=106037"},{"taxonomy":"product_cat","embeddable":true,"href":"https:\/\/gpl-love.com\/fr\/wp-json\/wp\/v2\/product_cat?post=106037"},{"taxonomy":"product_tag","embeddable":true,"href":"https:\/\/gpl-love.com\/fr\/wp-json\/wp\/v2\/product_tag?post=106037"}],"curies":[{"name":"wp","href":"https:\/\/api.w.org\/{rel}","templated":true}]}}