{"id":106035,"date":"2024-03-11T00:00:00","date_gmt":"2024-03-10T23:00:00","guid":{"rendered":"http:\/\/gpl-love.com\/fr\/product\/yith-woocommerce-ue-tva-premium\/"},"modified":"2026-04-18T06:31:49","modified_gmt":"2026-04-18T04:31:49","slug":"yith-woocommerce-eu-vat-premium","status":"publish","type":"product","link":"https:\/\/gpl-love.com\/fr\/produit\/yith-woocommerce-eu-vat-premium\/","title":{"rendered":"YITH EU VAT Premium 2.31.0"},"content":{"rendered":"<h3>YITH EU VAT Premium Traits<\/h3>\n<p>Le plugin Premium Yith Eu TVA est une solution incroyablement robuste et efficace qui a \u00e9t\u00e9 m\u00e9ticuleusement d\u00e9velopp\u00e9e pour aider les entreprises \u00e0 adh\u00e9rer aux r\u00e9glementations complexes de la TVA de l&rsquo;Union europ\u00e9enne. En int\u00e9grant de mani\u00e8re transparente dans les op\u00e9rations d&rsquo;une entreprise, ce plugin a la capacit\u00e9 remarquable de calculer et d&rsquo;impl\u00e9menter automatiquement les taux de TVA, principalement bas\u00e9s sur l&#8217;emplacement g\u00e9ographique du client. Cette fonctionnalit\u00e9 innovante permet non seulement de gagner un temps pr\u00e9cieux, mais aussi radicalement la probabilit\u00e9 d&rsquo;erreurs potentiellement co\u00fbteuses. En outre, ce plugin exceptionnel comprend un large \u00e9ventail de fonctions suppl\u00e9mentaires, y compris, mais sans s&rsquo;y limiter, la gestion des exemptions de TVA, la d\u00e9livrance des factures et la g\u00e9n\u00e9ration de rapports complets. Par cons\u00e9quent, ces fonctionnalit\u00e9s inestimables rendent le plugin Premium Yith EU VAT un outil indispensable pour toute entreprise qui engage des transactions avec les clients de l&rsquo;UE. Son interface incroyablement conviviale, coupl\u00e9e \u00e0 sa fonctionnalit\u00e9 expansive, fait de la prime de TVA de Yith EU un investissement incroyablement solide pour les entreprises qui aspirent \u00e0 rationaliser leurs proc\u00e9dures de conformit\u00e9 TVA tout en garantissant simultan\u00e9ment une stricte adh\u00e9sion aux r\u00e9glementations les plus r\u00e9centes.<\/p>\n<ul>\n<li>S&rsquo;assure que votre boutique en ligne est conforme aux r\u00e9glementations de la TVA de l&rsquo;Union europ\u00e9enne<\/li>\n<li>D\u00e9tecte et applique automatiquement les taux de TVA corrects en fonction de l&#8217;emplacement du client<\/li>\n<li>Fournit un message personnalisable pour afficher les informations de TVA sur les pages de produits et le paiement<\/li>\n<li>G\u00e9n\u00e8re un rapport de r\u00e9sum\u00e9 de la TVA pour un dossier fiscal facile<\/li>\n<li>Int\u00e9gre parfaitement avec les plugins WooCommerce populaires<\/li>\n<li>Facile \u00e0 installer et \u00e0 utiliser, sans codage requis<\/li>\n<li>Aide \u00e0 prot\u00e9ger votre entreprise contre les cons\u00e9quences juridiques et financi\u00e8res possibles de la non-conformit\u00e9<\/li>\n<\/ul>\n","protected":false},"excerpt":{"rendered":"<p>Yith UE TVA Premium, un outil incroyablement robuste et efficace, sert de m\u00e9canisme d&rsquo;automatisation pour la manipulation transparente de la taxe sur la valeur ajout\u00e9e (TVA) dans les pays de l&rsquo;Union europ\u00e9enne (UE). Sa fonction principale consiste \u00e0 rationaliser la proc\u00e9dure de paiement pour les propri\u00e9taires de magasins et les clients, en r\u00e9alisant cela en informant pr\u00e9cis\u00e9ment et en pr\u00e9sentant la somme de la TVA sur la facture. En int\u00e9grant ce plugin dans leurs op\u00e9rations, les entreprises de commerce \u00e9lectronique peuvent s&rsquo;assurer sans effort l&rsquo;adh\u00e9sion aux r\u00e9glementations et directives de la TVA de l&rsquo;UE, att\u00e9nuant consid\u00e9rablement le fardeau administratif qu&rsquo;ils seraient autrement assur\u00e9s. Parmi ses innombrables fonctionnalit\u00e9s, Yith EU TVA Premium permet aux utilisateurs de naviguer sans effort dans une gamme de taux de TVA, d&rsquo;exemptions et de seuils, tout en facilitant la g\u00e9n\u00e9ration de rapports de TVA d\u00e9taill\u00e9s pour aider \u00e0 la t\u00e2che cruciale de la conformit\u00e9 fiscale.<\/p>\n","protected":false},"featured_media":146381,"comment_status":"open","ping_status":"closed","template":"","meta":[],"product_brand":[2487],"product_cat":[1183,1182,1181],"product_tag":[1437],"class_list":{"0":"post-106035","1":"product","2":"type-product","3":"status-publish","4":"has-post-thumbnail","6":"product_brand-yith","7":"product_cat-administration","8":"product_cat-commerce-electronique-plugins","9":"product_cat-plugins","10":"product_tag-yith","11":"member-discount","12":"discount-restricted","14":"first","15":"instock","16":"sale","17":"downloadable","18":"virtual","19":"sold-individually","20":"purchasable","21":"product-type-simple"},"_links":{"self":[{"href":"https:\/\/gpl-love.com\/fr\/wp-json\/wp\/v2\/product\/106035","targetHints":{"allow":["GET"]}}],"collection":[{"href":"https:\/\/gpl-love.com\/fr\/wp-json\/wp\/v2\/product"}],"about":[{"href":"https:\/\/gpl-love.com\/fr\/wp-json\/wp\/v2\/types\/product"}],"replies":[{"embeddable":true,"href":"https:\/\/gpl-love.com\/fr\/wp-json\/wp\/v2\/comments?post=106035"}],"wp:featuredmedia":[{"embeddable":true,"href":"https:\/\/gpl-love.com\/fr\/wp-json\/wp\/v2\/media\/146381"}],"wp:attachment":[{"href":"https:\/\/gpl-love.com\/fr\/wp-json\/wp\/v2\/media?parent=106035"}],"wp:term":[{"taxonomy":"product_brand","embeddable":true,"href":"https:\/\/gpl-love.com\/fr\/wp-json\/wp\/v2\/product_brand?post=106035"},{"taxonomy":"product_cat","embeddable":true,"href":"https:\/\/gpl-love.com\/fr\/wp-json\/wp\/v2\/product_cat?post=106035"},{"taxonomy":"product_tag","embeddable":true,"href":"https:\/\/gpl-love.com\/fr\/wp-json\/wp\/v2\/product_tag?post=106035"}],"curies":[{"name":"wp","href":"https:\/\/api.w.org\/{rel}","templated":true}]}}