{"id":106033,"date":"2024-03-24T00:00:00","date_gmt":"2024-03-23T23:00:00","guid":{"rendered":"http:\/\/gpl-love.com\/fr\/product\/yith-woocommerce-ue-energy-label-premium\/"},"modified":"2026-04-25T06:31:32","modified_gmt":"2026-04-25T04:31:32","slug":"yith-woocommerce-eu-energy-label-premium","status":"publish","type":"product","link":"https:\/\/gpl-love.com\/fr\/produit\/yith-woocommerce-eu-energy-label-premium\/","title":{"rendered":"YITH EU Energy Label Premium 2.30.0"},"content":{"rendered":"<h3>YITH EU Energy Label Premium Traits<\/h3>\n<p>Le Yith Energy Label Premium est un outil incroyablement robuste et puissant qui offre aux entreprises la possibilit\u00e9 de se conformer sans effort aux r\u00e9glementations strictes \u00e9nonc\u00e9es par l&rsquo;Union europ\u00e9enne en ce qui concerne l&rsquo;\u00e9tiquetage \u00e9nerg\u00e9tique. Ce plugin haut de gamme exceptionnel accorde la capacit\u00e9 de pr\u00e9senter des \u00e9tiquettes d&rsquo;\u00e9nergie sur une multitude de produits, facilitant ainsi une compr\u00e9hension simplifi\u00e9e de l&rsquo;efficacit\u00e9 \u00e9nerg\u00e9tique concernant les produits qui empirent l&rsquo;int\u00e9r\u00eat des clients potentiels. En raison de son utilisation, les entreprises sont autoris\u00e9es \u00e0 \u00e9conomiser \u00e0 la fois sur le temps et les ressources financi\u00e8res, car la cr\u00e9ation et l&rsquo;exposition d&rsquo;\u00e9tiquettes \u00e9nerg\u00e9tiques sont automatis\u00e9es sans effort, tout en renfor\u00e7ant leur int\u00e9grit\u00e9 environnementale et leur authenticit\u00e9. De plus, ce plugin remarquable est remarquablement adaptable, car il peut \u00eatre m\u00e9ticuleusement adapt\u00e9 pour r\u00e9pondre aux besoins uniques et individualis\u00e9s de chaque entreprise respective. Soutenue par une interface intuitive et un \u00e9ventail de fonctionnalit\u00e9s immens\u00e9ment conviviales, le Yith Enery Label Premium garantit une exp\u00e9rience transparente et harmonieuse pour les entreprises et les clients.<\/p>\n<ul>\n<li>Fournit des informations sur l&rsquo;\u00e9tiquette d&rsquo;\u00e9nergie de l&rsquo;UE pour vos produits<\/li>\n<li>Images de classe d&rsquo;\u00e9nergie personnalisables pour chaque produit<\/li>\n<li>Facile \u00e0 installer et \u00e0 utiliser<\/li>\n<li>Aide les clients \u00e0 prendre des d\u00e9cisions d&rsquo;achat \u00e9clair\u00e9es<\/li>\n<li>Conforme aux r\u00e9glementations de l&rsquo;UE<\/li>\n<li>Fonctionne avec tous les types de produits, y compris les appareils \u00e9lectrom\u00e9nagers, l&rsquo;\u00e9lectronique et l&rsquo;\u00e9clairage<\/li>\n<li>Interface conviviale pour g\u00e9rer les informations d&rsquo;\u00e9tiquette d&rsquo;\u00e9nergie<\/li>\n<li>Disponible en plusieurs langues pour accueillir des clients internationaux<\/li>\n<li>Peut am\u00e9liorer la confiance et la fid\u00e9lit\u00e9 des clients en d\u00e9montrant l&rsquo;engagement envers la durabilit\u00e9<\/li>\n<\/ul>\n","protected":false},"excerpt":{"rendered":"<p>Le plugin Premium Yith Energy Label est un outil robuste et efficace qui aide les entreprises de commerce \u00e9lectronique pour respecter les r\u00e9glementations de l&rsquo;UE concernant l&rsquo;exposition des \u00e9tiquettes \u00e9nerg\u00e9tiques sur leur marchandise. En utilisant ce plugin, vous avez la capacit\u00e9 de g\u00e9n\u00e9rer et de pr\u00e9senter sans effort les \u00e9tiquettes d&rsquo;\u00e9nergie pour vos produits, en \u00e9quipant ainsi vos consommateurs les informations n\u00e9cessaires pour faire des choix d&rsquo;achat bien inform\u00e9s. Notamment, le plugin Premium Yith Energy Label est remarquablement convivial et offre un haut niveau de personnalisation, vous permettant de concevoir m\u00e9ticuleusement des \u00e9tiquettes qui s&rsquo;alignent de mani\u00e8re transparente sur le style et l&rsquo;esth\u00e9tique distinctifs de votre marque. Que votre entreprise tourne autour de la vente d&rsquo;appareils \u00e9lectrom\u00e9nagers, d&rsquo;\u00e9lectronique ou de toute autre marchandise qui n\u00e9cessite l&rsquo;inclusion des \u00e9tiquettes d&rsquo;\u00e9nergie, le plugin Premium de l&rsquo;\u00e9tiquette Eu Eu Eu est la solution id\u00e9ale pour votre entreprise.<\/p>\n","protected":false},"featured_media":146380,"comment_status":"open","ping_status":"closed","template":"","meta":[],"product_brand":[2487],"product_cat":[1182,1223,1181],"product_tag":[1437],"class_list":{"0":"post-106033","1":"product","2":"type-product","3":"status-publish","4":"has-post-thumbnail","6":"product_brand-yith","7":"product_cat-commerce-electronique-plugins","8":"product_cat-personnalisation-commerce-electronique-plugins","9":"product_cat-plugins","10":"product_tag-yith","11":"member-discount","12":"discount-restricted","14":"first","15":"instock","16":"sale","17":"downloadable","18":"virtual","19":"sold-individually","20":"purchasable","21":"product-type-simple"},"_links":{"self":[{"href":"https:\/\/gpl-love.com\/fr\/wp-json\/wp\/v2\/product\/106033","targetHints":{"allow":["GET"]}}],"collection":[{"href":"https:\/\/gpl-love.com\/fr\/wp-json\/wp\/v2\/product"}],"about":[{"href":"https:\/\/gpl-love.com\/fr\/wp-json\/wp\/v2\/types\/product"}],"replies":[{"embeddable":true,"href":"https:\/\/gpl-love.com\/fr\/wp-json\/wp\/v2\/comments?post=106033"}],"wp:featuredmedia":[{"embeddable":true,"href":"https:\/\/gpl-love.com\/fr\/wp-json\/wp\/v2\/media\/146380"}],"wp:attachment":[{"href":"https:\/\/gpl-love.com\/fr\/wp-json\/wp\/v2\/media?parent=106033"}],"wp:term":[{"taxonomy":"product_brand","embeddable":true,"href":"https:\/\/gpl-love.com\/fr\/wp-json\/wp\/v2\/product_brand?post=106033"},{"taxonomy":"product_cat","embeddable":true,"href":"https:\/\/gpl-love.com\/fr\/wp-json\/wp\/v2\/product_cat?post=106033"},{"taxonomy":"product_tag","embeddable":true,"href":"https:\/\/gpl-love.com\/fr\/wp-json\/wp\/v2\/product_tag?post=106033"}],"curies":[{"name":"wp","href":"https:\/\/api.w.org\/{rel}","templated":true}]}}