{"id":106031,"date":"2024-03-23T00:00:00","date_gmt":"2024-03-22T23:00:00","guid":{"rendered":"http:\/\/gpl-love.com\/fr\/product\/yith-woocommerce-email-modeles-haut-de-gamme\/"},"modified":"2026-04-18T06:31:47","modified_gmt":"2026-04-18T04:31:47","slug":"yith-woocommerce-email-templates-premium","status":"publish","type":"product","link":"https:\/\/gpl-love.com\/fr\/produit\/yith-woocommerce-email-templates-premium\/","title":{"rendered":"YITH Email Templates Premium 1.34.0"},"content":{"rendered":"<h3>YITH Email Templates Premium Traits<\/h3>\n<p>Yith Email Templates Premium est un outil incroyablement robuste et influent qui permet aux entreprises de g\u00e9n\u00e9rer sans effort des e-mails professionnels et personnalis\u00e9s avec la plus grande facilit\u00e9. En tirant parti de son interface de glisser-d\u00e9poser remarquablement conviviale, les individus peuvent adapter de mani\u00e8re transparente les mod\u00e8les de messagerie pour s&rsquo;aligner impeccablement avec leur identit\u00e9 de marque distincte, captivant ainsi efficacement leur public cibl\u00e9. Ce plugin ph\u00e9nom\u00e9nal offre en outre une vaste gamme de mod\u00e8les pr\u00e9-con\u00e7us m\u00e9ticuleusement con\u00e7us, s&rsquo;adressant \u00e0 diverses cat\u00e9gories de courriels englobant des newsletters, des e-mails promotionnels et des e-mails transactionnels. De plus, la compatibilit\u00e9 in\u00e9gal\u00e9e des mod\u00e8les de courrier \u00e9lectronique Yith Premium avec des services de marketing par e-mail renomm\u00e9s tels que MailChimp et Campaign Monitor le rend la s\u00e9lection ultime pour les entreprises aspirant \u00e0 optimiser et \u00e0 am\u00e9liorer leurs campagnes de messagerie. En exploitant les capacit\u00e9s de ce plugin exceptionnel, les entreprises peuvent \u00e9conomiser sans effort leur temps et leur \u00e9nergie pr\u00e9cieux gr\u00e2ce \u00e0 l&rsquo;automatisation de leurs efforts de marketing par e-mail, offrant simultan\u00e9ment une excellence in\u00e9gal\u00e9e et une valeur personnalis\u00e9e \u00e0 leur client\u00e8le estim\u00e9e.<\/p>\n<ul>\n<li>Cr\u00e9e des mod\u00e8les de messagerie professionnels et accrocheurs pour votre magasin de commerce \u00e9lectronique<\/li>\n<li>Permet de personnaliser les mod\u00e8les de messagerie pour correspondre \u00e0 l&rsquo;identit\u00e9 visuelle de votre marque<\/li>\n<li>Livr\u00e9 avec des mod\u00e8les pr\u00e9-con\u00e7us qui sont optimis\u00e9s \u00e0 diverses fins, tels que la confirmation de commande, la r\u00e9cup\u00e9ration abandonn\u00e9e du panier et la demande de r\u00e9troaction des clients<\/li>\n<li>Les e-mails personnalis\u00e9s via les mod\u00e8les de messagerie Yith peuvent aider \u00e0 am\u00e9liorer la confiance et la fid\u00e9lit\u00e9 des clients<\/li>\n<li>Facile \u00e0 utiliser et \u00e0 int\u00e9grer aux services de marketing par e-mail populaires<\/li>\n<li>Compatible avec les plateformes de commerce \u00e9lectronique populaires comme WooCommerce, Shopify et Magento<\/li>\n<li>Offre une version gratuite avec des fonctionnalit\u00e9s limit\u00e9es et une version premium avec des fonctionnalit\u00e9s et une prise en charge plus avanc\u00e9es.<\/li>\n<\/ul>\n","protected":false},"excerpt":{"rendered":"<p>Si vous \u00eates un propri\u00e9taire d&rsquo;entreprise en ligne qui cherche \u00e0 \u00e9tablir une image professionnelle et captivante dans vos \u00e9changes de courriels avec les clients, il est essentiel que vous vous \u00e9quivaliez aux mod\u00e8les de messagerie Yith remarquables. En utilisant ce plugin indispensable, vous obtenez la possibilit\u00e9 non seulement de fa\u00e7onner mais aussi de personnaliser vos mod\u00e8les de messagerie conform\u00e9ment \u00e0 l&rsquo;esth\u00e9tique unique de votre marque, incorporant de mani\u00e8re transparente le message de votre entreprise. De plus, ce plugin exceptionnel poss\u00e8de une vaste gamme de mod\u00e8les pr\u00e9-con\u00e7us, chacun avec des dispositions et une typographie impeccables, toutes m\u00e9ticuleusement con\u00e7ues pour engager et conserver efficacement votre client\u00e8le estim\u00e9e. Par cons\u00e9quent, si votre objectif est d&rsquo;optimiser et de rationaliser votre communication par e-mail tout en laissant une impression ind\u00e9l\u00e9bile sur vos clients, ne cherchez pas plus loin que les mod\u00e8les de messagerie Yith in\u00e9gal\u00e9s premium!<\/p>\n","protected":false},"featured_media":146379,"comment_status":"open","ping_status":"closed","template":"","meta":[],"product_brand":[2487],"product_cat":[1182,1200,1181],"product_tag":[1437],"class_list":{"0":"post-106031","1":"product","2":"type-product","3":"status-publish","4":"has-post-thumbnail","6":"product_brand-yith","7":"product_cat-commerce-electronique-plugins","8":"product_cat-commercialisation","9":"product_cat-plugins","10":"product_tag-yith","11":"member-discount","12":"discount-restricted","14":"first","15":"instock","16":"sale","17":"downloadable","18":"virtual","19":"sold-individually","20":"purchasable","21":"product-type-simple"},"_links":{"self":[{"href":"https:\/\/gpl-love.com\/fr\/wp-json\/wp\/v2\/product\/106031","targetHints":{"allow":["GET"]}}],"collection":[{"href":"https:\/\/gpl-love.com\/fr\/wp-json\/wp\/v2\/product"}],"about":[{"href":"https:\/\/gpl-love.com\/fr\/wp-json\/wp\/v2\/types\/product"}],"replies":[{"embeddable":true,"href":"https:\/\/gpl-love.com\/fr\/wp-json\/wp\/v2\/comments?post=106031"}],"wp:featuredmedia":[{"embeddable":true,"href":"https:\/\/gpl-love.com\/fr\/wp-json\/wp\/v2\/media\/146379"}],"wp:attachment":[{"href":"https:\/\/gpl-love.com\/fr\/wp-json\/wp\/v2\/media?parent=106031"}],"wp:term":[{"taxonomy":"product_brand","embeddable":true,"href":"https:\/\/gpl-love.com\/fr\/wp-json\/wp\/v2\/product_brand?post=106031"},{"taxonomy":"product_cat","embeddable":true,"href":"https:\/\/gpl-love.com\/fr\/wp-json\/wp\/v2\/product_cat?post=106031"},{"taxonomy":"product_tag","embeddable":true,"href":"https:\/\/gpl-love.com\/fr\/wp-json\/wp\/v2\/product_tag?post=106031"}],"curies":[{"name":"wp","href":"https:\/\/api.w.org\/{rel}","templated":true}]}}