{"id":106026,"date":"2023-10-04T00:00:00","date_gmt":"2023-10-03T22:00:00","guid":{"rendered":"http:\/\/gpl-love.com\/fr\/product\/yith-woocommerce-depots-et-paiements-vers-le-bas-prime\/"},"modified":"2026-04-18T06:31:41","modified_gmt":"2026-04-18T04:31:41","slug":"yith-woocommerce-deposits-and-down-payments-premium","status":"publish","type":"product","link":"https:\/\/gpl-love.com\/fr\/produit\/yith-woocommerce-deposits-and-down-payments-premium\/","title":{"rendered":"YITH Deposits et Down Payments Premium 2.9.0"},"content":{"rendered":"<h3>YITH Deposits et Down Payments Premium Traits<\/h3>\n<p>Les d\u00e9p\u00f4ts Yith et la prime de paiement en baisse sont une passerelle de paiement exceptionnelle qui accorde aux propri\u00e9taires de la boutique en ligne la capacit\u00e9 d&rsquo;accepter les d\u00e9p\u00f4ts et les paiements partiels pour leur \u00e9ventail de produits diversifi\u00e9s. Ce plugin ing\u00e9nieux offre aux clients une exp\u00e9rience transparente et sans tracas, leur permettant de remettre sans effort un d\u00e9p\u00f4t ou un acompte pour tout produit souhait\u00e9 qu&rsquo;ils ont l&rsquo;intention de se procurer, tout en permettant simultan\u00e9ment aux propri\u00e9taires de magasins la possibilit\u00e9 d&rsquo;administrer efficacement et de r\u00e9glementer le processus de paiement et Conditions de vente. Ce plugin remarquable s&rsquo;est av\u00e9r\u00e9 particuli\u00e8rement avantageux pour les entreprises qui se sp\u00e9cialisent dans l&rsquo;offre de produits ou de services de grande valeur ou personnalis\u00e9s, car il leur offre la possibilit\u00e9 de prot\u00e9ger un paiement partiel \u00e0 l&rsquo;avance, att\u00e9nuant par cons\u00e9quent les risques potentiels associ\u00e9s au non-paiement ou \u00e0 la commande annulations. En outre, les d\u00e9p\u00f4ts de Yith et la prime de paiement des baisses poss\u00e8dent \u00e9galement un \u00e9ventail de r\u00e9glementations de paiement hautement personnalisables, d&rsquo;alternatives de r\u00e9servation et de fonctionnalit\u00e9s de courrier \u00e9lectronique automatis\u00e9es, ce qui le rend un outil extr\u00eamement pratique et remarquablement efficace pour les fournisseurs en ligne.<\/p>\n<ul>\n<li>Permet aux clients de effectuer des paiements ou des d\u00e9p\u00f4ts partiels sur des produits ou des services<\/li>\n<li>Aide \u00e0 augmenter les ventes et la satisfaction des clients en offrant des options de paiement plus flexibles<\/li>\n<li>Comprend des param\u00e8tres de d\u00e9p\u00f4t et de paiement personnalisables pour r\u00e9pondre aux besoins commerciaux sp\u00e9cifiques<\/li>\n<li>S&rsquo;int\u00e8gre parfaitement aux passerelles de paiement populaires telles que PayPal et Stripe<\/li>\n<li>Fournit un suivi facile de l&rsquo;historique des d\u00e9p\u00f4ts et des paiements pour les clients et les entreprises<\/li>\n<li>Offre la possibilit\u00e9 de mettre en place des plans de paiement et des d\u00e9lais pour les clients<\/li>\n<li>Fournit des notifications par e-mail automatis\u00e9es pour les rappels de paiement et les mises \u00e0 jour<\/li>\n<li>Comprend une interface conviviale pour les clients afin de g\u00e9rer leurs informations de d\u00e9p\u00f4t et de paiement<\/li>\n<li>Offre un support multilingue aux entreprises avec des clients internationaux.<\/li>\n<\/ul>\n","protected":false},"excerpt":{"rendered":"<p>Le plugin de d\u00e9p\u00f4ts Yith Deposits and Down Payments est une solution exceptionnelle et de haute qualit\u00e9 con\u00e7ue sp\u00e9cifiquement pour les entreprises qui s&rsquo;appuient fortement sur la commodit\u00e9 de la r\u00e9servation et des ventes en ligne. Il vous accorde l&rsquo;occasion inestimable d&rsquo;offrir \u00e0 vos clients estim\u00e9s le choix de faire un d\u00e9p\u00f4t ou un paiement partiel au moment pr\u00e9cis de la r\u00e9servation, tout en ayant la commodit\u00e9 de payer le solde restant \u00e0 une date plus tardive et convenue. Cette caract\u00e9ristique r\u00e9volutionnaire sert non seulement \u00e0 renforcer les revenus globaux de votre entreprise, mais il att\u00e9nue \u00e9galement consid\u00e9rablement les risques potentiels associ\u00e9s aux annulations. B\u00e9n\u00e9ficiant d&rsquo;une interface utilisateur sans effort et d&rsquo;une exp\u00e9rience de paiement incroyablement fluide, le plugin de d\u00e9p\u00f4ts Yith Deposits and Down Payments est sans aucun doute un changement de jeu. Avec ses d\u00e9lais de paiement personnalisables remarquables et la capacit\u00e9 unique d&rsquo;allouer des d\u00e9p\u00f4ts \u00e0 des produits ou des cat\u00e9gories sp\u00e9cifiques, ce plugin indispensable permet sans effort les entreprises d&rsquo;optimiser et de rationaliser leurs processus de r\u00e9servation et de vente complexes.<\/p>\n","protected":false},"featured_media":146373,"comment_status":"open","ping_status":"closed","template":"","meta":[],"product_brand":[2487],"product_cat":[1182,1401,1181],"product_tag":[1437],"class_list":{"0":"post-106026","1":"product","2":"type-product","3":"status-publish","4":"has-post-thumbnail","6":"product_brand-yith","7":"product_cat-commerce-electronique-plugins","8":"product_cat-paiement-commerce-electronique-plugins","9":"product_cat-plugins","10":"product_tag-yith","11":"member-discount","12":"discount-restricted","14":"first","15":"instock","16":"sale","17":"downloadable","18":"virtual","19":"sold-individually","20":"purchasable","21":"product-type-simple"},"_links":{"self":[{"href":"https:\/\/gpl-love.com\/fr\/wp-json\/wp\/v2\/product\/106026","targetHints":{"allow":["GET"]}}],"collection":[{"href":"https:\/\/gpl-love.com\/fr\/wp-json\/wp\/v2\/product"}],"about":[{"href":"https:\/\/gpl-love.com\/fr\/wp-json\/wp\/v2\/types\/product"}],"replies":[{"embeddable":true,"href":"https:\/\/gpl-love.com\/fr\/wp-json\/wp\/v2\/comments?post=106026"}],"wp:featuredmedia":[{"embeddable":true,"href":"https:\/\/gpl-love.com\/fr\/wp-json\/wp\/v2\/media\/146373"}],"wp:attachment":[{"href":"https:\/\/gpl-love.com\/fr\/wp-json\/wp\/v2\/media?parent=106026"}],"wp:term":[{"taxonomy":"product_brand","embeddable":true,"href":"https:\/\/gpl-love.com\/fr\/wp-json\/wp\/v2\/product_brand?post=106026"},{"taxonomy":"product_cat","embeddable":true,"href":"https:\/\/gpl-love.com\/fr\/wp-json\/wp\/v2\/product_cat?post=106026"},{"taxonomy":"product_tag","embeddable":true,"href":"https:\/\/gpl-love.com\/fr\/wp-json\/wp\/v2\/product_tag?post=106026"}],"curies":[{"name":"wp","href":"https:\/\/api.w.org\/{rel}","templated":true}]}}