{"id":106024,"date":"2024-03-11T00:00:00","date_gmt":"2024-03-10T23:00:00","guid":{"rendered":"http:\/\/gpl-love.com\/fr\/product\/yith-woocommerce-date-de-livraison-haut-de-gamme\/"},"modified":"2026-04-18T06:31:40","modified_gmt":"2026-04-18T04:31:40","slug":"yith-woocommerce-delivery-date-premium","status":"publish","type":"product","link":"https:\/\/gpl-love.com\/fr\/produit\/yith-woocommerce-delivery-date-premium\/","title":{"rendered":"YITH Delivery Date Premium 2.30.0"},"content":{"rendered":"<h3>YITH Delivery Date Premium Traits<\/h3>\n<p>Yith Delivery Date Premium est une extension incroyablement robuste et puissante sp\u00e9cialement con\u00e7ue pour WooCommerce, une plate-forme de commerce \u00e9lectronique, qui permet aux entreprises en ligne d&rsquo;int\u00e9grer de mani\u00e8re transparente les options de date de livraison dans leur site Web. Cette solution de pointe accorde aux clients la capacit\u00e9 extraordinaire \u00e0 cueillir soigneusement leur date de livraison et \u00e0 l&rsquo;heure pr\u00e9f\u00e9r\u00e9es, leur donnant ainsi un niveau d&rsquo;autonomie sans pr\u00e9c\u00e9dent. Simultan\u00e9ment, l&rsquo;extension conf\u00e8re aux propri\u00e9taires de magasins un degr\u00e9 de contr\u00f4le sans pr\u00e9c\u00e9dent, car ils sont en mesure de g\u00e9rer efficacement et efficacement leurs horaires de livraison complexes, d&rsquo;\u00e9tablir et de mettre en \u0153uvre des restrictions de livraison, et m\u00eame de personnaliser et d&rsquo;adapter les messages de livraison pour r\u00e9pondre \u00e0 leurs besoins commerciaux uniques. En tirant parti de cet outil exceptionnel, les entreprises peuvent r\u00e9volutionner efficacement et am\u00e9liorer l&rsquo;exp\u00e9rience client globale, car les clients ont un niveau de contr\u00f4le et de flexibilit\u00e9 in\u00e9gal\u00e9 en ce qui concerne leurs achats et leurs livraisons, culminant ainsi dans un sentiment accru de satisfaction et de fid\u00e9lit\u00e9 des clients. En outre, les entreprises peuvent optimiser et rationaliser consid\u00e9rablement leurs op\u00e9rations en g\u00e9rant judicieusement et astucieusement leurs calendriers de livraison, qui \u00e0 leur tour contribuent \u00e0 att\u00e9nuer et \u00e0 minimiser la survenue de livraisons manqu\u00e9es ou retard\u00e9es. Par cons\u00e9quent, il devient tr\u00e8s \u00e9vident que la date de livraison de Yith est sans \u00e9quivoque un outil indispensable et indispensable pour toute entreprise en ligne astucieuse et exigeante qui aspire \u00e0 proposer et \u00e0 fournir une exp\u00e9rience de livraison absolument exceptionnelle et in\u00e9gal\u00e9e \u00e0 leurs clients estim\u00e9s et ch\u00e9ris.<\/p>\n<ul>\n<li>Plugin de date de livraison puissant et riche en fonctionnalit\u00e9s pour WooCommerce<\/li>\n<li>Permet aux clients de sp\u00e9cifier les dates de livraison et les plages horaires pr\u00e9f\u00e9r\u00e9es lors du d\u00e9part<\/li>\n<li>Les plages de date et de p\u00e9riode peuvent \u00eatre configur\u00e9es par le propri\u00e9taire de l&rsquo;atelier<\/li>\n<li>Options flexibles et personnalisables, y compris les dates de panne et les temps de coupure de commande<\/li>\n<li>Compatible avec une vari\u00e9t\u00e9 de m\u00e9thodes d&rsquo;exp\u00e9dition, y compris le ramassage et la livraison locaux<\/li>\n<li>Facile \u00e0 installer et \u00e0 configurer avec une documentation et une prise en charge claires<\/li>\n<li>Am\u00e9liore l&rsquo;exp\u00e9rience client et assure des livraisons opportunes et pratiques<\/li>\n<li>Augmente les taux de conversion et diminue les chariots abandonn\u00e9s<\/li>\n<li>Prend en charge plusieurs langues pour les ventes et la communication mondiales<\/li>\n<\/ul>\n","protected":false},"excerpt":{"rendered":"<p>Yith Delivery Date Premium sert de solution indispensable et influente pour les entreprises en ligne cherchant \u00e0 am\u00e9liorer leurs services de livraison et d&rsquo;exp\u00e9dition. En int\u00e9grant ce plugin, vous pouvez incorporer sans effort une option de date de livraison dans votre processus de paiement, offrant ainsi aux clients la possibilit\u00e9 de s\u00e9lectionner leur date et heure de livraison pr\u00e9f\u00e9r\u00e9es. Cette fonctionnalit\u00e9 inestimable aide non seulement \u00e0 att\u00e9nuer les taux d&rsquo;abandon de CART, mais il a \u00e9galement le potentiel d&rsquo;augmenter les niveaux de satisfaction des clients et de favoriser la fid\u00e9lisation durable des clients. De plus, la polyvalence de ce plugin vous permet d&rsquo;\u00e9tablir des contraintes de livraison subordonn\u00e9es \u00e0 votre inventaire, d&rsquo;allouer des livraisons exclusivement aux jours sp\u00e9cifi\u00e9s de la semaine, et bien plus encore. Par cons\u00e9quent, si vous aspirez \u00e0 \u00e9lever votre aventure de commerce \u00e9lectronique \u00e0 des hauteurs sans pr\u00e9c\u00e9dent, il est imp\u00e9ratif que vous acqu\u00e9riez la date de livraison de Yith.<\/p>\n","protected":false},"featured_media":146372,"comment_status":"open","ping_status":"closed","template":"","meta":[],"product_brand":[2487],"product_cat":[1183,1182,1181],"product_tag":[1437],"class_list":{"0":"post-106024","1":"product","2":"type-product","3":"status-publish","4":"has-post-thumbnail","6":"product_brand-yith","7":"product_cat-administration","8":"product_cat-commerce-electronique-plugins","9":"product_cat-plugins","10":"product_tag-yith","11":"member-discount","12":"discount-restricted","14":"first","15":"instock","16":"sale","17":"downloadable","18":"virtual","19":"sold-individually","20":"purchasable","21":"product-type-simple"},"_links":{"self":[{"href":"https:\/\/gpl-love.com\/fr\/wp-json\/wp\/v2\/product\/106024","targetHints":{"allow":["GET"]}}],"collection":[{"href":"https:\/\/gpl-love.com\/fr\/wp-json\/wp\/v2\/product"}],"about":[{"href":"https:\/\/gpl-love.com\/fr\/wp-json\/wp\/v2\/types\/product"}],"replies":[{"embeddable":true,"href":"https:\/\/gpl-love.com\/fr\/wp-json\/wp\/v2\/comments?post=106024"}],"wp:featuredmedia":[{"embeddable":true,"href":"https:\/\/gpl-love.com\/fr\/wp-json\/wp\/v2\/media\/146372"}],"wp:attachment":[{"href":"https:\/\/gpl-love.com\/fr\/wp-json\/wp\/v2\/media?parent=106024"}],"wp:term":[{"taxonomy":"product_brand","embeddable":true,"href":"https:\/\/gpl-love.com\/fr\/wp-json\/wp\/v2\/product_brand?post=106024"},{"taxonomy":"product_cat","embeddable":true,"href":"https:\/\/gpl-love.com\/fr\/wp-json\/wp\/v2\/product_cat?post=106024"},{"taxonomy":"product_tag","embeddable":true,"href":"https:\/\/gpl-love.com\/fr\/wp-json\/wp\/v2\/product_tag?post=106024"}],"curies":[{"name":"wp","href":"https:\/\/api.w.org\/{rel}","templated":true}]}}