{"id":106022,"date":"2025-09-09T00:00:00","date_gmt":"2025-09-08T22:00:00","guid":{"rendered":"http:\/\/gpl-love.com\/fr\/product\/yith-woocommerce-personnaliser-mon-compte-page-prime\/"},"modified":"2026-04-18T06:31:37","modified_gmt":"2026-04-18T04:31:37","slug":"yith-woocommerce-customize-my-account-page-premium","status":"publish","type":"product","link":"https:\/\/gpl-love.com\/fr\/produit\/yith-woocommerce-customize-my-account-page-premium\/","title":{"rendered":"YITH Customize My Account Page Premium 4.23.0"},"content":{"rendered":"<h3>YITH Customize My Account Page Premium Traits<\/h3>\n<p>Yith Personnalisez ma page de compte Premium exploite un formidable arsenal de fonctionnalit\u00e9s qui permettent aux utilisateurs de fabriquer une page de compte sur mesure sur leur site Web de commerce \u00e9lectronique. Ce plugin ing\u00e9nieux poss\u00e8de une interface conviviale qui facilite de mani\u00e8re transparente la modification du contenu et de la mise en page de ladite page de compte. Arm\u00e9s de ce plugin, les utilisateurs sont non seulement en mesure d&rsquo;introduire sans effort des champs nouveaux dans leur page de compte, mais peuvent \u00e9galement modifier habilement la disposition des champs existants et leur accorder de nouvelles appellations. De plus, le plugin profite d&rsquo;un large \u00e9ventail de mod\u00e8les et de dispositions accrocheurs \u00e0 parcourir, garantissant ainsi que les utilisateurs peuvent organiser astucieusement une page de compte qui non seulement attire l&rsquo;attention des visiteurs, mais d\u00e9gage \u00e9galement l&rsquo;essence m\u00eame de leur identit\u00e9 de marque distinctive. Pour amplifier davantage son allure, ce plugin est dot\u00e9 d&rsquo;une r\u00e9activit\u00e9 compl\u00e8te, lui conf\u00e9rant ainsi la capacit\u00e9 d&rsquo;\u00eatre accessible \u00e0 partir de tout appareil, accordant ainsi aux entreprises de commerce \u00e9lectronique un outil inestimable pour augmenter l&rsquo;exp\u00e9rience globale de leurs clients. En r\u00e9sum\u00e9, Yith personnalise ma page de compte Premium d\u00e9gage un niveau louable d&rsquo;adaptabilit\u00e9 et d&rsquo;intuitivit\u00e9, offrant effectivement une solution facile \u00e0 utiliser pour fa\u00e7onner une page de compte hautement personnalis\u00e9e qui enrichit sans \u00e9quivoque l&rsquo;exp\u00e9rience utilisateur et am\u00e9liore l&rsquo;identit\u00e9 de la marque.<\/p>\n<ul>\n<li>Permet aux utilisateurs de personnaliser la disposition et la conception de leur page de compte pour s&rsquo;adapter \u00e0 leur marque<\/li>\n<li>Comprend plus de 100 mod\u00e8les pr\u00e9-con\u00e7us pour s\u00e9lectionner<\/li>\n<li>Interface de glisser-d\u00e9poser facile \u00e0 utiliser pour la personnalisation<\/li>\n<li>Active l&rsquo;ajout de champs personnalis\u00e9s et de texte \u00e0 la page du compte<\/li>\n<li>Prend en charge la compatibilit\u00e9 multi-langues pour les entreprises mondiales<\/li>\n<li>Fournit des options de personnalisation avanc\u00e9es pour les d\u00e9veloppeurs exp\u00e9riment\u00e9s<\/li>\n<li>Intregate de mani\u00e8re transparente avec WooCommerce pour une exp\u00e9rience client transparente<\/li>\n<li>Offre des mises \u00e0 jour gratuites et un support pour un an apr\u00e8s l&rsquo;achat<\/li>\n<li>Aide \u00e0 am\u00e9liorer l&rsquo;engagement des clients et la fid\u00e9lit\u00e9 \u00e0 la marque gr\u00e2ce \u00e0 une page de compte personnalis\u00e9e.<\/li>\n<\/ul>\n","protected":false},"excerpt":{"rendered":"<p>Le plugin Premium Yith Personnalise ma page de compte, qui est sp\u00e9cialement con\u00e7u pour les entreprises visant \u00e0 \u00e9lever l&rsquo;exp\u00e9rience du site Web de leurs clients, sert d&rsquo;outil extr\u00eamement robuste. En offrant une gamme d&rsquo;options telles que des champs personnalis\u00e9s, des onglets personnalis\u00e9s, etc., ce plugin vous permet d&rsquo;adapter la page \u00ab\u00a0mon compte\u00a0\u00bb de votre site Web en fonction de vos pr\u00e9f\u00e9rences. Par cons\u00e9quent, en utilisant le Yith Personnalisez ma page de compte Premium, vous poss\u00e9dez la capacit\u00e9 de fa\u00e7onner un tableau de bord client personnalis\u00e9 uniquement, favorisant ainsi un sentiment de confiance et de fid\u00e9lit\u00e9 parmi votre client\u00e8le, tout en am\u00e9liorant la fonctionnalit\u00e9 globale et l&rsquo;attrait visuel de votre site Internet.<\/p>\n","protected":false},"featured_media":146370,"comment_status":"open","ping_status":"closed","template":"","meta":[],"product_brand":[2487],"product_cat":[1182,1223,1181],"product_tag":[1437],"class_list":{"0":"post-106022","1":"product","2":"type-product","3":"status-publish","4":"has-post-thumbnail","6":"product_brand-yith","7":"product_cat-commerce-electronique-plugins","8":"product_cat-personnalisation-commerce-electronique-plugins","9":"product_cat-plugins","10":"product_tag-yith","11":"member-discount","12":"discount-restricted","14":"first","15":"instock","16":"sale","17":"downloadable","18":"virtual","19":"sold-individually","20":"purchasable","21":"product-type-simple"},"_links":{"self":[{"href":"https:\/\/gpl-love.com\/fr\/wp-json\/wp\/v2\/product\/106022","targetHints":{"allow":["GET"]}}],"collection":[{"href":"https:\/\/gpl-love.com\/fr\/wp-json\/wp\/v2\/product"}],"about":[{"href":"https:\/\/gpl-love.com\/fr\/wp-json\/wp\/v2\/types\/product"}],"replies":[{"embeddable":true,"href":"https:\/\/gpl-love.com\/fr\/wp-json\/wp\/v2\/comments?post=106022"}],"wp:featuredmedia":[{"embeddable":true,"href":"https:\/\/gpl-love.com\/fr\/wp-json\/wp\/v2\/media\/146370"}],"wp:attachment":[{"href":"https:\/\/gpl-love.com\/fr\/wp-json\/wp\/v2\/media?parent=106022"}],"wp:term":[{"taxonomy":"product_brand","embeddable":true,"href":"https:\/\/gpl-love.com\/fr\/wp-json\/wp\/v2\/product_brand?post=106022"},{"taxonomy":"product_cat","embeddable":true,"href":"https:\/\/gpl-love.com\/fr\/wp-json\/wp\/v2\/product_cat?post=106022"},{"taxonomy":"product_tag","embeddable":true,"href":"https:\/\/gpl-love.com\/fr\/wp-json\/wp\/v2\/product_tag?post=106022"}],"curies":[{"name":"wp","href":"https:\/\/api.w.org\/{rel}","templated":true}]}}