{"id":106020,"date":"2024-03-11T00:00:00","date_gmt":"2024-03-10T23:00:00","guid":{"rendered":"http:\/\/gpl-love.com\/fr\/product\/yith-woocommerce-histoire-premium-customer\/"},"modified":"2026-04-18T06:31:36","modified_gmt":"2026-04-18T04:31:36","slug":"yith-woocommerce-customer-history-premium","status":"publish","type":"product","link":"https:\/\/gpl-love.com\/fr\/produit\/yith-woocommerce-customer-history-premium\/","title":{"rendered":"YITH Customer History Premium 1.23.0"},"content":{"rendered":"<h3>YITH Customer History Premium Traits<\/h3>\n<p>Yith Customer History Premium, un plugin exceptionnellement puissant, vous offre la capacit\u00e9 remarquable de surveiller et de documenter m\u00e9ticuleusement les myriades d&rsquo;activit\u00e9s de vos clients dans votre magasin WooCommerce estim\u00e9. By availing yourself of its highly advanced features, including the ability to meticulously track customer orders, meticulously document products viewed, and meticulously record searches made, you can effectively scrutinize your valuable customers&rsquo; behaviors with unparalleled precision and subsequently obtain invaluable insights into their intricate preferences et les besoins en constante \u00e9volution. De plus, ce plugin extraordinaire vous offre l&rsquo;occasion remarquable de parcourir sans effort les ant\u00e9c\u00e9dents d&rsquo;achat de vos clients et, arm\u00e9s de ces informations inestimables, de la mode de campagnes de marketing hautement personnalis\u00e9es adapt\u00e9es \u00e0 leurs tendances et pr\u00e9dilections uniques. En outre, cela vous confonde un vaste \u00e9ventail de filtres et d&rsquo;options de tri, facilitant ainsi consid\u00e9rablement votre capacit\u00e9 \u00e0 rechercher et \u00e0 g\u00e9rer adroitement les trox en constante expansion des donn\u00e9es clients \u00e0 votre disposition. Dans l&rsquo;ensemble, il est sans \u00e9quivoque \u00e9vident que l&rsquo;indispensable History Premium de l&rsquo;historique des clients repr\u00e9sente un actif tout \u00e0 fait indispensable pour tout propri\u00e9taire de magasin en ligne exigeant et entreprenant qui vaut son sel, car il constitue un instrument incontestablement vital avec efficacement l&rsquo;engagement des clients et, par extension, l&rsquo;augmentation Les ventes figurent \u00e0 des hauteurs sans pr\u00e9c\u00e9dent.<\/p>\n<ul>\n<li>Un outil puissant qui vous permet de garder une trace de l&rsquo;historique d&rsquo;achat des clients et des interactions avec votre magasin<\/li>\n<li>Fournit des informations pr\u00e9cieuses sur les pr\u00e9f\u00e9rences des clients et les comportements d&rsquo;achat, vous permettant d&rsquo;adapter vos campagnes marketing et vos offres de produits \u00e0 leurs besoins<\/li>\n<li>Propose des rapports et des analyses d\u00e9taill\u00e9s sur l&rsquo;activit\u00e9 client, y compris les commandes, les remboursements, les chariots abandonn\u00e9s, et plus<\/li>\n<li>Facilite la cr\u00e9ation de campagnes et de promotions de messagerie cibl\u00e9es en fonction des achats pr\u00e9c\u00e9dents et des activit\u00e9s du site des clients<\/li>\n<li>L&rsquo;int\u00e9gration avec des services de marketing par e-mail populaires comme MailChimp et un contact constant permet une gestion facile de la communication par e-mail et des campagnes<\/li>\n<li>Fournit une vue compl\u00e8te des interactions du support client, y compris l&rsquo;historique des billets, les messages et les commentaires, vous permettant de fournir un meilleur service client et un meilleur support<\/li>\n<li>Vous aide \u00e0 identifier et \u00e0 retenir des clients pr\u00e9cieux en fournissant une image compl\u00e8te de leur voyage avec votre magasin, de la visite initiale pour r\u00e9p\u00e9ter les achats<\/li>\n<\/ul>\n","protected":false},"excerpt":{"rendered":"<p>Yith History Premium, un plugin incroyablement puissant, vise \u00e0 \u00e9lever l&rsquo;exp\u00e9rience client dans votre boutique WooCommerce en leur fournissant un enregistrement complet de leurs commandes, pages vues et articles qu&rsquo;ils ont annex\u00e9s \u00e0 leur liste de souhaits. En b\u00e9n\u00e9ficiant de cet attribut exceptionnel Premium, vos pr\u00e9cieux clients seront autoris\u00e9s \u00e0 parcourir et \u00e0 garder un \u0153il sur leur historique d&rsquo;achat, leur permettant de reproduire et d&rsquo;acqu\u00e9rir leurs produits bien-aim\u00e9s sans effort. De plus, ce plugin accroche \u00e9galement des informations inestimables sur la conduite des clients et les tendances d&rsquo;achat, vous offrant ainsi la possibilit\u00e9 d&rsquo;adapter de mani\u00e8re experte vos strat\u00e9gies de marketing conform\u00e9ment \u00e0 ces mod\u00e8les discernables. Ainsi, il est incontestable que la prime de l&rsquo;historique client de Yith, avec ses innombrables avantages, engendrera sans aucun doute la satisfaction amplifi\u00e9e des clients et la fid\u00e9lit\u00e9 in\u00e9branlable de la client\u00e8le, aboutissant \u00e0 une augmentation substantielle des ventes et de la prosp\u00e9rit\u00e9 des entreprises globales.<\/p>\n","protected":false},"featured_media":146369,"comment_status":"open","ping_status":"closed","template":"","meta":[],"product_brand":[2487],"product_cat":[1183,1182,1181],"product_tag":[1437],"class_list":{"0":"post-106020","1":"product","2":"type-product","3":"status-publish","4":"has-post-thumbnail","6":"product_brand-yith","7":"product_cat-administration","8":"product_cat-commerce-electronique-plugins","9":"product_cat-plugins","10":"product_tag-yith","11":"member-discount","12":"discount-restricted","14":"first","15":"instock","16":"sale","17":"downloadable","18":"virtual","19":"sold-individually","20":"purchasable","21":"product-type-simple"},"_links":{"self":[{"href":"https:\/\/gpl-love.com\/fr\/wp-json\/wp\/v2\/product\/106020","targetHints":{"allow":["GET"]}}],"collection":[{"href":"https:\/\/gpl-love.com\/fr\/wp-json\/wp\/v2\/product"}],"about":[{"href":"https:\/\/gpl-love.com\/fr\/wp-json\/wp\/v2\/types\/product"}],"replies":[{"embeddable":true,"href":"https:\/\/gpl-love.com\/fr\/wp-json\/wp\/v2\/comments?post=106020"}],"wp:featuredmedia":[{"embeddable":true,"href":"https:\/\/gpl-love.com\/fr\/wp-json\/wp\/v2\/media\/146369"}],"wp:attachment":[{"href":"https:\/\/gpl-love.com\/fr\/wp-json\/wp\/v2\/media?parent=106020"}],"wp:term":[{"taxonomy":"product_brand","embeddable":true,"href":"https:\/\/gpl-love.com\/fr\/wp-json\/wp\/v2\/product_brand?post=106020"},{"taxonomy":"product_cat","embeddable":true,"href":"https:\/\/gpl-love.com\/fr\/wp-json\/wp\/v2\/product_cat?post=106020"},{"taxonomy":"product_tag","embeddable":true,"href":"https:\/\/gpl-love.com\/fr\/wp-json\/wp\/v2\/product_tag?post=106020"}],"curies":[{"name":"wp","href":"https:\/\/api.w.org\/{rel}","templated":true}]}}