{"id":106018,"date":"2025-08-12T00:00:00","date_gmt":"2025-08-11T22:00:00","guid":{"rendered":"http:\/\/gpl-love.com\/fr\/product\/yith-woocommerce-personnalises-statut-prime\/"},"modified":"2026-04-18T06:31:34","modified_gmt":"2026-04-18T04:31:34","slug":"yith-woocommerce-custom-order-status-premium","status":"publish","type":"product","link":"https:\/\/gpl-love.com\/fr\/produit\/yith-woocommerce-custom-order-status-premium\/","title":{"rendered":"YITH Custom Order Status Premium 2.13.0"},"content":{"rendered":"<h3>YITH Custom Order Status Premium Traits<\/h3>\n<p>Yith Custom Order Status Premium est un plugin tr\u00e8s polyvalent et multiforme qui offre une vaste gamme de fonctionnalit\u00e9s et de fonctionnalit\u00e9s, vous permettant de g\u00e9rer efficacement et efficacement les statuts de commande personnalis\u00e9s dans votre magasin WooCommerce. En utilisant ce plugin exceptionnel, vous avez la possibilit\u00e9 de cr\u00e9er et d&rsquo;allouer sans effort les statuts personnalis\u00e9s \u00e0 vos commandes, vous offrant ainsi la possibilit\u00e9 d&rsquo;adapter et de personnaliser la progression des commandes en fonction des exigences et des exigences uniques de vos op\u00e9rations commerciales sp\u00e9cifiques. Ces statuts personnalis\u00e9s peuvent englober une multitude de stades diff\u00e9rentes, y compris, mais sans s&rsquo;y limiter, \u00ab\u00a0traitement\u00a0\u00bb, \u00ab\u00a0exp\u00e9di\u00e9\u00a0\u00bb et \u00ab\u00a0livr\u00e9\u00a0\u00bb, impr\u00e9gnant votre syst\u00e8me de gestion des commandes avec un niveau accru d&rsquo;adaptabilit\u00e9 et de flexibilit\u00e9. Pour am\u00e9liorer davantage l&rsquo;exp\u00e9rience utilisateur et am\u00e9liorer les canaux de communication, Yith Custom Order Status Premium vous offre \u00e9galement la possibilit\u00e9 de configurer des notifications par e-mail automatiques \u00e0 envoyer \u00e0 vos clients \u00e0 des \u00e9tapes pivots dans le parcours de leur commande, en veillant \u00e0 ce qu&rsquo;ils soient constamment et fiables sur les progr\u00e8s et l&rsquo;\u00e9tat actuel de leur achat. En fournissant \u00e0 vos clients cette pr\u00e9cieuse perspicacit\u00e9 et cette transparence, vous pouvez inculquer un sentiment de confiance et de satisfaction, augmentant finalement leur exp\u00e9rience d&rsquo;achat globale. De plus, ce plugin exceptionnel permet un assortiment d&rsquo;options de personnalisation, vous offrant la capacit\u00e9 d&rsquo;int\u00e9grer de mani\u00e8re transparente les statuts et leurs \u00e9tiquettes correspondantes dans la conception et l&rsquo;esth\u00e9tique existantes de votre magasin. Cette apparence coh\u00e9rente et unifi\u00e9e sert \u00e0 am\u00e9liorer l&rsquo;attrait visuel global et la coh\u00e9sion de votre site Web, ce qui lui donne un air de professionnalisme et de raffinement. L&rsquo;adoption des fonctionnalit\u00e9s et fonctionnalit\u00e9s compl\u00e8tes offertes par Yith Custom Status Status Premium vous permet de rationaliser et d&rsquo;optimiser l&rsquo;int\u00e9gralit\u00e9 de votre processus de gestion des commandes, entra\u00eenant une efficacit\u00e9 et une productivit\u00e9 accrues, ainsi qu&rsquo;un niveau \u00e9lev\u00e9 de satisfaction et d&rsquo;engagement des clients.<\/p>\n<ul>\n<li>Vous permet de cr\u00e9er et de personnaliser les statuts de commande pour votre boutique WooCommerce.<\/li>\n<li>Vous permet de rationaliser votre processus de gestion des commandes avec des statuts de commande uniques qui r\u00e9pondent aux besoins de votre entreprise.<\/li>\n<li>Vous permet de mieux communiquer avec vos clients en les informant des modifications du statut de leur commande.<\/li>\n<li>Offre une interface intuitive et conviviale qui vous permet de g\u00e9rer et de mettre \u00e0 jour les statuts de commande avec facilit\u00e9.<\/li>\n<li>Vous donne un contr\u00f4le complet sur le flux de travail d&rsquo;\u00e9tat de la commande en vous permettant de d\u00e9finir des r\u00e8gles et des modifications d&rsquo;\u00e9tat automatique en fonction des actions de commande.<\/li>\n<li>Fournit une fonctionnalit\u00e9 compl\u00e8te de rapports et d&rsquo;analyse, vous permettant de suivre les performances de votre magasin et de prendre des d\u00e9cisions bas\u00e9es sur les donn\u00e9es.<\/li>\n<li>Offre une int\u00e9gration transparente avec d&rsquo;autres plugins Yith pour \u00e9tendre encore plus les capacit\u00e9s de votre magasin.<\/li>\n<\/ul>\n","protected":false},"excerpt":{"rendered":"<p>Yith Custom Order Status Premium est un outil incroyablement robuste et riche en fonctionnalit\u00e9s qui vous offre la possibilit\u00e9 de cr\u00e9er et de g\u00e9rer efficacement les statuts de commande personnalis\u00e9s pour votre magasin WooCommerce estim\u00e9. Ce plugin exceptionnel vous permet de garder m\u00e9ticuleusement un \u0153il sur chacune de vos commandes, de l&rsquo;\u00e9tape de traitement initiale jusqu&rsquo;\u00e0 la livraison tr\u00e8s attendue. Ce qui distingue vraiment ce plugin de la concurrence, c&rsquo;est sa capacit\u00e9 in\u00e9gal\u00e9e pour vous permettre de personnaliser et d&rsquo;adapter vos \u00e9tiquettes de statut de commande d&rsquo;une mani\u00e8re qui s&rsquo;aligne parfaitement avec vos besoins commerciaux uniques. De plus, il vous permet \u00e9galement de r\u00e9partir automatiquement des e-mails hautement informatifs \u00e0 vos pr\u00e9cieux clients, contenant des d\u00e9tails pertinents sp\u00e9cifiquement concernant leurs commandes individuelles, toutes en fonction des statuts personnalis\u00e9s distincts qu&rsquo;ils ont personnellement s\u00e9lectionn\u00e9s. En outre, l&rsquo;interface utilisateur extr\u00eamement con\u00e7ue et remarquablement intuitive de Yith Custom Status Premium vous offre la magnifique opportunit\u00e9 de personnaliser sans effort la palette de couleurs et le style esth\u00e9tique de vos \u00e9tiquettes de statut personnalis\u00e9es, vous permettant ainsi de cultiver un suivi de l&rsquo;historique des commandes visuellement captivante et coh\u00e9rente coh\u00e9rente coh\u00e9rente et coh\u00e9rente coh\u00e9rente visuellement et coh\u00e9rente coh\u00e9rente coh\u00e9rente par visuellement et coh\u00e9rente coh\u00e9rente coh\u00e9rente coh\u00e9rente par voie visuellement et coh\u00e9rente coh\u00e9rente coh\u00e9rente, coh\u00e9rente coh\u00e9rente, coh\u00e9rente coh\u00e9rente coh\u00e9rente coh\u00e9rente coh\u00e9rente \u00e0 un suivi visuellement captivant et coh\u00e9rent coh\u00e9rent r\u00e9guli\u00e8rement, syst\u00e8me. Par cons\u00e9quent, que vous ayez besoin d&rsquo;une solution compl\u00e8te pour g\u00e9rer et rationaliser efficacement votre flux de travail de commande ou \u00eatre d\u00e9di\u00e9 \u00e0 l&rsquo;am\u00e9lioration et \u00e0 l&rsquo;optimisation de l&rsquo;exp\u00e9rience client globale au sein de votre entreprise en ligne estim\u00e9e, le statut de commande personnalis\u00e9 repr\u00e9sente sans aucun doute la r\u00e9ponse consomm\u00e9e et sans \u00e9quivoque \u00e0 tous vos besoins et aspirations urgents.<\/p>\n","protected":false},"featured_media":146367,"comment_status":"open","ping_status":"closed","template":"","meta":[],"product_brand":[2487],"product_cat":[1183,1182,1181],"product_tag":[1437],"class_list":{"0":"post-106018","1":"product","2":"type-product","3":"status-publish","4":"has-post-thumbnail","6":"product_brand-yith","7":"product_cat-administration","8":"product_cat-commerce-electronique-plugins","9":"product_cat-plugins","10":"product_tag-yith","11":"member-discount","12":"discount-restricted","14":"first","15":"instock","16":"sale","17":"downloadable","18":"virtual","19":"sold-individually","20":"purchasable","21":"product-type-simple"},"_links":{"self":[{"href":"https:\/\/gpl-love.com\/fr\/wp-json\/wp\/v2\/product\/106018","targetHints":{"allow":["GET"]}}],"collection":[{"href":"https:\/\/gpl-love.com\/fr\/wp-json\/wp\/v2\/product"}],"about":[{"href":"https:\/\/gpl-love.com\/fr\/wp-json\/wp\/v2\/types\/product"}],"replies":[{"embeddable":true,"href":"https:\/\/gpl-love.com\/fr\/wp-json\/wp\/v2\/comments?post=106018"}],"wp:featuredmedia":[{"embeddable":true,"href":"https:\/\/gpl-love.com\/fr\/wp-json\/wp\/v2\/media\/146367"}],"wp:attachment":[{"href":"https:\/\/gpl-love.com\/fr\/wp-json\/wp\/v2\/media?parent=106018"}],"wp:term":[{"taxonomy":"product_brand","embeddable":true,"href":"https:\/\/gpl-love.com\/fr\/wp-json\/wp\/v2\/product_brand?post=106018"},{"taxonomy":"product_cat","embeddable":true,"href":"https:\/\/gpl-love.com\/fr\/wp-json\/wp\/v2\/product_cat?post=106018"},{"taxonomy":"product_tag","embeddable":true,"href":"https:\/\/gpl-love.com\/fr\/wp-json\/wp\/v2\/product_tag?post=106018"}],"curies":[{"name":"wp","href":"https:\/\/api.w.org\/{rel}","templated":true}]}}