{"id":106016,"date":"2024-03-29T00:00:00","date_gmt":"2024-03-28T23:00:00","guid":{"rendered":"http:\/\/gpl-love.com\/fr\/product\/yith-woocommerce-coupon-email-system-premium\/"},"modified":"2026-04-18T06:31:34","modified_gmt":"2026-04-18T04:31:34","slug":"yith-woocommerce-coupon-email-system-premium","status":"publish","type":"product","link":"https:\/\/gpl-love.com\/fr\/produit\/yith-woocommerce-coupon-email-system-premium\/","title":{"rendered":"YITH Coupon Email System Premium 1.37.0"},"content":{"rendered":"<h3>YITH Coupon Email System Premium Traits<\/h3>\n<p>Le syst\u00e8me de courrier \u00e9lectronique de coupon Yith Premium, un outil extr\u00eamement puissant m\u00e9ticuleusement con\u00e7u pour aider les entreprises \u00e0 fa\u00e7onner et \u00e0 diffuser des campagnes de courrier \u00e9lectronique automatis\u00e9es \u00e0 leurs clients estim\u00e9s, est un atout instrumental. Embrassant une myriade de mod\u00e8les adaptables et une vaste gamme d&rsquo;options, ce syst\u00e8me remarquable garantit un processus transparent pour accorder des remises personnalis\u00e9es et des incitations sur votre client\u00e8le, engendrez ainsi un cycle perp\u00e9tuel de patronage. En outre, ce syst\u00e8me profite \u00e0 des capacit\u00e9s de rapports et d&rsquo;analyses compl\u00e8tes qui vous permettent de surveiller m\u00e9ticuleusement le triomphe de vos campagnes et d&rsquo;effectuer toutes les modifications n\u00e9cessaires. Tout bien consid\u00e9r\u00e9, le syst\u00e8me de messagerie de messagerie Yith Coupon Premium est un instrument indispensable pour toute entreprise aspirant \u00e0 augmenter l&rsquo;all\u00e9geance des clients et \u00e0 propulser les ventes gr\u00e2ce \u00e0 l&#8217;emploi d&rsquo;efforts marketing astucieusement cibl\u00e9s.<\/p>\n<ul>\n<li>Automate le processus d&rsquo;envoi de codes de coupon personnalis\u00e9s par e-mail aux clients<\/li>\n<li>Permet de cr\u00e9er un mod\u00e8le de messagerie personnalisable<\/li>\n<li>Interface utilisateur intuitive pour g\u00e9rer les codes de r\u00e9duction et les campagnes d&rsquo;e-mails<\/li>\n<li>S&rsquo;int\u00e8gre aux services de marketing par e-mail populaires<\/li>\n<li>Fournit des rapports d\u00e9taill\u00e9s sur l&rsquo;utilisation des coupons et l&rsquo;efficacit\u00e9 de la campagne<\/li>\n<li>Permet de d\u00e9finir les dates d&rsquo;expiration et les limites d&rsquo;utilisation des codes de coupon<\/li>\n<li>Offre une vari\u00e9t\u00e9 d&rsquo;options pour cibler des segments de clients sp\u00e9cifiques avec des codes de coupon uniques<\/li>\n<li>Aide \u00e0 accro\u00eetre l&rsquo;engagement et la fid\u00e9lit\u00e9 des clients gr\u00e2ce \u00e0 des offres et des promotions personnalis\u00e9es.<\/li>\n<\/ul>\n","protected":false},"excerpt":{"rendered":"<p>Yith Coupon System Premium, un outil robuste et dynamique, a \u00e9t\u00e9 m\u00e9ticuleusement con\u00e7u pour vous aider \u00e0 cr\u00e9er des campagnes de messagerie tr\u00e8s percutantes, ce qui entra\u00eene une augmentation importante des ventes de votre boutique en ligne estim\u00e9e. Les fonctionnalit\u00e9s sans pr\u00e9c\u00e9dent de ce plugin premium exceptionnel vous permettent de r\u00e9partir sans effort des codes de coupon m\u00e9ticuleusement cibl\u00e9s \u00e0 votre pr\u00e9cieux client rapports tr\u00e8s d\u00e9taill\u00e9s. De plus, ce plugin, en raison de sa nature inh\u00e9rente conviviale, est remarquablement facile \u00e0 naviguer, garantissant ainsi une exp\u00e9rience transparente et sans tracas pour ses utilisateurs. De plus, il offre \u00e9galement une vaste gamme de mod\u00e8les personnalisables, vous permettant ainsi de construire des e-mails visuellement \u00e9tonnants et esth\u00e9tiques qui captivent et engagent votre public excitant, les persuadant efficacement de faire un achat souhaitable. Regardless of whether you are a fledgling small business owner or an astute and seasoned marketer, it is undeniable that the indispensable YITH Coupon Email System Premium will undoubtedly prove to be an invaluable asset for anyone seeking to augment their sales figures and foster the exponential growth of leur entreprise naissante.<\/p>\n","protected":false},"featured_media":146366,"comment_status":"open","ping_status":"open","template":"","meta":[],"product_brand":[2487],"product_cat":[1182,1200,1181],"product_tag":[1437],"class_list":{"0":"post-106016","1":"product","2":"type-product","3":"status-publish","4":"has-post-thumbnail","6":"product_brand-yith","7":"product_cat-commerce-electronique-plugins","8":"product_cat-commercialisation","9":"product_cat-plugins","10":"product_tag-yith","11":"member-discount","12":"discount-restricted","14":"first","15":"instock","16":"sale","17":"downloadable","18":"virtual","19":"sold-individually","20":"purchasable","21":"product-type-simple"},"_links":{"self":[{"href":"https:\/\/gpl-love.com\/fr\/wp-json\/wp\/v2\/product\/106016","targetHints":{"allow":["GET"]}}],"collection":[{"href":"https:\/\/gpl-love.com\/fr\/wp-json\/wp\/v2\/product"}],"about":[{"href":"https:\/\/gpl-love.com\/fr\/wp-json\/wp\/v2\/types\/product"}],"replies":[{"embeddable":true,"href":"https:\/\/gpl-love.com\/fr\/wp-json\/wp\/v2\/comments?post=106016"}],"wp:featuredmedia":[{"embeddable":true,"href":"https:\/\/gpl-love.com\/fr\/wp-json\/wp\/v2\/media\/146366"}],"wp:attachment":[{"href":"https:\/\/gpl-love.com\/fr\/wp-json\/wp\/v2\/media?parent=106016"}],"wp:term":[{"taxonomy":"product_brand","embeddable":true,"href":"https:\/\/gpl-love.com\/fr\/wp-json\/wp\/v2\/product_brand?post=106016"},{"taxonomy":"product_cat","embeddable":true,"href":"https:\/\/gpl-love.com\/fr\/wp-json\/wp\/v2\/product_cat?post=106016"},{"taxonomy":"product_tag","embeddable":true,"href":"https:\/\/gpl-love.com\/fr\/wp-json\/wp\/v2\/product_tag?post=106016"}],"curies":[{"name":"wp","href":"https:\/\/api.w.org\/{rel}","templated":true}]}}