{"id":106014,"date":"2026-04-08T00:00:00","date_gmt":"2026-04-07T22:00:00","guid":{"rendered":"http:\/\/gpl-love.com\/fr\/product\/yith-woocommerce-comparer-premium\/"},"modified":"2026-05-10T06:31:28","modified_gmt":"2026-05-10T04:31:28","slug":"yith-woocommerce-compare-premium","status":"publish","type":"product","link":"https:\/\/gpl-love.com\/fr\/produit\/yith-woocommerce-compare-premium\/","title":{"rendered":"YITH Compare Premium 3.9.0"},"content":{"rendered":"<h3>YITH Compare Premium Traits<\/h3>\n<p>Le plugin Yith Compare Premium pour WordPress offre aux clients un outil tr\u00e8s robuste et efficace pour comparer divers produits disponibles dans une boutique en ligne. En tirant parti de ce puissant plugin, les clients peuvent acc\u00e9der et analyser sans effort les fonctionnalit\u00e9s, les prix et d&rsquo;autres sp\u00e9cifications de diff\u00e9rents produits, le tout dans un endroit pratique. Cette fonctionnalit\u00e9 aide grandement les clients \u00e0 prendre des d\u00e9cisions bien inform\u00e9es concernant leurs achats. De plus, le plugin Yith Compare Premium fournit un tableau d&rsquo;options de personnalisation, permettant aux propri\u00e9taires de magasins d&rsquo;adapter efficacement le tableau de comparaison pour r\u00e9pondre \u00e0 leurs besoins sp\u00e9cifiques. La nature conviviale de ce plugin garantit que les clients peuvent naviguer de mani\u00e8re transparente et utiliser ses fonctionnalit\u00e9s sur n&rsquo;importe quel appareil ou plate-forme. En outre, la compatibilit\u00e9 de Yith Comparez Premium avec une gamme diversifi\u00e9e de th\u00e8mes et de plugins WordPress accorde aux propri\u00e9taires de magasins la flexibilit\u00e9 et la polyvalence in\u00e9gal\u00e9es pour optimiser leur boutique en ligne en fonction de leurs pr\u00e9f\u00e9rences et besoins uniques.<\/p>\n<ul>\n<li>Permet aux clients de comparer les produits c\u00f4te \u00e0 c\u00f4te sur votre site Web<\/li>\n<li>Offre une interface conviviale pour une comparaison facile<\/li>\n<li>Options personnalisables pour la disposition et la conception du tableau de comparaison<\/li>\n<li>Permet la comparaison des produits illimit\u00e9s<\/li>\n<li>Permet aux clients d&rsquo;\u00e9conomiser leurs comparaisons pour r\u00e9f\u00e9rence future<\/li>\n<li>Option pour ajouter un bouton \u00abcomparer\u00bb aux pages de produits pour un acc\u00e8s rapide \u00e0 la fonction de comparaison<\/li>\n<li>Prend en charge divers types de produits, y compris des produits simples et variables<\/li>\n<li>Fournit des donn\u00e9es de comparaison d\u00e9taill\u00e9es telles que les prix, les notes et les sp\u00e9cifications du produit<\/li>\n<li>Am\u00e9liore l&rsquo;exp\u00e9rience client et la satisfaction en aidant \u00e0 prendre des d\u00e9cisions d&rsquo;achat \u00e9clair\u00e9es<\/li>\n<li>Compatible avec WooCommerce et d&rsquo;autres plates-formes de commerce \u00e9lectronique populaires.<\/li>\n<\/ul>\n","protected":false},"excerpt":{"rendered":"<p>Yith Compare Premium, un outil incroyablement robuste et puissant, est un atout indispensable pour les magasins en ligne visant \u00e0 acc\u00e9l\u00e9rer le processus d\u00e9cisionnel de leurs clients, tout en renfor\u00e7ant simultan\u00e9ment l&rsquo;engagement et en fin de compte de la conduite des ventes. En permettant de mani\u00e8re transparente aux utilisateurs de comparer sans effort de nombreux produits de mani\u00e8re c\u00f4te \u00e0 c\u00f4te, accentuant les disparit\u00e9s et les points communs cruciaux entre eux, ce plugin excelle vraiment. De plus, la nature personnalisable de cet outil riche en fonctionnalit\u00e9s permet aux utilisateurs d&rsquo;augmenter, \u00e9liminer ou r\u00e9organiser facilement les attributs comme souhait\u00e9, en plus de pr\u00e9senter ces comparaisons par le biais de tables visuellement attrayantes et informatives. En outre, ce plugin exceptionnel accorde aux utilisateurs la possibilit\u00e9 de sauver leurs comparaisons pour r\u00e9f\u00e9rence future, ajoutant une autre couche de commodit\u00e9 et de satisfaction \u00e0 leur exp\u00e9rience d&rsquo;achat. Embrassez l&rsquo;immense potentiel de Yith Comparez Premium et \u00e9levez les voyages d&rsquo;achat de vos clients \u00e0 des sommets sans pr\u00e9c\u00e9dent d&rsquo;illumination et de contentement.<\/p>\n","protected":false},"featured_media":146363,"comment_status":"open","ping_status":"closed","template":"","meta":[],"product_brand":[2487],"product_cat":[1183,1182,1181],"product_tag":[1437],"class_list":{"0":"post-106014","1":"product","2":"type-product","3":"status-publish","4":"has-post-thumbnail","6":"product_brand-yith","7":"product_cat-administration","8":"product_cat-commerce-electronique-plugins","9":"product_cat-plugins","10":"product_tag-yith","11":"member-discount","12":"discount-restricted","14":"first","15":"instock","16":"sale","17":"downloadable","18":"virtual","19":"sold-individually","20":"purchasable","21":"product-type-simple"},"_links":{"self":[{"href":"https:\/\/gpl-love.com\/fr\/wp-json\/wp\/v2\/product\/106014","targetHints":{"allow":["GET"]}}],"collection":[{"href":"https:\/\/gpl-love.com\/fr\/wp-json\/wp\/v2\/product"}],"about":[{"href":"https:\/\/gpl-love.com\/fr\/wp-json\/wp\/v2\/types\/product"}],"replies":[{"embeddable":true,"href":"https:\/\/gpl-love.com\/fr\/wp-json\/wp\/v2\/comments?post=106014"}],"wp:featuredmedia":[{"embeddable":true,"href":"https:\/\/gpl-love.com\/fr\/wp-json\/wp\/v2\/media\/146363"}],"wp:attachment":[{"href":"https:\/\/gpl-love.com\/fr\/wp-json\/wp\/v2\/media?parent=106014"}],"wp:term":[{"taxonomy":"product_brand","embeddable":true,"href":"https:\/\/gpl-love.com\/fr\/wp-json\/wp\/v2\/product_brand?post=106014"},{"taxonomy":"product_cat","embeddable":true,"href":"https:\/\/gpl-love.com\/fr\/wp-json\/wp\/v2\/product_cat?post=106014"},{"taxonomy":"product_tag","embeddable":true,"href":"https:\/\/gpl-love.com\/fr\/wp-json\/wp\/v2\/product_tag?post=106014"}],"curies":[{"name":"wp","href":"https:\/\/api.w.org\/{rel}","templated":true}]}}