{"id":106012,"date":"2026-04-08T00:00:00","date_gmt":"2026-04-07T22:00:00","guid":{"rendered":"http:\/\/gpl-love.com\/fr\/product\/yith-woocommerce-couleur-et-etiquettes-variations-premium\/"},"modified":"2026-05-10T06:31:27","modified_gmt":"2026-05-10T04:31:27","slug":"yith-woocommerce-color-and-label-variations-premium","status":"publish","type":"product","link":"https:\/\/gpl-love.com\/fr\/produit\/yith-woocommerce-color-and-label-variations-premium\/","title":{"rendered":"YITH Color et Label Variations Premium 3.18.0"},"content":{"rendered":"<h3>YITH Color et Label Variations Premium Traits<\/h3>\n<p>Le plugin Premium Variations Yith Color and Labels offre une solution robuste et compl\u00e8te pour les magasins en ligne cherchant \u00e0 pr\u00e9senter efficacement leur gamme de produits en incorporant les variations de couleur et d&rsquo;\u00e9tiquette. Ce plugin global permet aux propri\u00e9taires de magasins de g\u00e9n\u00e9rer sans effort des variations de leurs produits gr\u00e2ce \u00e0 l&rsquo;attribution de couleurs et d&rsquo;\u00e9tiquettes distinctes. Par cons\u00e9quent, ces variations peuvent \u00eatre pr\u00e9sent\u00e9es en \u00e9vidence sur la page du produit, facilitant les clients en percevant et en d\u00e9lib\u00e9rant sans effort la pl\u00e9thore des options disponibles. De plus, le plugin poss\u00e8de un outil de s\u00e9lecteur de couleurs innovant, permettant ainsi aux propri\u00e9taires de magasins de concevoir des couleurs sur mesure pour leurs produits. Compte tenu de ces fonctionnalit\u00e9s avantageuses, ce plugin appara\u00eet comme la quintessence de la perfection pour les magasins en ligne qui fournissent des marchandises dans les couleurs et les variations, car il rationalise consid\u00e9rablement la qu\u00eate du client pour leur produit souhait\u00e9.<\/p>\n<ul>\n<li>Fournit une interface conviviale pour g\u00e9rer les variations de couleurs et \u00e9tiqueter des produits dans votre boutique en ligne<\/li>\n<li>Vous permet d&rsquo;attribuer facilement diff\u00e9rentes couleurs et \u00e9tiquettes aux variations de produit pour que les clients puissent s\u00e9lectionner<\/li>\n<li>Vous permet de pr\u00e9senter vos variations de produit d&rsquo;une mani\u00e8re organis\u00e9e et visuellement attrayante<\/li>\n<li>Gave le temps et les efforts en autorisant l&rsquo;\u00e9dition en vrac et le t\u00e9l\u00e9chargement des variations<\/li>\n<li>Augmente la satisfaction des clients en offrant une exp\u00e9rience d&rsquo;achat plus personnalis\u00e9e et personnalisable<\/li>\n<li>Prend en charge plusieurs langues et est compatible avec tous les th\u00e8mes WordPress et les extensions WooCommerce<\/li>\n<li>Offre des fonctionnalit\u00e9s premium telles que les \u00e9chantillons d&rsquo;image, la prise en charge de l&rsquo;info-bulle et la possibilit\u00e9 de masquer les variations indisponibles<\/li>\n<li>Am\u00e9liore l&rsquo;optimisation des moteurs de recherche en cr\u00e9ant des URL uniques pour chaque page de variation de produit.<\/li>\n<\/ul>\n","protected":false},"excerpt":{"rendered":"<p>Les variations de couleur et d&rsquo;\u00e9tiquette de Yith sont un outil exceptionnel pour les propri\u00e9taires de magasins de commerce \u00e9lectronique cherchant \u00e0 am\u00e9liorer leurs variations de produits. En combinant une interface conviviale et des fonctionnalit\u00e9s simples \u00e0 naviguer, ce plugin vous permet d&rsquo;incorporer de nombreuses options de couleur et d&rsquo;\u00e9tiquette dans vos produits, simplifiant ainsi le processus d\u00e9cisionnel pour vos clients estim\u00e9s. De plus, le plugin est enti\u00e8rement personnalisable, vous offrant la possibilit\u00e9 de configurer vos variations conform\u00e9ment \u00e0 vos besoins commerciaux uniques. Que vous vous sp\u00e9cialisiez dans la vente de v\u00eatements, de produits \u00e0 domicile ou d&rsquo;\u00e9lectronique, les variations de couleur et d&rsquo;\u00e9tiquette Yith sont un atout pr\u00e9cieux pour faciliter une entreprise d&rsquo;achat plus rationalis\u00e9e et plus gratifiante pour votre client\u00e8le.<\/p>\n","protected":false},"featured_media":146362,"comment_status":"open","ping_status":"closed","template":"","meta":[],"product_brand":[2487],"product_cat":[1182,1223,1181],"product_tag":[1437],"class_list":{"0":"post-106012","1":"product","2":"type-product","3":"status-publish","4":"has-post-thumbnail","6":"product_brand-yith","7":"product_cat-commerce-electronique-plugins","8":"product_cat-personnalisation-commerce-electronique-plugins","9":"product_cat-plugins","10":"product_tag-yith","11":"member-discount","12":"discount-restricted","14":"first","15":"instock","16":"sale","17":"downloadable","18":"virtual","19":"sold-individually","20":"purchasable","21":"product-type-simple"},"_links":{"self":[{"href":"https:\/\/gpl-love.com\/fr\/wp-json\/wp\/v2\/product\/106012","targetHints":{"allow":["GET"]}}],"collection":[{"href":"https:\/\/gpl-love.com\/fr\/wp-json\/wp\/v2\/product"}],"about":[{"href":"https:\/\/gpl-love.com\/fr\/wp-json\/wp\/v2\/types\/product"}],"replies":[{"embeddable":true,"href":"https:\/\/gpl-love.com\/fr\/wp-json\/wp\/v2\/comments?post=106012"}],"wp:featuredmedia":[{"embeddable":true,"href":"https:\/\/gpl-love.com\/fr\/wp-json\/wp\/v2\/media\/146362"}],"wp:attachment":[{"href":"https:\/\/gpl-love.com\/fr\/wp-json\/wp\/v2\/media?parent=106012"}],"wp:term":[{"taxonomy":"product_brand","embeddable":true,"href":"https:\/\/gpl-love.com\/fr\/wp-json\/wp\/v2\/product_brand?post=106012"},{"taxonomy":"product_cat","embeddable":true,"href":"https:\/\/gpl-love.com\/fr\/wp-json\/wp\/v2\/product_cat?post=106012"},{"taxonomy":"product_tag","embeddable":true,"href":"https:\/\/gpl-love.com\/fr\/wp-json\/wp\/v2\/product_tag?post=106012"}],"curies":[{"name":"wp","href":"https:\/\/api.w.org\/{rel}","templated":true}]}}