{"id":106010,"date":"2025-09-29T00:00:00","date_gmt":"2025-09-28T22:00:00","guid":{"rendered":"http:\/\/gpl-love.com\/fr\/product\/yith-woocommerce-commander-gestionnaire-premium\/"},"modified":"2026-04-04T18:31:18","modified_gmt":"2026-04-04T16:31:18","slug":"yith-woocommerce-checkout-manager-premium","status":"publish","type":"product","link":"https:\/\/gpl-love.com\/fr\/produit\/yith-woocommerce-checkout-manager-premium\/","title":{"rendered":"YITH Checkout Manager Premium 1.50.0"},"content":{"rendered":"<h3>YITH Checkout Manager Premium Traits<\/h3>\n<p>Le plugin Premium de Checkout Manager Yith est un outil incroyablement robuste qui accorde aux propri\u00e9taires de magasins en ligne la possibilit\u00e9 d&rsquo;adapter et de personnaliser le processus de paiement de leur site Web \u00e0 leur go\u00fbt. En substance, ce plugin permet aux utilisateurs d&rsquo;incorporer, d&rsquo;\u00e9liminer ou de modifier sans effort les champs pr\u00e9sents sur la page de paiement, leur offrant ainsi un contr\u00f4le total sur toute l&rsquo;exp\u00e9rience de paiement. De plus, il pr\u00e9sente la possibilit\u00e9 de permettre ou d&rsquo;interdire le paiement des invit\u00e9s, ce qui donne aux propri\u00e9taires de magasins une libert\u00e9 compl\u00e8te de d\u00e9cider comment ils souhaitent que leurs clients se poursuivent par le processus de paiement. De plus, Yith Checkout Manager Premium offre l&rsquo;occasion unique d&rsquo;\u00e9tablir et d&rsquo;\u00e9tablir des champs de paiement personnalis\u00e9s, permettant ainsi aux propri\u00e9taires de magasins de recueillir des informations sp\u00e9cifiques de leurs clients qui sont essentiels \u00e0 leurs op\u00e9rations commerciales. Le plugin offre en outre la possibilit\u00e9 de configurer les r\u00e8gles de validation, garantissant que les donn\u00e9es fournies par les clients sont exactes et valides, \u00e9liminant ainsi toutes les erreurs ou inexactitudes potentielles. De plus, ce plugin exceptionnel poss\u00e8de une interface remarquablement conviviale qui est intuitive et facile \u00e0 naviguer, ce qui signifie que les propri\u00e9taires de magasins et les clients peuvent utiliser facilement ses fonctionnalit\u00e9s et ses fonctionnalit\u00e9s. En outre, il convient de noter que Yith Checkout Manager Premium prend en charge plusieurs langues, une fonctionnalit\u00e9 qui am\u00e9liore consid\u00e9rablement son accessibilit\u00e9 et sa convivialit\u00e9 pour une gamme diversifi\u00e9e d&rsquo;utilisateurs. En utilisant ce plugin in\u00e9gal\u00e9, les propri\u00e9taires de magasins en ligne peuvent am\u00e9liorer consid\u00e9rablement l&rsquo;exp\u00e9rience de paiement de leurs clients, conduisant \u00e0 une satisfaction accrue et, finalement, \u00e0 une augmentation des taux de conversion.<\/p>\n<ul>\n<li>Champs de paiement personnalis\u00e9s: Ajouter, supprimer ou modifier les champs pour cr\u00e9er une exp\u00e9rience de paiement unique et personnalis\u00e9e pour vos clients.<\/li>\n<li>Champs conditionnels: afficher ou masquer les champs de paiement en fonction de conditions sp\u00e9cifiques telles que la destination d&rsquo;exp\u00e9dition, le type de produit ou le r\u00f4le utilisateur.<\/li>\n<li>\u00c9tapes de paiement personnalis\u00e9es: Ajoutez des \u00e9tapes suppl\u00e9mentaires au processus de paiement et personnalisez l&rsquo;ordre des \u00e9tapes de paiement en fonction de vos pr\u00e9f\u00e9rences.<\/li>\n<li>V\u00e9rification en plusieurs \u00e9tapes: facilitez le processus de paiement en le d\u00e9composant en plusieurs \u00e9tapes et en affichant des indicateurs de progression.<\/li>\n<li>TVA \/ Fields Customs: Collectez les informations TVA ou Customs aupr\u00e8s des clients \u00e0 la caisse.<\/li>\n<li>Champs de remplissage automatiques: \u00e9conomisez le temps des clients en remplissant automatiquement des informations telles que leur adresse ou leur num\u00e9ro de t\u00e9l\u00e9phone \u00e0 l&rsquo;aide de la g\u00e9olocalisation ou des donn\u00e9es pr\u00e9c\u00e9demment saisies.<\/li>\n<li>D\u00e9tails de la commande modifiables: Permettez aux clients d&rsquo;apporter des modifications de derni\u00e8re minute \u00e0 leurs commandes telles que les quantit\u00e9s de produit, les options d&#8217;emballage des cadeaux ou les dates de livraison.<\/li>\n<li>Notifications par e-mail personnalis\u00e9es: Envoyez des e-mails personnalis\u00e9s aux clients avec des d\u00e9tails de commande sp\u00e9cifiques ou des opportunit\u00e9s de vente au sein.<\/li>\n<\/ul>\n","protected":false},"excerpt":{"rendered":"<p>Yith Checkout Manager Premium est un plugin de commerce \u00e9lectronique tr\u00e8s robuste et influent qui a \u00e9t\u00e9 m\u00e9ticuleusement con\u00e7u avec l&rsquo;intention d&rsquo;am\u00e9liorer et d&rsquo;optimiser le processus de paiement global de votre boutique en ligne. Cet outil exceptionnel vous donne la possibilit\u00e9 d&rsquo;adapter et de personnaliser sans effort votre page de paiement et ses champs associ\u00e9s, vous fournissant ainsi les moyens de rationaliser l&rsquo;ensemble du processus et d&rsquo;apaiser ensuite vos chiffres de vente. Notamment, ce plugin est \u00e9quip\u00e9 d&rsquo;une gamme d&rsquo;options intuitives et de mod\u00e8les pr\u00e9existants, le rendant ainsi incroyablement convivial et accessible aux personnes ayant divers degr\u00e9s d&rsquo;expertise technique. Par cons\u00e9quent, offrez des adieux aux jours de la navigation laborieuse \u00e0 travers des pages de paiement lourdes et lourdes, car le gestionnaire de caisse de Yith garantit une exp\u00e9rience client exceptionnelle et parfaitement immersive qui ne doit pas laisser une impression positive durable.<\/p>\n","protected":false},"featured_media":146361,"comment_status":"open","ping_status":"closed","template":"","meta":[],"product_brand":[2487],"product_cat":[1183,1182,1181],"product_tag":[1437],"class_list":{"0":"post-106010","1":"product","2":"type-product","3":"status-publish","4":"has-post-thumbnail","6":"product_brand-yith","7":"product_cat-administration","8":"product_cat-commerce-electronique-plugins","9":"product_cat-plugins","10":"product_tag-yith","11":"member-discount","12":"discount-restricted","14":"first","15":"instock","16":"sale","17":"downloadable","18":"virtual","19":"sold-individually","20":"purchasable","21":"product-type-simple"},"_links":{"self":[{"href":"https:\/\/gpl-love.com\/fr\/wp-json\/wp\/v2\/product\/106010","targetHints":{"allow":["GET"]}}],"collection":[{"href":"https:\/\/gpl-love.com\/fr\/wp-json\/wp\/v2\/product"}],"about":[{"href":"https:\/\/gpl-love.com\/fr\/wp-json\/wp\/v2\/types\/product"}],"replies":[{"embeddable":true,"href":"https:\/\/gpl-love.com\/fr\/wp-json\/wp\/v2\/comments?post=106010"}],"wp:featuredmedia":[{"embeddable":true,"href":"https:\/\/gpl-love.com\/fr\/wp-json\/wp\/v2\/media\/146361"}],"wp:attachment":[{"href":"https:\/\/gpl-love.com\/fr\/wp-json\/wp\/v2\/media?parent=106010"}],"wp:term":[{"taxonomy":"product_brand","embeddable":true,"href":"https:\/\/gpl-love.com\/fr\/wp-json\/wp\/v2\/product_brand?post=106010"},{"taxonomy":"product_cat","embeddable":true,"href":"https:\/\/gpl-love.com\/fr\/wp-json\/wp\/v2\/product_cat?post=106010"},{"taxonomy":"product_tag","embeddable":true,"href":"https:\/\/gpl-love.com\/fr\/wp-json\/wp\/v2\/product_tag?post=106010"}],"curies":[{"name":"wp","href":"https:\/\/api.w.org\/{rel}","templated":true}]}}