{"id":106008,"date":"2025-09-06T00:00:00","date_gmt":"2025-09-05T22:00:00","guid":{"rendered":"http:\/\/gpl-love.com\/fr\/product\/yith-woocommerce-categorie-accordeon-haut-de-gamme\/"},"modified":"2026-04-18T06:31:28","modified_gmt":"2026-04-18T04:31:28","slug":"yith-woocommerce-category-accordion-premium","status":"publish","type":"product","link":"https:\/\/gpl-love.com\/fr\/produit\/yith-woocommerce-category-accordion-premium\/","title":{"rendered":"YITH Category Accordion Premium 2.23.0"},"content":{"rendered":"<h3>YITH Category Accordion Premium Traits<\/h3>\n<p>La cat\u00e9gorie Yith Accordion Premium est un plugin WordPress exemplaire et convivial pour optimiser et am\u00e9liorer l&rsquo;exp\u00e9rience de navigation de vos pr\u00e9cieux clients. Son interface \u00e9l\u00e9gante et intuitive combine harmonieusement les fonctionnalit\u00e9s et l&rsquo;esth\u00e9tique, r\u00e9sultant en un menu de navigation de style accord\u00e9on qui facilite sans effort le processus de navigation et de filtrage dans votre vaste gamme de produits remarquables. Ce plugin remarquable poss\u00e8de une pl\u00e9thore d&rsquo;options personnalisables, vous permettant d&rsquo;adapter la conception et le sch\u00e9ma de couleurs pour s&rsquo;aligner parfaitement avec l&rsquo;identit\u00e9 de votre marque. De plus, vous pouvez incorporer sans effort des ic\u00f4nes personnalis\u00e9es et affiner le comportement de l&rsquo;accord\u00e9on pour r\u00e9pondre aux pr\u00e9f\u00e9rences uniques de votre client\u00e8le estim\u00e9e. La cerise sur le g\u00e2teau est sa r\u00e9activit\u00e9 impeccable, garantissant que l&rsquo;accord\u00e9on s&rsquo;adaptera et conservera son attrait visuel de mani\u00e8re transparente sur chaque appareil imaginable, que ce soit un bureau sophistiqu\u00e9 ou un t\u00e9l\u00e9phone mobile pratique. Sans aucun doute, la cat\u00e9gorie d&rsquo;accord\u00e9on de cat\u00e9gorie Yith est un outil indispensable et multiforme qu&rsquo;aucune boutique en ligne exigeante ne peut se permettre de n\u00e9gliger s&rsquo;ils aspirent \u00e0 \u00e9lever et \u00e0 enrichir l&rsquo;exp\u00e9rience de navigation de leurs clients \u00e0 des hauteurs sans pr\u00e9c\u00e9dent.<\/p>\n<ul>\n<li>Un plugin WordPress premium con\u00e7u pour am\u00e9liorer l&rsquo;exp\u00e9rience utilisateur des sites Web de commerce \u00e9lectronique.<\/li>\n<li>Cr\u00e9e un menu de style accord\u00e9on personnalisable pour les cat\u00e9gories de produits, ce qui rend la navigation plus conviviale.<\/li>\n<li>Permet aux utilisateurs d&rsquo;\u00e9largir et d&rsquo;effrayer les cat\u00e9gories, de fournir un acc\u00e8s rapide aux produits et de r\u00e9duire l&rsquo;encombrement sur la page.<\/li>\n<li>Prend en charge les cat\u00e9gories et sous-cat\u00e9gories illimit\u00e9es, garantissant que tous les produits peuvent \u00eatre facilement organis\u00e9s et accessibles.<\/li>\n<li>Comprend des options int\u00e9gr\u00e9es pour le style et la conception, permettant aux utilisateurs d&rsquo;int\u00e9grer de mani\u00e8re transparente le menu de l&rsquo;accord\u00e9on avec le th\u00e8me de leur site Web.<\/li>\n<li>Compatible avec les plateformes de commerce \u00e9lectronique populaires, y compris WooCommerce et les t\u00e9l\u00e9chargements num\u00e9riques faciles.<\/li>\n<li>Aide \u00e0 am\u00e9liorer le r\u00e9f\u00e9rencement en cr\u00e9ant une hi\u00e9rarchie claire des cat\u00e9gories de produits et en am\u00e9liorant la structure du site.<\/li>\n<li>Prend en charge plusieurs langues pour les sites Web mondiaux de commerce \u00e9lectronique.<\/li>\n<li>Offre une documentation compl\u00e8te et un support client pour une installation et un d\u00e9pannage faciles.<\/li>\n<li>Fournit une garantie de remboursement de 30 jours pour la satisfaction du client.<\/li>\n<\/ul>\n","protected":false},"excerpt":{"rendered":"<p>Yith Cat\u00e9gorie l&rsquo;accord\u00e9on Premium est un plugin exceptionnellement puissant et convivial qui vous offre la capacit\u00e9 de g\u00e9rer et d&rsquo;exposer efficacement les cat\u00e9gories sur votre site Web. Ce plugin vous permet de g\u00e9n\u00e9rer et d&rsquo;organiser sans effort des menus d&rsquo;accord\u00e9on dans l&rsquo;intention de pr\u00e9senter vos produits ou services de mani\u00e8re organis\u00e9e en fonction de leurs cat\u00e9gories respectives. L&rsquo;interface est remarquablement intuitive et la multitude d&rsquo;options de personnalisation avanc\u00e9es disponibles facilitent une exp\u00e9rience de navigation transparente pour les utilisateurs lorsqu&rsquo;ils parcourent les diff\u00e9rentes cat\u00e9gories de votre site, ce qui leur permet de localiser sans effort ce qu&rsquo;ils recherchent de mani\u00e8re rapide. Que vous soyez exploit\u00e9 une boutique de commerce \u00e9lectronique ou un site Web ax\u00e9 sur le contenu, Yith Cat\u00e9gorie l&rsquo;accord\u00e9on Premium sert de solution exemplaire pour augmenter l&rsquo;exp\u00e9rience utilisateur globale de votre site et stimuler une augmentation du trafic Web.<\/p>\n","protected":false},"featured_media":146360,"comment_status":"open","ping_status":"closed","template":"","meta":[],"product_brand":[2487],"product_cat":[1183,1182,1181],"product_tag":[1437],"class_list":{"0":"post-106008","1":"product","2":"type-product","3":"status-publish","4":"has-post-thumbnail","6":"product_brand-yith","7":"product_cat-administration","8":"product_cat-commerce-electronique-plugins","9":"product_cat-plugins","10":"product_tag-yith","11":"member-discount","12":"discount-restricted","14":"first","15":"instock","16":"sale","17":"downloadable","18":"virtual","19":"sold-individually","20":"purchasable","21":"product-type-simple"},"_links":{"self":[{"href":"https:\/\/gpl-love.com\/fr\/wp-json\/wp\/v2\/product\/106008","targetHints":{"allow":["GET"]}}],"collection":[{"href":"https:\/\/gpl-love.com\/fr\/wp-json\/wp\/v2\/product"}],"about":[{"href":"https:\/\/gpl-love.com\/fr\/wp-json\/wp\/v2\/types\/product"}],"replies":[{"embeddable":true,"href":"https:\/\/gpl-love.com\/fr\/wp-json\/wp\/v2\/comments?post=106008"}],"wp:featuredmedia":[{"embeddable":true,"href":"https:\/\/gpl-love.com\/fr\/wp-json\/wp\/v2\/media\/146360"}],"wp:attachment":[{"href":"https:\/\/gpl-love.com\/fr\/wp-json\/wp\/v2\/media?parent=106008"}],"wp:term":[{"taxonomy":"product_brand","embeddable":true,"href":"https:\/\/gpl-love.com\/fr\/wp-json\/wp\/v2\/product_brand?post=106008"},{"taxonomy":"product_cat","embeddable":true,"href":"https:\/\/gpl-love.com\/fr\/wp-json\/wp\/v2\/product_cat?post=106008"},{"taxonomy":"product_tag","embeddable":true,"href":"https:\/\/gpl-love.com\/fr\/wp-json\/wp\/v2\/product_tag?post=106008"}],"curies":[{"name":"wp","href":"https:\/\/api.w.org\/{rel}","templated":true}]}}