{"id":106006,"date":"2026-04-07T00:00:00","date_gmt":"2026-04-06T22:00:00","guid":{"rendered":"http:\/\/gpl-love.com\/fr\/product\/yith-woocommerce-catalogue-mode-haut-de-gamme\/"},"modified":"2026-05-10T06:31:24","modified_gmt":"2026-05-10T04:31:24","slug":"yith-woocommerce-catalog-mode-premium","status":"publish","type":"product","link":"https:\/\/gpl-love.com\/fr\/produit\/yith-woocommerce-catalog-mode-premium\/","title":{"rendered":"YITH Catalog Mode Premium 2.54.0"},"content":{"rendered":"<h3>YITH Catalog Mode Premium Traits<\/h3>\n<p>Yith Catalog Mode Premium est un plugin de commerce \u00e9lectronique remarquablement puissant qui accorde aux propri\u00e9taires de magasins en ligne la possibilit\u00e9 de cacher efficacement les prix, d&rsquo;ajouter aux boutons de la charrette ou \u00e0 tout autre \u00e9l\u00e9ments fonctionnels, et de pr\u00e9senter exclusivement leurs produits dans le but express de l&rsquo;exposition. Ce plugin accorde une exp\u00e9rience de navigation vraiment distinctive aux clients \u00e0 travers la cr\u00e9ation d&rsquo;une disposition de style catalogue qui pr\u00e9sente impeccablement des produits de mani\u00e8re visuellement \u00e9tonnante. De plus, il offre une nature hautement personnalisable, permettant ainsi aux utilisateurs de s\u00e9lectionner les \u00e9l\u00e9ments sp\u00e9cifiques qu&rsquo;ils souhaitent afficher ou cacher sur leurs pages de produits respectives. Sans aucun doute, le mode de catalogue Yith Premium repr\u00e9sente la solution par excellence pour les entreprises cherchant \u00e0 construire un catalogue en ligne poli et professionnel qui facilite sans effort la navigation et la compr\u00e9hension. En outre, il poss\u00e8de un tableau de fonctionnalit\u00e9s avanc\u00e9es, englobant l&rsquo;option pour incorporer un formulaire d&rsquo;enqu\u00eate, la possibilit\u00e9 d&rsquo;adapter le texte du bouton \u00ab\u00a0Ajouter au panier\u00a0\u00bb, et bien plus encore. Ergo, pour ceux qui souhaitent approuver leurs marchandises d\u00e9pourvus de la pression de vendre, ce plugin est la panac\u00e9e ultime.<\/p>\n<ul>\n<li>Active le mode catalogue pour la boutique en ligne WooCommerce<\/li>\n<li>Permet aux clients d&rsquo;afficher les produits sans l&rsquo;option d&rsquo;achat<\/li>\n<li>Permet aux propri\u00e9taires de magasins de masquer les prix et d&rsquo;ajouter aux boutons de la chariot<\/li>\n<li>Possibilit\u00e9 de personnaliser les messages sur les prix cach\u00e9s et d&rsquo;ajouter aux boutons de la chariot<\/li>\n<li>Option pour masquer des cat\u00e9gories de produits ou des produits individuels sp\u00e9cifiques<\/li>\n<li>Prend en charge les variations de produits et les attributs personnalis\u00e9s<\/li>\n<li>Compatible avec tous les th\u00e8mes et plugins WordPress<\/li>\n<li>Facile \u00e0 installer et \u00e0 configurer avec une interface conviviale<\/li>\n<li>Aide \u00e0 accro\u00eetre l&rsquo;engagement des clients et \u00e0 r\u00e9duire l&rsquo;abandon des paniers<\/li>\n<li>Versions gratuites et premium disponibles avec des fonctionnalit\u00e9s suppl\u00e9mentaires en version premium.<\/li>\n<\/ul>\n","protected":false},"excerpt":{"rendered":"<p>Le mode de catalogue Yith Premium est un outil incroyablement robuste et puissant qui sert d&rsquo;attention inestimable pour les entreprises en ligne aspirant \u00e0 cacher les prix et \u00e0 mettre en \u0153uvre un mode de catalogue sur leur site Web. En incorporant ce plugin remarquable, vous acqu\u00e9rez la capacit\u00e9 exceptionnelle pour pr\u00e9senter votre pl\u00e9thore de produits sans la pr\u00e9sence d&rsquo;un bouton Ajouter au panier, ce qui en fait une solution id\u00e9ale pour les entreprises qui traitent uniquement les commandes par le biais de la d\u00e9livrance de devis. Avec ses alternatives de personnalisation sans effort et la caract\u00e9ristique remarquable de l&rsquo;ajout d&rsquo;un message sur mesure \u00e0 votre mode de catalogue estim\u00e9, vous pouvez garantir sans effort que votre client\u00e8le estim\u00e9e savoure une exp\u00e9rience de navigation sans pr\u00e9c\u00e9dent et harmonieuse. Pascez pas de temps et acqu\u00e9rir instantan\u00e9ment le mode catalogue Yith pour rationaliser et optimiser votre emporium en ligne estim\u00e9 sans retard.<\/p>\n","protected":false},"featured_media":146359,"comment_status":"open","ping_status":"closed","template":"","meta":[],"product_brand":[2487],"product_cat":[1182,1223,1181],"product_tag":[1437],"class_list":{"0":"post-106006","1":"product","2":"type-product","3":"status-publish","4":"has-post-thumbnail","6":"product_brand-yith","7":"product_cat-commerce-electronique-plugins","8":"product_cat-personnalisation-commerce-electronique-plugins","9":"product_cat-plugins","10":"product_tag-yith","11":"member-discount","12":"discount-restricted","14":"first","15":"instock","16":"sale","17":"downloadable","18":"virtual","19":"sold-individually","20":"purchasable","21":"product-type-simple"},"_links":{"self":[{"href":"https:\/\/gpl-love.com\/fr\/wp-json\/wp\/v2\/product\/106006","targetHints":{"allow":["GET"]}}],"collection":[{"href":"https:\/\/gpl-love.com\/fr\/wp-json\/wp\/v2\/product"}],"about":[{"href":"https:\/\/gpl-love.com\/fr\/wp-json\/wp\/v2\/types\/product"}],"replies":[{"embeddable":true,"href":"https:\/\/gpl-love.com\/fr\/wp-json\/wp\/v2\/comments?post=106006"}],"wp:featuredmedia":[{"embeddable":true,"href":"https:\/\/gpl-love.com\/fr\/wp-json\/wp\/v2\/media\/146359"}],"wp:attachment":[{"href":"https:\/\/gpl-love.com\/fr\/wp-json\/wp\/v2\/media?parent=106006"}],"wp:term":[{"taxonomy":"product_brand","embeddable":true,"href":"https:\/\/gpl-love.com\/fr\/wp-json\/wp\/v2\/product_brand?post=106006"},{"taxonomy":"product_cat","embeddable":true,"href":"https:\/\/gpl-love.com\/fr\/wp-json\/wp\/v2\/product_cat?post=106006"},{"taxonomy":"product_tag","embeddable":true,"href":"https:\/\/gpl-love.com\/fr\/wp-json\/wp\/v2\/product_tag?post=106006"}],"curies":[{"name":"wp","href":"https:\/\/api.w.org\/{rel}","templated":true}]}}