{"id":106004,"date":"2026-04-07T00:00:00","date_gmt":"2026-04-06T22:00:00","guid":{"rendered":"http:\/\/gpl-love.com\/fr\/product\/yith-woocommerce-panier-messages-haut-de-gamme\/"},"modified":"2026-05-10T06:31:23","modified_gmt":"2026-05-10T04:31:23","slug":"yith-woocommerce-cart-messages-premium","status":"publish","type":"product","link":"https:\/\/gpl-love.com\/fr\/produit\/yith-woocommerce-cart-messages-premium\/","title":{"rendered":"YITH Cart Messages Premium 1.61.0"},"content":{"rendered":"<h3>YITH Cart Messages Premium Traits<\/h3>\n<p>Yith Cart Messages Premium est un outil remarquablement puissant qui permet aux propri\u00e9taires de magasins en ligne de g\u00e9n\u00e9rer des messages sur mesure pour leur client\u00e8le tout au long du processus de paiement. Au moyen de ce plugin exceptionnel, vous poss\u00e9dez la capacit\u00e9 de modeler sans effort des messages personnalis\u00e9s qui informent les clients de promotions lucratives, des alternatives d&rsquo;exp\u00e9dition viables, des modes de paiement accept\u00e9s et toute autre information pertinente qui justifie leur attention. Le plugin offre une gamme \u00e9tendue d&rsquo;options de personnalisation, s&rsquo;adressant \u00e0 une multitude de pr\u00e9f\u00e9rences, et Proffers une vaste gamme de mod\u00e8les pr\u00e9-con\u00e7us \u00e0 partir desquels se coince de votre marque estim\u00e9e. De plus, le plugin fournit des analyses exhaustives, qui \u00e0 leur tour facilitent la surveillance astucieuse des performances de chaque message, vous permettant de faire affiner de mani\u00e8re optimale votre processus de paiement comme appropri\u00e9. Gr\u00e2ce aux contributions inestimables de la prime des messages de Yith CART, vous pouvez \u00e9lever la qualit\u00e9 des exp\u00e9riences de vos clients, augmenter les taux de conversion et, finalement, propulser votre entreprise \u00e0 des hauteurs de prosp\u00e9rit\u00e9 sans pr\u00e9c\u00e9dent.<\/p>\n<ul>\n<li>Permet d&rsquo;afficher les messages personnalis\u00e9s dans le chariot ou la page de paiement<\/li>\n<li>Option pour s\u00e9lectionner le type de message affich\u00e9 (succ\u00e8s, erreur ou pr\u00e9avis)<\/li>\n<li>Possibilit\u00e9 d&rsquo;afficher des messages en fonction de la valeur sp\u00e9cifique des produits, de la cat\u00e9gorie ou de la chariot<\/li>\n<li>Permet l&rsquo;ajout de liens ou de boutons dans le message pour une personnalisation suppl\u00e9mentaire<\/li>\n<li>Option pour afficher des messages dans diff\u00e9rentes langues en fonction de l&#8217;emplacement du client<\/li>\n<li>Fournit la possibilit\u00e9 de cr\u00e9er diff\u00e9rents messages pour diff\u00e9rents groupes de clients<\/li>\n<li>Facile \u00e0 installer et \u00e0 personnaliser<\/li>\n<li>Compatible avec les plateformes de commerce \u00e9lectronique WordPress populaires telles que WooCommerce<\/li>\n<li>Offre une meilleure exp\u00e9rience d&rsquo;achat aux clients en communiquant des d\u00e9tails importants<\/li>\n<\/ul>\n","protected":false},"excerpt":{"rendered":"<p>Yith Cart Messages Premium est un instrument exceptionnellement puissant et efficace qui permet aux propri\u00e9taires de magasins Web de fabriquer et de pr\u00e9senter des messages sur mesure pour leurs clients estim\u00e9s. Cet outil remarquable vous permet d&rsquo;informer les clients de promotions en cours ou d&rsquo;offres exclusives, de proposer des recommandations pour les produits compl\u00e9mentaires et de rappeler un doux rappel concernant les d\u00e9tails vitaux concernant leur commande. Ces messages se manifestent dans une fen\u00eatre popup esth\u00e9tiquement agr\u00e9able, qui peut \u00eatre adapt\u00e9e \u00e0 l&rsquo;alignement de mani\u00e8re transparente avec et refl\u00e9ter l&rsquo;essence unique de votre marque. Yith Cart Messages Premium est soigneusement organis\u00e9 avec l&rsquo;objectif global d&rsquo;augmenter l&rsquo;interactivit\u00e9 des clients et d&rsquo;augmenter vos taux de conversion, de le rendre indispensable pour tout propri\u00e9taire de magasin en ligne exigeant et engag\u00e9.<\/p>\n","protected":false},"featured_media":146358,"comment_status":"open","ping_status":"closed","template":"","meta":[],"product_brand":[2487],"product_cat":[1182,1200,1181],"product_tag":[1437],"class_list":{"0":"post-106004","1":"product","2":"type-product","3":"status-publish","4":"has-post-thumbnail","6":"product_brand-yith","7":"product_cat-commerce-electronique-plugins","8":"product_cat-commercialisation","9":"product_cat-plugins","10":"product_tag-yith","11":"member-discount","12":"discount-restricted","14":"first","15":"instock","16":"sale","17":"downloadable","18":"virtual","19":"sold-individually","20":"purchasable","21":"product-type-simple"},"_links":{"self":[{"href":"https:\/\/gpl-love.com\/fr\/wp-json\/wp\/v2\/product\/106004","targetHints":{"allow":["GET"]}}],"collection":[{"href":"https:\/\/gpl-love.com\/fr\/wp-json\/wp\/v2\/product"}],"about":[{"href":"https:\/\/gpl-love.com\/fr\/wp-json\/wp\/v2\/types\/product"}],"replies":[{"embeddable":true,"href":"https:\/\/gpl-love.com\/fr\/wp-json\/wp\/v2\/comments?post=106004"}],"wp:featuredmedia":[{"embeddable":true,"href":"https:\/\/gpl-love.com\/fr\/wp-json\/wp\/v2\/media\/146358"}],"wp:attachment":[{"href":"https:\/\/gpl-love.com\/fr\/wp-json\/wp\/v2\/media?parent=106004"}],"wp:term":[{"taxonomy":"product_brand","embeddable":true,"href":"https:\/\/gpl-love.com\/fr\/wp-json\/wp\/v2\/product_brand?post=106004"},{"taxonomy":"product_cat","embeddable":true,"href":"https:\/\/gpl-love.com\/fr\/wp-json\/wp\/v2\/product_cat?post=106004"},{"taxonomy":"product_tag","embeddable":true,"href":"https:\/\/gpl-love.com\/fr\/wp-json\/wp\/v2\/product_tag?post=106004"}],"curies":[{"name":"wp","href":"https:\/\/api.w.org\/{rel}","templated":true}]}}