{"id":106002,"date":"2025-08-08T00:00:00","date_gmt":"2025-08-07T22:00:00","guid":{"rendered":"http:\/\/gpl-love.com\/fr\/product\/yith-woocommerce-en-vrac-modification-des-produits-haut-de-gamme\/"},"modified":"2026-04-18T06:31:25","modified_gmt":"2026-04-18T04:31:25","slug":"yith-woocommerce-bulk-product-editing-premium","status":"publish","type":"product","link":"https:\/\/gpl-love.com\/fr\/produit\/yith-woocommerce-bulk-product-editing-premium\/","title":{"rendered":"YITH Bulk Product Editing Premium 3.20.0"},"content":{"rendered":"<h3>YITH Bulk Product Editing Premium Traits<\/h3>\n<p>Le Yith Bulk Product Editor Premium est un instrument extr\u00eamement puissant qui accorde aux utilisateurs la possibilit\u00e9 d&rsquo;administrer et de r\u00e9viser habilement leur vaste gamme de produits WooCommerce. Ce plugin de qualit\u00e9 sup\u00e9rieure accorde aux utilisateurs la capacit\u00e9 remarquable pour adopter sans effort des modifications aux d\u00e9tails des produits pivots, y compris, mais sans s&rsquo;y limiter, le prix, les actions, les cat\u00e9gories et un assortiment d&rsquo;autres aspects pertinents, le tout de la commodit\u00e9 d&rsquo;une page singuli\u00e8re. De plus, les utilisateurs ont la libert\u00e9 d&rsquo;adapter leurs champs de produits pour s&rsquo;assurer qu&rsquo;ils manipulent uniquement les informations qui ont la plus grande importance pour leur entreprise. L&rsquo;interface tr\u00e8s conviviale et la conception inn\u00e9e de ce plugin le rendent accessible aux particuliers de diverses prouesses techniques. En vertu de la PRODUIT YITH BULK \u00c9dition Premium, les ressources temporelles de l&rsquo;EI peuvent \u00eatre conserv\u00e9es tout en rationalisant simultan\u00e9ment le processus complexe de gestion des produits, permettant ainsi aux entrepreneurs \u00e0 allouer leurs efforts pour favoriser l&rsquo;expansion de leurs efforts commerciaux.<\/p>\n<ul>\n<li>Permet aux utilisateurs de modifier plusieurs produits \u00e0 la fois<\/li>\n<li>Propose une interface conviviale pour une modification facile<\/li>\n<li>Fournit divers champs pour l&rsquo;\u00e9dition, y compris les prix, les descriptions, les images et plus encore<\/li>\n<li>Permet l&rsquo;addition ou la suppression des cat\u00e9gories de produits et des balises en vrac<\/li>\n<li>Options avanc\u00e9es de recherche et de filtrage pour trouver des produits sp\u00e9cifiques pour l&rsquo;\u00e9dition<\/li>\n<li>Compatible avec tous les th\u00e8mes WordPress et les installations WooCommerce<\/li>\n<li>\u00c9conomise du temps et des efforts en rationalisant le processus d&rsquo;\u00e9dition de produit<\/li>\n<li>Fournit un journal d&rsquo;activit\u00e9s d\u00e9taill\u00e9 pour suivre les modifications apport\u00e9es aux produits<\/li>\n<li>S&rsquo;int\u00e8gre avec des plugins et des outils tiers pour encore plus de fonctionnalit\u00e9s<\/li>\n<li>R\u00e9guli\u00e8rement mis \u00e0 jour avec de nouvelles fonctionnalit\u00e9s et am\u00e9liorations pour am\u00e9liorer l&rsquo;exp\u00e9rience utilisateur.<\/li>\n<\/ul>\n","protected":false},"excerpt":{"rendered":"<p>Yith Bulk Product Editor Premium est une ressource incroyablement puissante et influente sp\u00e9cialement con\u00e7ue pour r\u00e9pondre aux besoins des propri\u00e9taires de magasins de commerce \u00e9lectronique qui se trouvent dans un besoin urgent de gestion rapide et efficace et de mise \u00e0 jour de leur inventaire de produits \u00e9tendu. Ce plugin extraordinaire propose une gamme de capacit\u00e9s extraordinaires, vous permettant de mener sans effort des op\u00e9rations en vrac, englobant la possibilit\u00e9 de modifier les prix ou des descriptions habilement, d&rsquo;incorporer de mani\u00e8re transparente les cat\u00e9gories de produits et les balises, ainsi que de modifier sans effort l&rsquo;\u00e9tat de vos produits, le tout en un Fell Swoop, vous \u00e9conomisant finalement un temps substantiel qui serait autrement consomm\u00e9 par des efforts monotones et laborieux. B\u00e9n\u00e9ficiant d&rsquo;une interface qui est remarquablement conviviale et de mod\u00e8les qui peuvent \u00eatre commod\u00e9ment adapt\u00e9s \u00e0 vos pr\u00e9f\u00e9rences uniques, cet ing\u00e9nieux outil rend effectivement la gestion de vos produits une brise absolue. De plus, la capacit\u00e9 in\u00e9gal\u00e9e de planifier des mises \u00e0 jour garantit que vous conservez le contr\u00f4le et la plus grande commodit\u00e9, car vous avez la libert\u00e9 d&rsquo;ex\u00e9cuter des modifications \u00e0 un moment qui vous convient le mieux. En embrassant Yith Bulk Product Editor Premium, vous vous lancez par cons\u00e9quent dans un voyage stimulant pour am\u00e9liorer la productivit\u00e9 de votre estimation du magasin de commerce \u00e9lectronique, tout en rationalisant simultan\u00e9ment le processus autrement ardu de la gestion des produits.<\/p>\n","protected":false},"featured_media":146357,"comment_status":"open","ping_status":"closed","template":"","meta":[],"product_brand":[2487],"product_cat":[1183,1182,1181],"product_tag":[1437],"class_list":{"0":"post-106002","1":"product","2":"type-product","3":"status-publish","4":"has-post-thumbnail","6":"product_brand-yith","7":"product_cat-administration","8":"product_cat-commerce-electronique-plugins","9":"product_cat-plugins","10":"product_tag-yith","11":"member-discount","12":"discount-restricted","14":"first","15":"instock","16":"sale","17":"downloadable","18":"virtual","19":"sold-individually","20":"purchasable","21":"product-type-simple"},"_links":{"self":[{"href":"https:\/\/gpl-love.com\/fr\/wp-json\/wp\/v2\/product\/106002","targetHints":{"allow":["GET"]}}],"collection":[{"href":"https:\/\/gpl-love.com\/fr\/wp-json\/wp\/v2\/product"}],"about":[{"href":"https:\/\/gpl-love.com\/fr\/wp-json\/wp\/v2\/types\/product"}],"replies":[{"embeddable":true,"href":"https:\/\/gpl-love.com\/fr\/wp-json\/wp\/v2\/comments?post=106002"}],"wp:featuredmedia":[{"embeddable":true,"href":"https:\/\/gpl-love.com\/fr\/wp-json\/wp\/v2\/media\/146357"}],"wp:attachment":[{"href":"https:\/\/gpl-love.com\/fr\/wp-json\/wp\/v2\/media?parent=106002"}],"wp:term":[{"taxonomy":"product_brand","embeddable":true,"href":"https:\/\/gpl-love.com\/fr\/wp-json\/wp\/v2\/product_brand?post=106002"},{"taxonomy":"product_cat","embeddable":true,"href":"https:\/\/gpl-love.com\/fr\/wp-json\/wp\/v2\/product_cat?post=106002"},{"taxonomy":"product_tag","embeddable":true,"href":"https:\/\/gpl-love.com\/fr\/wp-json\/wp\/v2\/product_tag?post=106002"}],"curies":[{"name":"wp","href":"https:\/\/api.w.org\/{rel}","templated":true}]}}